{"id":5363,"date":"2025-08-01T05:44:20","date_gmt":"2025-08-01T09:44:20","guid":{"rendered":"https:\/\/milesopedia.us\/a-propos-de-milesopedia-usa\/"},"modified":"2025-09-01T09:44:26","modified_gmt":"2025-09-01T13:44:26","slug":"a-propos","status":"publish","type":"page","link":"https:\/\/milesopedia.us\/fr\/a-propos\/","title":{"rendered":"\u00c0 propos de milesopedia USA"},"content":{"rendered":"\n<p>Milesopedia a commenc\u00e9 son parcours en <strong>2015<\/strong> avec le lancement de <strong><a href=\"https:\/\/milesopedia.com\" target=\"_blank\">Milesopedia Canada<\/a><\/strong>, pionnier dans la couverture bilingue (fran\u00e7ais-anglais) des programmes de fid\u00e9lit\u00e9 et des cartes de cr\u00e9dit. <\/p>\n\n<p>D\u00e9but <strong>2025<\/strong>, nous nous sommes \u00e9tendus en Europe avec <strong><a href=\"https:\/\/milesopedia.fr\" target=\"_blank\">Milesopedia France<\/a><\/strong>, l&rsquo;unique site fran\u00e7ais consacr\u00e9 exclusivement \u00e0 ces sujets, et en <strong>2025<\/strong>, nous avons lanc\u00e9 <strong><a href=\"https:\/\/milesopedia.us\/fr\/\">Milesopedia USA<\/a><\/strong>, la seule ressource bilingue fran\u00e7ais-anglais aux \u00c9tats-Unis.<\/p>\n\n<p>\u00c0 travers nos trois sites, nous sommes devenus une \u00e9quipe d&rsquo;environ <strong>vingt sp\u00e9cialistes d\u00e9vou\u00e9s<\/strong> \u2014 r\u00e9dacteurs voyage, experts en finance et passionn\u00e9s de technologie \u2014 strat\u00e9giquement bas\u00e9s au Canada, aux \u00c9tats-Unis et en France.<\/p>\n\n<p>Chez Milesopedia USA, nous croyons que chaque mile raconte une histoire. Notre mission est d&rsquo;accompagner les voyageurs am\u00e9ricains \u2014 qu&rsquo;ils soient adeptes du road trip, voyageurs d&rsquo;affaires ou aventuriers globe-trotteurs \u2014 avec les derni\u00e8res informations approfondies sur les programmes de fid\u00e9lit\u00e9, les astuces pour accumuler des miles et les r\u00e9compenses voyage. Nous analysons d&rsquo;innombrables offres de cartes de cr\u00e9dit, alliances a\u00e9riennes et partenariats h\u00f4teliers pour vous, afin de vous offrir des conseils clairs et pratiques pour maximiser la valeur de chaque voyage.  <\/p>\n\n<p>Sur Milesopedia USA, nous nous sp\u00e9cialisons dans les modes de vie uniques des voyageurs entre le Canada, les \u00c9tats-Unis et la France&nbsp;:<\/p>\n\n<div class=\"component component__list checkmarks\"><ul class=\"wp-block-list is-style-checkmarks\">\n<li>Les <strong>snowbirds<\/strong> qui fuient l&rsquo;hiver entre le Canada et les \u00c9tats-Unis.<\/li>\n\n\n\n<li>Les <strong>entrepreneurs<\/strong> qui g\u00e8rent leurs voyages d&rsquo;affaires transfrontaliers et leurs avantages de fid\u00e9lit\u00e9<\/li>\n\n\n\n<li>Les <strong>grands voyageurs<\/strong> qui \u00e9quilibrent les routes transatlantiques avec les aventures en road-trip domestiques<\/li>\n<\/ul><\/div>\n\n<p>Notre \u00e9quipe d&rsquo;experts collabore pour vous apporter&nbsp;:<\/p>\n\n<div class=\"component component__list checkmarks\"><ul class=\"wp-block-list is-style-checkmarks\">\n<li><strong>Guides complets&nbsp;:<\/strong> Des explications \u00e9tape par \u00e9tape sur les strat\u00e9gies de miles a\u00e9riens, les \u00e9changes de points h\u00f4teliers et les avantages de location de voitures.<\/li>\n\n\n\n<li><strong>Alertes&nbsp;:<\/strong> Des notifications sur les bonus d&rsquo;inscription \u00e0 dur\u00e9e limit\u00e9e, les promotions tarifaires et les changements de programme \u2014 pour ne manquer aucune opportunit\u00e9.<\/li>\n\n\n\n<li><strong>Perspectives communautaires&nbsp;:<\/strong> Une communaut\u00e9 priv\u00e9e dynamique o\u00f9 les voyageurs partagent leurs r\u00e9ussites, conseils et r\u00e9cits de voyage.<\/li>\n<\/ul><\/div>\n\n<p>L&rsquo;int\u00e9grit\u00e9 et la transparence sont au c\u0153ur de tout ce que nous faisons. Nous publions des critiques impartiales, divulguons nos partenariats ou relations d&rsquo;affiliation, et testons rigoureusement chaque outil et tactique que nous recommandons. Notre objectif est simple&nbsp;: transformer des syst\u00e8mes de r\u00e9compenses complexes en solutions \u00e9conomiques simples que tout le monde peut utiliser.  <\/p>\n\n<p>Que vous planifiiez un road trip \u00e0 travers le pays, visiez un statut \u00e9lite dans les airs, ou cherchiez \u00e0 rendre vos d\u00e9placements quotidiens plus gratifiants, Milesopedia USA est votre compagnon de confiance. Rejoignez-nous et commencez \u00e0 faire compter chaque mile. <\/p>","protected":false},"excerpt":{"rendered":"<p>Milesopedia a commenc\u00e9 son parcours en 2015 avec le lancement de Milesopedia Canada, pionnier dans la couverture bilingue (fran\u00e7ais-anglais) des programmes de fid\u00e9lit\u00e9 et des cartes de cr\u00e9dit. D\u00e9but 2025, nous nous sommes \u00e9tendus en Europe avec Milesopedia France, l&rsquo;unique site fran\u00e7ais consacr\u00e9 exclusivement \u00e0 ces sujets, et en 2025, nous avons lanc\u00e9 Milesopedia USA, [&hellip;]<\/p>","protected":false},"author":2,"featured_media":0,"parent":0,"menu_order":0,"comment_status":"closed","ping_status":"closed","template":"","meta":{"_acf_changed":false,"_relevanssi_hide_post":"","_relevanssi_hide_content":"","_relevanssi_pin_for_all":"","_relevanssi_pin_keywords":"","_relevanssi_unpin_keywords":"","_relevanssi_related_keywords":"","_relevanssi_related_include_ids":"","_relevanssi_related_exclude_ids":"","_relevanssi_related_no_append":"","_relevanssi_related_not_related":"","_relevanssi_related_posts":"","_relevanssi_noindex_reason":"","footnotes":""},"tags":[],"mc_loyalty_program":[],"class_list":["post-5363","page","type-page","status-publish","hentry"],"acf":[],"yoast_head":"<!-- This site is optimized with the Yoast SEO plugin v27.4 - https:\/\/yoast.com\/product\/yoast-seo-wordpress\/ -->\n<title>\u00c0 propos de milesopedia USA | Milesopedia USA<\/title>\n<meta name=\"robots\" content=\"index, follow, max-snippet:-1, max-image-preview:large, max-video-preview:-1\" \/>\n<link rel=\"canonical\" href=\"https:\/\/milesopedia.us\/fr\/a-propos\/\" \/>\n<meta property=\"og:locale\" content=\"fr_FR\" \/>\n<meta property=\"og:type\" content=\"article\" \/>\n<meta property=\"og:title\" content=\"\u00c0 propos de milesopedia USA | Milesopedia USA\" \/>\n<meta property=\"og:description\" content=\"Milesopedia a commenc\u00e9 son parcours en 2015 avec le lancement de Milesopedia Canada, pionnier dans la couverture bilingue (fran\u00e7ais-anglais) des programmes de fid\u00e9lit\u00e9 et des cartes de cr\u00e9dit. D\u00e9but 2025, nous nous sommes \u00e9tendus en Europe avec Milesopedia France, l&rsquo;unique site fran\u00e7ais consacr\u00e9 exclusivement \u00e0 ces sujets, et en 2025, nous avons lanc\u00e9 Milesopedia USA, [&hellip;]\" \/>\n<meta property=\"og:url\" content=\"https:\/\/milesopedia.us\/fr\/a-propos\/\" \/>\n<meta property=\"og:site_name\" content=\"Milesopedia USA\" \/>\n<meta property=\"article:publisher\" content=\"https:\/\/www.facebook.com\/milesopedia.usa\" \/>\n<meta property=\"article:modified_time\" content=\"2025-09-01T13:44:26+00:00\" \/>\n<meta property=\"og:image\" content=\"https:\/\/milesopedia.us\/wp-content\/uploads\/2025\/07\/Meilleures-offres-cartes_1024x538.jpg\" \/>\n\t<meta property=\"og:image:width\" content=\"1024\" \/>\n\t<meta property=\"og:image:height\" content=\"538\" \/>\n\t<meta property=\"og:image:type\" content=\"image\/jpeg\" \/>\n<meta name=\"twitter:card\" content=\"summary_large_image\" \/>\n<meta name=\"twitter:label1\" content=\"Dur\u00e9e de lecture estim\u00e9e\" \/>\n\t<meta name=\"twitter:data1\" content=\"2 minutes\" \/>\n<script type=\"application\/ld+json\" class=\"yoast-schema-graph\">{\"@context\":\"https:\\\/\\\/schema.org\",\"@graph\":[{\"@type\":\"WebPage\",\"@id\":\"https:\\\/\\\/milesopedia.us\\\/fr\\\/a-propos\\\/\",\"url\":\"https:\\\/\\\/milesopedia.us\\\/fr\\\/a-propos\\\/\",\"name\":\"\u00c0 propos de milesopedia USA | Milesopedia USA\",\"isPartOf\":{\"@id\":\"https:\\\/\\\/milesopedia.us\\\/fr\\\/#website\"},\"datePublished\":\"2025-08-01T09:44:20+00:00\",\"dateModified\":\"2025-09-01T13:44:26+00:00\",\"inLanguage\":\"fr-FR\",\"potentialAction\":[{\"@type\":\"ReadAction\",\"target\":[\"https:\\\/\\\/milesopedia.us\\\/fr\\\/a-propos\\\/\"]}]},{\"@type\":\"WebSite\",\"@id\":\"https:\\\/\\\/milesopedia.us\\\/fr\\\/#website\",\"url\":\"https:\\\/\\\/milesopedia.us\\\/fr\\\/\",\"name\":\"Milesopedia USA\",\"description\":\"Loyalty Programs &amp; Credit Cards\",\"publisher\":{\"@id\":\"https:\\\/\\\/milesopedia.us\\\/fr\\\/#organization\"},\"potentialAction\":[{\"@type\":\"SearchAction\",\"target\":{\"@type\":\"EntryPoint\",\"urlTemplate\":\"https:\\\/\\\/milesopedia.us\\\/fr\\\/?s={search_term_string}\"},\"query-input\":{\"@type\":\"PropertyValueSpecification\",\"valueRequired\":true,\"valueName\":\"search_term_string\"}}],\"inLanguage\":\"fr-FR\"},{\"@type\":\"Organization\",\"@id\":\"https:\\\/\\\/milesopedia.us\\\/fr\\\/#organization\",\"name\":\"Milesopedia \u00c9tats-Unis\",\"url\":\"https:\\\/\\\/milesopedia.us\\\/fr\\\/\",\"logo\":{\"@type\":\"ImageObject\",\"inLanguage\":\"fr-FR\",\"@id\":\"https:\\\/\\\/milesopedia.us\\\/fr\\\/#\\\/schema\\\/logo\\\/image\\\/\",\"url\":\"https:\\\/\\\/milesopedia.us\\\/wp-content\\\/uploads\\\/2025\\\/01\\\/Milesopedia-USA.png\",\"contentUrl\":\"https:\\\/\\\/milesopedia.us\\\/wp-content\\\/uploads\\\/2025\\\/01\\\/Milesopedia-USA.png\",\"width\":1024,\"height\":234,\"caption\":\"Milesopedia \u00c9tats-Unis\"},\"image\":{\"@id\":\"https:\\\/\\\/milesopedia.us\\\/fr\\\/#\\\/schema\\\/logo\\\/image\\\/\"},\"sameAs\":[\"https:\\\/\\\/www.facebook.com\\\/milesopedia.usa\",\"https:\\\/\\\/www.instagram.com\\\/milesopedia.usa\"]}]}<\/script>\n<!-- \/ Yoast SEO plugin. -->","yoast_head_json":{"title":"\u00c0 propos de milesopedia USA | Milesopedia USA","robots":{"index":"index","follow":"follow","max-snippet":"max-snippet:-1","max-image-preview":"max-image-preview:large","max-video-preview":"max-video-preview:-1"},"canonical":"https:\/\/milesopedia.us\/fr\/a-propos\/","og_locale":"fr_FR","og_type":"article","og_title":"\u00c0 propos de milesopedia USA | Milesopedia USA","og_description":"Milesopedia a commenc\u00e9 son parcours en 2015 avec le lancement de Milesopedia Canada, pionnier dans la couverture bilingue (fran\u00e7ais-anglais) des programmes de fid\u00e9lit\u00e9 et des cartes de cr\u00e9dit. D\u00e9but 2025, nous nous sommes \u00e9tendus en Europe avec Milesopedia France, l&rsquo;unique site fran\u00e7ais consacr\u00e9 exclusivement \u00e0 ces sujets, et en 2025, nous avons lanc\u00e9 Milesopedia USA, [&hellip;]","og_url":"https:\/\/milesopedia.us\/fr\/a-propos\/","og_site_name":"Milesopedia USA","article_publisher":"https:\/\/www.facebook.com\/milesopedia.usa","article_modified_time":"2025-09-01T13:44:26+00:00","og_image":[{"width":1024,"height":538,"url":"https:\/\/milesopedia.us\/wp-content\/uploads\/2025\/07\/Meilleures-offres-cartes_1024x538.jpg","type":"image\/jpeg"}],"twitter_card":"summary_large_image","twitter_misc":{"Dur\u00e9e de lecture estim\u00e9e":"2 minutes"},"schema":{"@context":"https:\/\/schema.org","@graph":[{"@type":"WebPage","@id":"https:\/\/milesopedia.us\/fr\/a-propos\/","url":"https:\/\/milesopedia.us\/fr\/a-propos\/","name":"\u00c0 propos de milesopedia USA | Milesopedia USA","isPartOf":{"@id":"https:\/\/milesopedia.us\/fr\/#website"},"datePublished":"2025-08-01T09:44:20+00:00","dateModified":"2025-09-01T13:44:26+00:00","inLanguage":"fr-FR","potentialAction":[{"@type":"ReadAction","target":["https:\/\/milesopedia.us\/fr\/a-propos\/"]}]},{"@type":"WebSite","@id":"https:\/\/milesopedia.us\/fr\/#website","url":"https:\/\/milesopedia.us\/fr\/","name":"Milesopedia USA","description":"Loyalty Programs &amp; Credit Cards","publisher":{"@id":"https:\/\/milesopedia.us\/fr\/#organization"},"potentialAction":[{"@type":"SearchAction","target":{"@type":"EntryPoint","urlTemplate":"https:\/\/milesopedia.us\/fr\/?s={search_term_string}"},"query-input":{"@type":"PropertyValueSpecification","valueRequired":true,"valueName":"search_term_string"}}],"inLanguage":"fr-FR"},{"@type":"Organization","@id":"https:\/\/milesopedia.us\/fr\/#organization","name":"Milesopedia \u00c9tats-Unis","url":"https:\/\/milesopedia.us\/fr\/","logo":{"@type":"ImageObject","inLanguage":"fr-FR","@id":"https:\/\/milesopedia.us\/fr\/#\/schema\/logo\/image\/","url":"https:\/\/milesopedia.us\/wp-content\/uploads\/2025\/01\/Milesopedia-USA.png","contentUrl":"https:\/\/milesopedia.us\/wp-content\/uploads\/2025\/01\/Milesopedia-USA.png","width":1024,"height":234,"caption":"Milesopedia \u00c9tats-Unis"},"image":{"@id":"https:\/\/milesopedia.us\/fr\/#\/schema\/logo\/image\/"},"sameAs":["https:\/\/www.facebook.com\/milesopedia.usa","https:\/\/www.instagram.com\/milesopedia.usa"]}]}},"_links":{"self":[{"href":"https:\/\/milesopedia.us\/fr\/wp-json\/wp\/v2\/pages\/5363","targetHints":{"allow":["GET"]}}],"collection":[{"href":"https:\/\/milesopedia.us\/fr\/wp-json\/wp\/v2\/pages"}],"about":[{"href":"https:\/\/milesopedia.us\/fr\/wp-json\/wp\/v2\/types\/page"}],"author":[{"embeddable":true,"href":"https:\/\/milesopedia.us\/fr\/wp-json\/wp\/v2\/users\/2"}],"replies":[{"embeddable":true,"href":"https:\/\/milesopedia.us\/fr\/wp-json\/wp\/v2\/comments?post=5363"}],"version-history":[{"count":1,"href":"https:\/\/milesopedia.us\/fr\/wp-json\/wp\/v2\/pages\/5363\/revisions"}],"predecessor-version":[{"id":5364,"href":"https:\/\/milesopedia.us\/fr\/wp-json\/wp\/v2\/pages\/5363\/revisions\/5364"}],"wp:attachment":[{"href":"https:\/\/milesopedia.us\/fr\/wp-json\/wp\/v2\/media?parent=5363"}],"wp:term":[{"taxonomy":"post_tag","embeddable":true,"href":"https:\/\/milesopedia.us\/fr\/wp-json\/wp\/v2\/tags?post=5363"},{"taxonomy":"mc_loyalty_program","embeddable":true,"href":"https:\/\/milesopedia.us\/fr\/wp-json\/wp\/v2\/mc_loyalty_program?post=5363"}],"curies":[{"name":"wp","href":"https:\/\/api.w.org\/{rel}","templated":true}]}}