{"id":5371,"date":"2025-10-01T00:10:00","date_gmt":"2025-10-01T04:10:00","guid":{"rendered":"https:\/\/milesopedia.us\/meilleures-cartes-de-credit-aux-etats-unis\/meilleures-cartes-de-credit-sans-frais-de-transaction-a-letranger\/"},"modified":"2025-10-01T05:22:17","modified_gmt":"2025-10-01T09:22:17","slug":"no-foreign-transaction-fee","status":"publish","type":"page","link":"https:\/\/milesopedia.us\/fr\/meilleures-cartes-credit\/no-foreign-transaction-fee\/","title":{"rendered":"Meilleures cartes de cr\u00e9dit sans frais de transaction \u00e0 l&rsquo;\u00e9tranger"},"content":{"rendered":"<h2 class=\"wp-block-heading\" id=\"faq_sur_les_cartes_de_cr_dit_sans_frais_de_transaction_l_tranger\">FAQ sur les cartes de cr&eacute;dit sans frais de transaction &agrave; l&rsquo;&eacute;tranger<\/h2>\n<aside class=\"component component__faq wp-block-milesgutenberg-faq\">\n\t\n<div class=\"component component__faq__item component__faq__item--opened wp-block-milesgutenberg-faq-item\">\n\t<div class=\"component__faq__item__title\">\n\t\t<h4 id=\"quest-ce_quun_frais_de_transaction_l_tranger_\" class=\"toc_exclude component__faq__item__title__heading\">\n\t\t\tQu&rsquo;est-ce qu&rsquo;un frais de transaction \u00e0 l&rsquo;\u00e9tranger&nbsp;?\t\t<\/h4>\n\t\t<i class=\"fas fa-chevron-down\"><\/i>\n\t<\/div>\n\t<div class=\"component__faq__item__content\">\n\t\t<div class=\"component__faq__item__content__inner\">\n\t\t\t\n\n<p>Un frais de transaction \u00e0 l&rsquo;\u00e9tranger est un suppl\u00e9ment (g\u00e9n\u00e9ralement d&rsquo;environ 3&nbsp;%) appliqu\u00e9 aux achats effectu\u00e9s hors des \u00c9tats-Unis ou aupr\u00e8s de commer\u00e7ants non am\u00e9ricains. Il peut s&rsquo;appliquer m\u00eame si l&rsquo;achat est en dollars am\u00e9ricains mais trait\u00e9 \u00e0 l&rsquo;\u00e9tranger. <\/p>\n\n\t\t<\/div>\n\t<\/div>\n<\/div>\n\n\n<div class=\"component component__faq__item component__faq__item--opened wp-block-milesgutenberg-faq-item\">\n\t<div class=\"component__faq__item__title\">\n\t\t<h4 id=\"pourquoi_choisir_une_carte_sans_frais_de_transaction_l_tranger_\" class=\"toc_exclude component__faq__item__title__heading\">\n\t\t\tPourquoi choisir une carte sans frais de transaction \u00e0 l&rsquo;\u00e9tranger&nbsp;?\t\t<\/h4>\n\t\t<i class=\"fas fa-chevron-down\"><\/i>\n\t<\/div>\n\t<div class=\"component__faq__item__content\">\n\t\t<div class=\"component__faq__item__content__inner\">\n\t\t\t\n\n<p>Les cartes sans frais de transaction \u00e0 l&rsquo;\u00e9tranger vous permettent d&rsquo;\u00e9conomiser lors de vos voyages internationaux ou de vos achats en ligne aupr\u00e8s de d\u00e9taillants \u00e9trangers. Ces \u00e9conomies peuvent s&rsquo;av\u00e9rer significatives, particuli\u00e8rement pour les voyageurs fr\u00e9quents. <\/p>\n\n\t\t<\/div>\n\t<\/div>\n<\/div>\n\n\n<div class=\"component component__faq__item component__faq__item--opened wp-block-milesgutenberg-faq-item\">\n\t<div class=\"component__faq__item__title\">\n\t\t<h4 id=\"les_cartes_sans_frais_de_transaction_l_tranger_sont-elles_uniquement_destin_es_aux_voyages_\" class=\"toc_exclude component__faq__item__title__heading\">\n\t\t\tLes cartes sans frais de transaction \u00e0 l&rsquo;\u00e9tranger sont-elles uniquement destin\u00e9es aux voyages&nbsp;?\t\t<\/h4>\n\t\t<i class=\"fas fa-chevron-down\"><\/i>\n\t<\/div>\n\t<div class=\"component__faq__item__content\">\n\t\t<div class=\"component__faq__item__content__inner\">\n\t\t\t\n\n<p>Pas du tout. Bien qu&rsquo;id\u00e9ales pour les voyageurs, ces cartes profitent \u00e9galement \u00e0 toute personne qui effectue r\u00e9guli\u00e8rement des achats sur des sites internationaux ou paie des services en devises \u00e9trang\u00e8res, m\u00eame depuis chez soi. <\/p>\n\n\t\t<\/div>\n\t<\/div>\n<\/div>\n\n\n<div class=\"component component__faq__item component__faq__item--opened wp-block-milesgutenberg-faq-item\">\n\t<div class=\"component__faq__item__title\">\n\t\t<h4 id=\"les_cartes_sans_frais_l_tranger_permettent-elles_toujours_de_cumuler_des_r_compenses_linternational_\" class=\"toc_exclude component__faq__item__title__heading\">\n\t\t\tLes cartes sans frais \u00e0 l&rsquo;\u00e9tranger permettent-elles toujours de cumuler des r\u00e9compenses \u00e0 l&rsquo;international&nbsp;?\t\t<\/h4>\n\t\t<i class=\"fas fa-chevron-down\"><\/i>\n\t<\/div>\n\t<div class=\"component__faq__item__content\">\n\t\t<div class=\"component__faq__item__content__inner\">\n\t\t\t\n\n<p>Oui. La plupart continuent de cumuler des points, des miles ou du cashback sur les achats internationaux. Certaines offrent m\u00eame des taux de r\u00e9compense plus \u00e9lev\u00e9s sur les d\u00e9penses de voyage ou de restauration \u00e0 l&rsquo;\u00e9tranger, selon la structure de la carte.  <\/p>\n\n\t\t<\/div>\n\t<\/div>\n<\/div>\n\n\n<div class=\"component component__faq__item component__faq__item--opened wp-block-milesgutenberg-faq-item\">\n\t<div class=\"component__faq__item__title\">\n\t\t<h4 id=\"toutes_les_cartes_de_cr_dit_voyage_suppriment-elles_les_frais_de_transaction_l_tranger_\" class=\"toc_exclude component__faq__item__title__heading\">\n\t\t\tToutes les cartes de cr\u00e9dit voyage suppriment-elles les frais de transaction \u00e0 l&rsquo;\u00e9tranger&nbsp;?\t\t<\/h4>\n\t\t<i class=\"fas fa-chevron-down\"><\/i>\n\t<\/div>\n\t<div class=\"component__faq__item__content\">\n\t\t<div class=\"component__faq__item__content__inner\">\n\t\t\t\n\n<p>Non. Bien que de nombreuses cartes de voyage haut de gamme excluent les frais de transaction \u00e0 l&rsquo;\u00e9tranger, ce n&rsquo;est pas le cas de toutes \u2014 particuli\u00e8rement les cartes d&rsquo;entr\u00e9e de gamme. V\u00e9rifiez toujours ce d\u00e9tail avant de faire une demande ou d&rsquo;utiliser une carte \u00e0 l&rsquo;\u00e9tranger.  <\/p>\n\n\t\t<\/div>\n\t<\/div>\n<\/div>\n\n\n<div class=\"component component__faq__item component__faq__item--opened wp-block-milesgutenberg-faq-item\">\n\t<div class=\"component__faq__item__title\">\n\t\t<h4 id=\"puis-je_utiliser_une_carte_sans_frais_l_tranger_partout_dans_le_monde_\" class=\"toc_exclude component__faq__item__title__heading\">\n\t\t\tPuis-je utiliser une carte sans frais \u00e0 l&rsquo;\u00e9tranger partout dans le monde&nbsp;?\t\t<\/h4>\n\t\t<i class=\"fas fa-chevron-down\"><\/i>\n\t<\/div>\n\t<div class=\"component__faq__item__content\">\n\t\t<div class=\"component__faq__item__content__inner\">\n\t\t\t\n\n<p>La plupart des grands r\u00e9seaux comme Visa et Mastercard sont largement accept\u00e9s mondialement. Cependant, l&rsquo;acceptation d&rsquo;American Express et de Discover varie selon les pays, il est donc prudent d&rsquo;avoir une carte de secours au cas o\u00f9. <\/p>\n\n\t\t<\/div>\n\t<\/div>\n<\/div>\n\n\n<\/aside>","protected":false},"excerpt":{"rendered":"<p>FAQ sur les cartes de cr&eacute;dit sans frais de transaction &agrave; l&rsquo;&eacute;tranger<\/p>","protected":false},"author":2,"featured_media":5372,"parent":5313,"menu_order":0,"comment_status":"closed","ping_status":"closed","template":"page-toc.php","meta":{"_acf_changed":false,"_relevanssi_hide_post":"","_relevanssi_hide_content":"","_relevanssi_pin_for_all":"","_relevanssi_pin_keywords":"","_relevanssi_unpin_keywords":"","_relevanssi_related_keywords":"","_relevanssi_related_include_ids":"","_relevanssi_related_exclude_ids":"","_relevanssi_related_no_append":"","_relevanssi_related_not_related":"","_relevanssi_related_posts":"","_relevanssi_noindex_reason":"","footnotes":""},"tags":[],"mc_loyalty_program":[],"class_list":["post-5371","page","type-page","status-publish","has-post-thumbnail","hentry"],"acf":[],"yoast_head":"<!-- This site is optimized with the Yoast SEO plugin v27.4 - https:\/\/yoast.com\/product\/yoast-seo-wordpress\/ -->\n<title>Meilleures cartes de cr\u00e9dit sans frais de transaction \u00e0 l\u2019\u00e9tranger | Milesopedia USA<\/title>\n<meta name=\"robots\" content=\"index, follow, max-snippet:-1, max-image-preview:large, max-video-preview:-1\" \/>\n<link rel=\"canonical\" href=\"https:\/\/milesopedia.us\/fr\/meilleures-cartes-credit\/no-foreign-transaction-fee\/\" \/>\n<meta property=\"og:locale\" content=\"fr_FR\" \/>\n<meta property=\"og:type\" content=\"article\" \/>\n<meta property=\"og:title\" content=\"Meilleures cartes de cr\u00e9dit sans frais de transaction \u00e0 l&#039;\u00e9tranger | Milesopedia USA\" \/>\n<meta property=\"og:description\" content=\"FAQ sur les cartes de cr&eacute;dit sans frais de transaction &agrave; l&rsquo;&eacute;tranger\" \/>\n<meta property=\"og:url\" content=\"https:\/\/milesopedia.us\/fr\/meilleures-cartes-credit\/no-foreign-transaction-fee\/\" \/>\n<meta property=\"og:site_name\" content=\"Milesopedia USA\" \/>\n<meta property=\"article:publisher\" content=\"https:\/\/www.facebook.com\/milesopedia.usa\" \/>\n<meta property=\"article:modified_time\" content=\"2025-10-01T09:22:17+00:00\" \/>\n<meta property=\"og:image\" content=\"https:\/\/milesopedia.us\/wp-content\/uploads\/2025\/06\/Best-Credit-Cards_No-Foreign-Transaction-Fee_1024x538.jpg\" \/>\n\t<meta property=\"og:image:width\" content=\"1024\" \/>\n\t<meta property=\"og:image:height\" content=\"538\" \/>\n\t<meta property=\"og:image:type\" content=\"image\/jpeg\" \/>\n<meta name=\"twitter:card\" content=\"summary_large_image\" \/>\n<meta name=\"twitter:label1\" content=\"Dur\u00e9e de lecture estim\u00e9e\" \/>\n\t<meta name=\"twitter:data1\" content=\"1 minute\" \/>\n<script type=\"application\/ld+json\" class=\"yoast-schema-graph\">{\"@context\":\"https:\\\/\\\/schema.org\",\"@graph\":[{\"@type\":\"WebPage\",\"@id\":\"https:\\\/\\\/milesopedia.us\\\/fr\\\/meilleures-cartes-credit\\\/no-foreign-transaction-fee\\\/\",\"url\":\"https:\\\/\\\/milesopedia.us\\\/fr\\\/meilleures-cartes-credit\\\/no-foreign-transaction-fee\\\/\",\"name\":\"Meilleures cartes de cr\u00e9dit sans frais de transaction \u00e0 l'\u00e9tranger | Milesopedia USA\",\"isPartOf\":{\"@id\":\"https:\\\/\\\/milesopedia.us\\\/fr\\\/#website\"},\"primaryImageOfPage\":{\"@id\":\"https:\\\/\\\/milesopedia.us\\\/fr\\\/meilleures-cartes-credit\\\/no-foreign-transaction-fee\\\/#primaryimage\"},\"image\":{\"@id\":\"https:\\\/\\\/milesopedia.us\\\/fr\\\/meilleures-cartes-credit\\\/no-foreign-transaction-fee\\\/#primaryimage\"},\"thumbnailUrl\":\"https:\\\/\\\/milesopedia.us\\\/wp-content\\\/uploads\\\/2025\\\/06\\\/Best-Credit-Cards_No-Foreign-Transaction-Fee_1024x538.jpg\",\"datePublished\":\"2025-10-01T04:10:00+00:00\",\"dateModified\":\"2025-10-01T09:22:17+00:00\",\"inLanguage\":\"fr-FR\",\"potentialAction\":[{\"@type\":\"ReadAction\",\"target\":[\"https:\\\/\\\/milesopedia.us\\\/fr\\\/meilleures-cartes-credit\\\/no-foreign-transaction-fee\\\/\"]}]},{\"@type\":\"ImageObject\",\"inLanguage\":\"fr-FR\",\"@id\":\"https:\\\/\\\/milesopedia.us\\\/fr\\\/meilleures-cartes-credit\\\/no-foreign-transaction-fee\\\/#primaryimage\",\"url\":\"https:\\\/\\\/milesopedia.us\\\/wp-content\\\/uploads\\\/2025\\\/06\\\/Best-Credit-Cards_No-Foreign-Transaction-Fee_1024x538.jpg\",\"contentUrl\":\"https:\\\/\\\/milesopedia.us\\\/wp-content\\\/uploads\\\/2025\\\/06\\\/Best-Credit-Cards_No-Foreign-Transaction-Fee_1024x538.jpg\",\"width\":1024,\"height\":538,\"caption\":\"Sans frais de transaction \u00e0 l'\u00e9tranger\"},{\"@type\":\"WebSite\",\"@id\":\"https:\\\/\\\/milesopedia.us\\\/fr\\\/#website\",\"url\":\"https:\\\/\\\/milesopedia.us\\\/fr\\\/\",\"name\":\"Milesopedia USA\",\"description\":\"Loyalty Programs &amp; Credit Cards\",\"publisher\":{\"@id\":\"https:\\\/\\\/milesopedia.us\\\/fr\\\/#organization\"},\"potentialAction\":[{\"@type\":\"SearchAction\",\"target\":{\"@type\":\"EntryPoint\",\"urlTemplate\":\"https:\\\/\\\/milesopedia.us\\\/fr\\\/?s={search_term_string}\"},\"query-input\":{\"@type\":\"PropertyValueSpecification\",\"valueRequired\":true,\"valueName\":\"search_term_string\"}}],\"inLanguage\":\"fr-FR\"},{\"@type\":\"Organization\",\"@id\":\"https:\\\/\\\/milesopedia.us\\\/fr\\\/#organization\",\"name\":\"Milesopedia \u00c9tats-Unis\",\"url\":\"https:\\\/\\\/milesopedia.us\\\/fr\\\/\",\"logo\":{\"@type\":\"ImageObject\",\"inLanguage\":\"fr-FR\",\"@id\":\"https:\\\/\\\/milesopedia.us\\\/fr\\\/#\\\/schema\\\/logo\\\/image\\\/\",\"url\":\"https:\\\/\\\/milesopedia.us\\\/wp-content\\\/uploads\\\/2025\\\/01\\\/Milesopedia-USA.png\",\"contentUrl\":\"https:\\\/\\\/milesopedia.us\\\/wp-content\\\/uploads\\\/2025\\\/01\\\/Milesopedia-USA.png\",\"width\":1024,\"height\":234,\"caption\":\"Milesopedia \u00c9tats-Unis\"},\"image\":{\"@id\":\"https:\\\/\\\/milesopedia.us\\\/fr\\\/#\\\/schema\\\/logo\\\/image\\\/\"},\"sameAs\":[\"https:\\\/\\\/www.facebook.com\\\/milesopedia.usa\",\"https:\\\/\\\/www.instagram.com\\\/milesopedia.usa\"]}]}<\/script>\n<!-- \/ Yoast SEO plugin. -->","yoast_head_json":{"title":"Meilleures cartes de cr\u00e9dit sans frais de transaction \u00e0 l\u2019\u00e9tranger | Milesopedia USA","robots":{"index":"index","follow":"follow","max-snippet":"max-snippet:-1","max-image-preview":"max-image-preview:large","max-video-preview":"max-video-preview:-1"},"canonical":"https:\/\/milesopedia.us\/fr\/meilleures-cartes-credit\/no-foreign-transaction-fee\/","og_locale":"fr_FR","og_type":"article","og_title":"Meilleures cartes de cr\u00e9dit sans frais de transaction \u00e0 l'\u00e9tranger | Milesopedia USA","og_description":"FAQ sur les cartes de cr&eacute;dit sans frais de transaction &agrave; l&rsquo;&eacute;tranger","og_url":"https:\/\/milesopedia.us\/fr\/meilleures-cartes-credit\/no-foreign-transaction-fee\/","og_site_name":"Milesopedia USA","article_publisher":"https:\/\/www.facebook.com\/milesopedia.usa","article_modified_time":"2025-10-01T09:22:17+00:00","og_image":[{"width":1024,"height":538,"url":"https:\/\/milesopedia.us\/wp-content\/uploads\/2025\/06\/Best-Credit-Cards_No-Foreign-Transaction-Fee_1024x538.jpg","type":"image\/jpeg"}],"twitter_card":"summary_large_image","twitter_misc":{"Dur\u00e9e de lecture estim\u00e9e":"1 minute"},"schema":{"@context":"https:\/\/schema.org","@graph":[{"@type":"WebPage","@id":"https:\/\/milesopedia.us\/fr\/meilleures-cartes-credit\/no-foreign-transaction-fee\/","url":"https:\/\/milesopedia.us\/fr\/meilleures-cartes-credit\/no-foreign-transaction-fee\/","name":"Meilleures cartes de cr\u00e9dit sans frais de transaction \u00e0 l'\u00e9tranger | Milesopedia USA","isPartOf":{"@id":"https:\/\/milesopedia.us\/fr\/#website"},"primaryImageOfPage":{"@id":"https:\/\/milesopedia.us\/fr\/meilleures-cartes-credit\/no-foreign-transaction-fee\/#primaryimage"},"image":{"@id":"https:\/\/milesopedia.us\/fr\/meilleures-cartes-credit\/no-foreign-transaction-fee\/#primaryimage"},"thumbnailUrl":"https:\/\/milesopedia.us\/wp-content\/uploads\/2025\/06\/Best-Credit-Cards_No-Foreign-Transaction-Fee_1024x538.jpg","datePublished":"2025-10-01T04:10:00+00:00","dateModified":"2025-10-01T09:22:17+00:00","inLanguage":"fr-FR","potentialAction":[{"@type":"ReadAction","target":["https:\/\/milesopedia.us\/fr\/meilleures-cartes-credit\/no-foreign-transaction-fee\/"]}]},{"@type":"ImageObject","inLanguage":"fr-FR","@id":"https:\/\/milesopedia.us\/fr\/meilleures-cartes-credit\/no-foreign-transaction-fee\/#primaryimage","url":"https:\/\/milesopedia.us\/wp-content\/uploads\/2025\/06\/Best-Credit-Cards_No-Foreign-Transaction-Fee_1024x538.jpg","contentUrl":"https:\/\/milesopedia.us\/wp-content\/uploads\/2025\/06\/Best-Credit-Cards_No-Foreign-Transaction-Fee_1024x538.jpg","width":1024,"height":538,"caption":"Sans frais de transaction \u00e0 l'\u00e9tranger"},{"@type":"WebSite","@id":"https:\/\/milesopedia.us\/fr\/#website","url":"https:\/\/milesopedia.us\/fr\/","name":"Milesopedia USA","description":"Loyalty Programs &amp; Credit Cards","publisher":{"@id":"https:\/\/milesopedia.us\/fr\/#organization"},"potentialAction":[{"@type":"SearchAction","target":{"@type":"EntryPoint","urlTemplate":"https:\/\/milesopedia.us\/fr\/?s={search_term_string}"},"query-input":{"@type":"PropertyValueSpecification","valueRequired":true,"valueName":"search_term_string"}}],"inLanguage":"fr-FR"},{"@type":"Organization","@id":"https:\/\/milesopedia.us\/fr\/#organization","name":"Milesopedia \u00c9tats-Unis","url":"https:\/\/milesopedia.us\/fr\/","logo":{"@type":"ImageObject","inLanguage":"fr-FR","@id":"https:\/\/milesopedia.us\/fr\/#\/schema\/logo\/image\/","url":"https:\/\/milesopedia.us\/wp-content\/uploads\/2025\/01\/Milesopedia-USA.png","contentUrl":"https:\/\/milesopedia.us\/wp-content\/uploads\/2025\/01\/Milesopedia-USA.png","width":1024,"height":234,"caption":"Milesopedia \u00c9tats-Unis"},"image":{"@id":"https:\/\/milesopedia.us\/fr\/#\/schema\/logo\/image\/"},"sameAs":["https:\/\/www.facebook.com\/milesopedia.usa","https:\/\/www.instagram.com\/milesopedia.usa"]}]}},"_links":{"self":[{"href":"https:\/\/milesopedia.us\/fr\/wp-json\/wp\/v2\/pages\/5371","targetHints":{"allow":["GET"]}}],"collection":[{"href":"https:\/\/milesopedia.us\/fr\/wp-json\/wp\/v2\/pages"}],"about":[{"href":"https:\/\/milesopedia.us\/fr\/wp-json\/wp\/v2\/types\/page"}],"author":[{"embeddable":true,"href":"https:\/\/milesopedia.us\/fr\/wp-json\/wp\/v2\/users\/2"}],"replies":[{"embeddable":true,"href":"https:\/\/milesopedia.us\/fr\/wp-json\/wp\/v2\/comments?post=5371"}],"version-history":[{"count":2,"href":"https:\/\/milesopedia.us\/fr\/wp-json\/wp\/v2\/pages\/5371\/revisions"}],"predecessor-version":[{"id":7503,"href":"https:\/\/milesopedia.us\/fr\/wp-json\/wp\/v2\/pages\/5371\/revisions\/7503"}],"up":[{"embeddable":true,"href":"https:\/\/milesopedia.us\/fr\/wp-json\/wp\/v2\/pages\/5313"}],"wp:featuredmedia":[{"embeddable":true,"href":"https:\/\/milesopedia.us\/fr\/wp-json\/wp\/v2\/media\/5372"}],"wp:attachment":[{"href":"https:\/\/milesopedia.us\/fr\/wp-json\/wp\/v2\/media?parent=5371"}],"wp:term":[{"taxonomy":"post_tag","embeddable":true,"href":"https:\/\/milesopedia.us\/fr\/wp-json\/wp\/v2\/tags?post=5371"},{"taxonomy":"mc_loyalty_program","embeddable":true,"href":"https:\/\/milesopedia.us\/fr\/wp-json\/wp\/v2\/mc_loyalty_program?post=5371"}],"curies":[{"name":"wp","href":"https:\/\/api.w.org\/{rel}","templated":true}]}}