{"id":5374,"date":"2025-10-01T00:11:00","date_gmt":"2025-10-01T04:11:00","guid":{"rendered":"https:\/\/milesopedia.us\/meilleures-cartes-de-credit-aux-etats-unis\/meilleures-cartes-de-credit-sans-frais-annuels\/"},"modified":"2025-10-01T05:22:17","modified_gmt":"2025-10-01T09:22:17","slug":"no-annual-fee","status":"publish","type":"page","link":"https:\/\/milesopedia.us\/fr\/meilleures-cartes-credit\/no-annual-fee\/","title":{"rendered":"Meilleures cartes de cr\u00e9dit sans frais annuels"},"content":{"rendered":"<h2 class=\"wp-block-heading\" id=\"faq_sur_les_cartes_de_cr_dit_sans_frais_annuels\">FAQ sur les cartes de cr&eacute;dit sans frais annuels<\/h2>\n<aside class=\"component component__faq wp-block-milesgutenberg-faq\">\n\t\n<div class=\"component component__faq__item component__faq__item--opened wp-block-milesgutenberg-faq-item\">\n\t<div class=\"component__faq__item__title\">\n\t\t<h4 id=\"les_cartes_de_cr_dit_sans_frais_annuels_en_valent-elles_la_peine_\" class=\"toc_exclude component__faq__item__title__heading\">\n\t\t\tLes cartes de cr\u00e9dit sans frais annuels en valent-elles la peine&nbsp;?\t\t<\/h4>\n\t\t<i class=\"fas fa-chevron-down\"><\/i>\n\t<\/div>\n\t<div class=\"component__faq__item__content\">\n\t\t<div class=\"component__faq__item__content__inner\">\n\t\t\t\n\n<p>Absolument. Les cartes de cr\u00e9dit sans frais annuels sont id\u00e9ales si vous souhaitez gagner des r\u00e9compenses ou \u00e9tablir votre cr\u00e9dit sans payer de frais annuels. Ce sont souvent d&rsquo;excellentes cartes pour d\u00e9buter et peuvent \u00eatre conserv\u00e9es \u00e0 long terme pour am\u00e9liorer votre historique de cr\u00e9dit.  <\/p>\n\n\t\t<\/div>\n\t<\/div>\n<\/div>\n\n\n<div class=\"component component__faq__item component__faq__item--opened wp-block-milesgutenberg-faq-item\">\n\t<div class=\"component__faq__item__title\">\n\t\t<h4 id=\"puis-je_toujours_gagner_des_r_compenses_sans_frais_annuels_\" class=\"toc_exclude component__faq__item__title__heading\">\n\t\t\tPuis-je toujours gagner des r\u00e9compenses sans frais annuels&nbsp;?\t\t<\/h4>\n\t\t<i class=\"fas fa-chevron-down\"><\/i>\n\t<\/div>\n\t<div class=\"component__faq__item__content\">\n\t\t<div class=\"component__faq__item__content__inner\">\n\t\t\t\n\n<p>Oui. De nombreuses cartes sans frais annuels offrent des remises en argent, des points ou m\u00eame des r\u00e9compenses voyages. Bien que les taux de r\u00e9compenses puissent \u00eatre inf\u00e9rieurs \u00e0 ceux des cartes premium, certaines options sans frais offrent des rendements int\u00e9ressants dans des cat\u00e9gories populaires comme l&rsquo;\u00e9picerie ou l&rsquo;essence.  <\/p>\n\n\t\t<\/div>\n\t<\/div>\n<\/div>\n\n\n<div class=\"component component__faq__item component__faq__item--opened wp-block-milesgutenberg-faq-item\">\n\t<div class=\"component__faq__item__title\">\n\t\t<h4 id=\"les_cartes_sans_frais_annuels_ont-elles_des_frais_de_transaction_l_tranger_\" class=\"toc_exclude component__faq__item__title__heading\">\n\t\t\tLes cartes sans frais annuels ont-elles des frais de transaction \u00e0 l&rsquo;\u00e9tranger&nbsp;?\t\t<\/h4>\n\t\t<i class=\"fas fa-chevron-down\"><\/i>\n\t<\/div>\n\t<div class=\"component__faq__item__content\">\n\t\t<div class=\"component__faq__item__content__inner\">\n\t\t\t\n\n<p>Certaines le font. Si vous pr\u00e9voyez d&rsquo;utiliser votre carte \u00e0 l&rsquo;international, recherchez-en une qui annonce sp\u00e9cifiquement l&rsquo;absence de frais de transaction \u00e0 l&rsquo;\u00e9tranger. Ces cartes sont mieux adapt\u00e9es aux voyageurs qui souhaitent \u00e9viter des frais suppl\u00e9mentaires \u00e0 l&rsquo;\u00e9tranger.  <\/p>\n\n\t\t<\/div>\n\t<\/div>\n<\/div>\n\n\n<div class=\"component component__faq__item component__faq__item--opened wp-block-milesgutenberg-faq-item\">\n\t<div class=\"component__faq__item__title\">\n\t\t<h4 id=\"y_a-t-il_un_inconv_nient_aux_cartes_sans_frais_annuels_\" class=\"toc_exclude component__faq__item__title__heading\">\n\t\t\tY a-t-il un inconv\u00e9nient aux cartes sans frais annuels&nbsp;?\t\t<\/h4>\n\t\t<i class=\"fas fa-chevron-down\"><\/i>\n\t<\/div>\n\t<div class=\"component__faq__item__content\">\n\t\t<div class=\"component__faq__item__content__inner\">\n\t\t\t\n\n<p>Bien qu&rsquo;elles n&rsquo;aient aucun co\u00fbt annuel, ces cartes peuvent offrir moins d&rsquo;avantages, comme les protections voyage, le statut \u00e9lite ou l&rsquo;acc\u00e8s aux salons d&rsquo;a\u00e9roport. Cependant, elles sont parfaites pour les d\u00e9penses quotidiennes, l&rsquo;\u00e9tablissement du cr\u00e9dit ou dans le cadre d&rsquo;une strat\u00e9gie de r\u00e9compenses \u00e0 long terme. <\/p>\n\n\t\t<\/div>\n\t<\/div>\n<\/div>\n\n\n<div class=\"component component__faq__item component__faq__item--opened wp-block-milesgutenberg-faq-item\">\n\t<div class=\"component__faq__item__title\">\n\t\t<h4 id=\"puis-je_surclasser_une_carte_sans_frais_annuels_plus_tard_\" class=\"toc_exclude component__faq__item__title__heading\">\n\t\t\tPuis-je surclasser une carte sans frais annuels plus tard&nbsp;?\t\t<\/h4>\n\t\t<i class=\"fas fa-chevron-down\"><\/i>\n\t<\/div>\n\t<div class=\"component__faq__item__content\">\n\t\t<div class=\"component__faq__item__content__inner\">\n\t\t\t\n\n<p>Oui. De nombreux \u00e9metteurs permettent de passer d&rsquo;une carte sans frais annuels \u00e0 une version premium avec de meilleures r\u00e9compenses une fois que votre cr\u00e9dit s&rsquo;am\u00e9liore. Cela est souvent possible sans v\u00e9rification approfondie du cr\u00e9dit ni ouverture d&rsquo;un nouveau compte.  <\/p>\n\n\t\t<\/div>\n\t<\/div>\n<\/div>\n\n\n<div class=\"component component__faq__item component__faq__item--opened wp-block-milesgutenberg-faq-item\">\n\t<div class=\"component__faq__item__title\">\n\t\t<h4 id=\"les_cartes_sans_frais_annuels_sont-elles_bonnes_pour_construire_son_cr_dit_\" class=\"toc_exclude component__faq__item__title__heading\">\n\t\t\tLes cartes sans frais annuels sont-elles bonnes pour construire son cr\u00e9dit&nbsp;?\t\t<\/h4>\n\t\t<i class=\"fas fa-chevron-down\"><\/i>\n\t<\/div>\n\t<div class=\"component__faq__item__content\">\n\t\t<div class=\"component__faq__item__content__inner\">\n\t\t\t\n\n<p>Ce sont d&rsquo;excellents outils pour \u00e9tablir ou reconstruire son cr\u00e9dit. Conserver une carte sans frais et l&rsquo;utiliser de mani\u00e8re responsable au fil du temps aide \u00e0 \u00e9tablir un solide historique de cr\u00e9dit et am\u00e9liore votre pointage gr\u00e2ce aux paiements ponctuels et aux soldes bas. <\/p>\n\n\t\t<\/div>\n\t<\/div>\n<\/div>\n\n<\/aside>","protected":false},"excerpt":{"rendered":"<p>FAQ sur les cartes de cr&eacute;dit sans frais annuels<\/p>","protected":false},"author":2,"featured_media":5375,"parent":5313,"menu_order":0,"comment_status":"closed","ping_status":"closed","template":"page-toc.php","meta":{"_acf_changed":false,"_relevanssi_hide_post":"","_relevanssi_hide_content":"","_relevanssi_pin_for_all":"","_relevanssi_pin_keywords":"","_relevanssi_unpin_keywords":"","_relevanssi_related_keywords":"","_relevanssi_related_include_ids":"","_relevanssi_related_exclude_ids":"","_relevanssi_related_no_append":"","_relevanssi_related_not_related":"","_relevanssi_related_posts":"","_relevanssi_noindex_reason":"","footnotes":""},"tags":[],"mc_loyalty_program":[],"class_list":["post-5374","page","type-page","status-publish","has-post-thumbnail","hentry"],"acf":[],"yoast_head":"<!-- This site is optimized with the Yoast SEO plugin v27.4 - https:\/\/yoast.com\/product\/yoast-seo-wordpress\/ -->\n<title>Meilleures cartes de cr\u00e9dit sans frais annuels | Milesopedia USA<\/title>\n<meta name=\"robots\" content=\"index, follow, max-snippet:-1, max-image-preview:large, max-video-preview:-1\" \/>\n<link rel=\"canonical\" href=\"https:\/\/milesopedia.us\/fr\/meilleures-cartes-credit\/no-annual-fee\/\" \/>\n<meta property=\"og:locale\" content=\"fr_FR\" \/>\n<meta property=\"og:type\" content=\"article\" \/>\n<meta property=\"og:title\" content=\"Meilleures cartes de cr\u00e9dit sans frais annuels | Milesopedia USA\" \/>\n<meta property=\"og:description\" content=\"FAQ sur les cartes de cr&eacute;dit sans frais annuels\" \/>\n<meta property=\"og:url\" content=\"https:\/\/milesopedia.us\/fr\/meilleures-cartes-credit\/no-annual-fee\/\" \/>\n<meta property=\"og:site_name\" content=\"Milesopedia USA\" \/>\n<meta property=\"article:publisher\" content=\"https:\/\/www.facebook.com\/milesopedia.usa\" \/>\n<meta property=\"article:modified_time\" content=\"2025-10-01T09:22:17+00:00\" \/>\n<meta property=\"og:image\" content=\"https:\/\/milesopedia.us\/wp-content\/uploads\/2025\/06\/Best-Credit-Cards_No-Annual-Fee_1024x538.jpg\" \/>\n\t<meta property=\"og:image:width\" content=\"1024\" \/>\n\t<meta property=\"og:image:height\" content=\"538\" \/>\n\t<meta property=\"og:image:type\" content=\"image\/jpeg\" \/>\n<meta name=\"twitter:card\" content=\"summary_large_image\" \/>\n<meta name=\"twitter:label1\" content=\"Dur\u00e9e de lecture estim\u00e9e\" \/>\n\t<meta name=\"twitter:data1\" content=\"2 minutes\" \/>\n<script type=\"application\/ld+json\" class=\"yoast-schema-graph\">{\"@context\":\"https:\\\/\\\/schema.org\",\"@graph\":[{\"@type\":\"WebPage\",\"@id\":\"https:\\\/\\\/milesopedia.us\\\/fr\\\/meilleures-cartes-credit\\\/no-annual-fee\\\/\",\"url\":\"https:\\\/\\\/milesopedia.us\\\/fr\\\/meilleures-cartes-credit\\\/no-annual-fee\\\/\",\"name\":\"Meilleures cartes de cr\u00e9dit sans frais annuels | Milesopedia USA\",\"isPartOf\":{\"@id\":\"https:\\\/\\\/milesopedia.us\\\/fr\\\/#website\"},\"primaryImageOfPage\":{\"@id\":\"https:\\\/\\\/milesopedia.us\\\/fr\\\/meilleures-cartes-credit\\\/no-annual-fee\\\/#primaryimage\"},\"image\":{\"@id\":\"https:\\\/\\\/milesopedia.us\\\/fr\\\/meilleures-cartes-credit\\\/no-annual-fee\\\/#primaryimage\"},\"thumbnailUrl\":\"https:\\\/\\\/milesopedia.us\\\/wp-content\\\/uploads\\\/2025\\\/06\\\/Best-Credit-Cards_No-Annual-Fee_1024x538.jpg\",\"datePublished\":\"2025-10-01T04:11:00+00:00\",\"dateModified\":\"2025-10-01T09:22:17+00:00\",\"inLanguage\":\"fr-FR\",\"potentialAction\":[{\"@type\":\"ReadAction\",\"target\":[\"https:\\\/\\\/milesopedia.us\\\/fr\\\/meilleures-cartes-credit\\\/no-annual-fee\\\/\"]}]},{\"@type\":\"ImageObject\",\"inLanguage\":\"fr-FR\",\"@id\":\"https:\\\/\\\/milesopedia.us\\\/fr\\\/meilleures-cartes-credit\\\/no-annual-fee\\\/#primaryimage\",\"url\":\"https:\\\/\\\/milesopedia.us\\\/wp-content\\\/uploads\\\/2025\\\/06\\\/Best-Credit-Cards_No-Annual-Fee_1024x538.jpg\",\"contentUrl\":\"https:\\\/\\\/milesopedia.us\\\/wp-content\\\/uploads\\\/2025\\\/06\\\/Best-Credit-Cards_No-Annual-Fee_1024x538.jpg\",\"width\":1024,\"height\":538,\"caption\":\"Sans frais annuels\"},{\"@type\":\"WebSite\",\"@id\":\"https:\\\/\\\/milesopedia.us\\\/fr\\\/#website\",\"url\":\"https:\\\/\\\/milesopedia.us\\\/fr\\\/\",\"name\":\"Milesopedia USA\",\"description\":\"Loyalty Programs &amp; Credit Cards\",\"publisher\":{\"@id\":\"https:\\\/\\\/milesopedia.us\\\/fr\\\/#organization\"},\"potentialAction\":[{\"@type\":\"SearchAction\",\"target\":{\"@type\":\"EntryPoint\",\"urlTemplate\":\"https:\\\/\\\/milesopedia.us\\\/fr\\\/?s={search_term_string}\"},\"query-input\":{\"@type\":\"PropertyValueSpecification\",\"valueRequired\":true,\"valueName\":\"search_term_string\"}}],\"inLanguage\":\"fr-FR\"},{\"@type\":\"Organization\",\"@id\":\"https:\\\/\\\/milesopedia.us\\\/fr\\\/#organization\",\"name\":\"Milesopedia \u00c9tats-Unis\",\"url\":\"https:\\\/\\\/milesopedia.us\\\/fr\\\/\",\"logo\":{\"@type\":\"ImageObject\",\"inLanguage\":\"fr-FR\",\"@id\":\"https:\\\/\\\/milesopedia.us\\\/fr\\\/#\\\/schema\\\/logo\\\/image\\\/\",\"url\":\"https:\\\/\\\/milesopedia.us\\\/wp-content\\\/uploads\\\/2025\\\/01\\\/Milesopedia-USA.png\",\"contentUrl\":\"https:\\\/\\\/milesopedia.us\\\/wp-content\\\/uploads\\\/2025\\\/01\\\/Milesopedia-USA.png\",\"width\":1024,\"height\":234,\"caption\":\"Milesopedia \u00c9tats-Unis\"},\"image\":{\"@id\":\"https:\\\/\\\/milesopedia.us\\\/fr\\\/#\\\/schema\\\/logo\\\/image\\\/\"},\"sameAs\":[\"https:\\\/\\\/www.facebook.com\\\/milesopedia.usa\",\"https:\\\/\\\/www.instagram.com\\\/milesopedia.usa\"]}]}<\/script>\n<!-- \/ Yoast SEO plugin. -->","yoast_head_json":{"title":"Meilleures cartes de cr\u00e9dit sans frais annuels | Milesopedia USA","robots":{"index":"index","follow":"follow","max-snippet":"max-snippet:-1","max-image-preview":"max-image-preview:large","max-video-preview":"max-video-preview:-1"},"canonical":"https:\/\/milesopedia.us\/fr\/meilleures-cartes-credit\/no-annual-fee\/","og_locale":"fr_FR","og_type":"article","og_title":"Meilleures cartes de cr\u00e9dit sans frais annuels | Milesopedia USA","og_description":"FAQ sur les cartes de cr&eacute;dit sans frais annuels","og_url":"https:\/\/milesopedia.us\/fr\/meilleures-cartes-credit\/no-annual-fee\/","og_site_name":"Milesopedia USA","article_publisher":"https:\/\/www.facebook.com\/milesopedia.usa","article_modified_time":"2025-10-01T09:22:17+00:00","og_image":[{"width":1024,"height":538,"url":"https:\/\/milesopedia.us\/wp-content\/uploads\/2025\/06\/Best-Credit-Cards_No-Annual-Fee_1024x538.jpg","type":"image\/jpeg"}],"twitter_card":"summary_large_image","twitter_misc":{"Dur\u00e9e de lecture estim\u00e9e":"2 minutes"},"schema":{"@context":"https:\/\/schema.org","@graph":[{"@type":"WebPage","@id":"https:\/\/milesopedia.us\/fr\/meilleures-cartes-credit\/no-annual-fee\/","url":"https:\/\/milesopedia.us\/fr\/meilleures-cartes-credit\/no-annual-fee\/","name":"Meilleures cartes de cr\u00e9dit sans frais annuels | Milesopedia USA","isPartOf":{"@id":"https:\/\/milesopedia.us\/fr\/#website"},"primaryImageOfPage":{"@id":"https:\/\/milesopedia.us\/fr\/meilleures-cartes-credit\/no-annual-fee\/#primaryimage"},"image":{"@id":"https:\/\/milesopedia.us\/fr\/meilleures-cartes-credit\/no-annual-fee\/#primaryimage"},"thumbnailUrl":"https:\/\/milesopedia.us\/wp-content\/uploads\/2025\/06\/Best-Credit-Cards_No-Annual-Fee_1024x538.jpg","datePublished":"2025-10-01T04:11:00+00:00","dateModified":"2025-10-01T09:22:17+00:00","inLanguage":"fr-FR","potentialAction":[{"@type":"ReadAction","target":["https:\/\/milesopedia.us\/fr\/meilleures-cartes-credit\/no-annual-fee\/"]}]},{"@type":"ImageObject","inLanguage":"fr-FR","@id":"https:\/\/milesopedia.us\/fr\/meilleures-cartes-credit\/no-annual-fee\/#primaryimage","url":"https:\/\/milesopedia.us\/wp-content\/uploads\/2025\/06\/Best-Credit-Cards_No-Annual-Fee_1024x538.jpg","contentUrl":"https:\/\/milesopedia.us\/wp-content\/uploads\/2025\/06\/Best-Credit-Cards_No-Annual-Fee_1024x538.jpg","width":1024,"height":538,"caption":"Sans frais annuels"},{"@type":"WebSite","@id":"https:\/\/milesopedia.us\/fr\/#website","url":"https:\/\/milesopedia.us\/fr\/","name":"Milesopedia USA","description":"Loyalty Programs &amp; Credit Cards","publisher":{"@id":"https:\/\/milesopedia.us\/fr\/#organization"},"potentialAction":[{"@type":"SearchAction","target":{"@type":"EntryPoint","urlTemplate":"https:\/\/milesopedia.us\/fr\/?s={search_term_string}"},"query-input":{"@type":"PropertyValueSpecification","valueRequired":true,"valueName":"search_term_string"}}],"inLanguage":"fr-FR"},{"@type":"Organization","@id":"https:\/\/milesopedia.us\/fr\/#organization","name":"Milesopedia \u00c9tats-Unis","url":"https:\/\/milesopedia.us\/fr\/","logo":{"@type":"ImageObject","inLanguage":"fr-FR","@id":"https:\/\/milesopedia.us\/fr\/#\/schema\/logo\/image\/","url":"https:\/\/milesopedia.us\/wp-content\/uploads\/2025\/01\/Milesopedia-USA.png","contentUrl":"https:\/\/milesopedia.us\/wp-content\/uploads\/2025\/01\/Milesopedia-USA.png","width":1024,"height":234,"caption":"Milesopedia \u00c9tats-Unis"},"image":{"@id":"https:\/\/milesopedia.us\/fr\/#\/schema\/logo\/image\/"},"sameAs":["https:\/\/www.facebook.com\/milesopedia.usa","https:\/\/www.instagram.com\/milesopedia.usa"]}]}},"_links":{"self":[{"href":"https:\/\/milesopedia.us\/fr\/wp-json\/wp\/v2\/pages\/5374","targetHints":{"allow":["GET"]}}],"collection":[{"href":"https:\/\/milesopedia.us\/fr\/wp-json\/wp\/v2\/pages"}],"about":[{"href":"https:\/\/milesopedia.us\/fr\/wp-json\/wp\/v2\/types\/page"}],"author":[{"embeddable":true,"href":"https:\/\/milesopedia.us\/fr\/wp-json\/wp\/v2\/users\/2"}],"replies":[{"embeddable":true,"href":"https:\/\/milesopedia.us\/fr\/wp-json\/wp\/v2\/comments?post=5374"}],"version-history":[{"count":2,"href":"https:\/\/milesopedia.us\/fr\/wp-json\/wp\/v2\/pages\/5374\/revisions"}],"predecessor-version":[{"id":7505,"href":"https:\/\/milesopedia.us\/fr\/wp-json\/wp\/v2\/pages\/5374\/revisions\/7505"}],"up":[{"embeddable":true,"href":"https:\/\/milesopedia.us\/fr\/wp-json\/wp\/v2\/pages\/5313"}],"wp:featuredmedia":[{"embeddable":true,"href":"https:\/\/milesopedia.us\/fr\/wp-json\/wp\/v2\/media\/5375"}],"wp:attachment":[{"href":"https:\/\/milesopedia.us\/fr\/wp-json\/wp\/v2\/media?parent=5374"}],"wp:term":[{"taxonomy":"post_tag","embeddable":true,"href":"https:\/\/milesopedia.us\/fr\/wp-json\/wp\/v2\/tags?post=5374"},{"taxonomy":"mc_loyalty_program","embeddable":true,"href":"https:\/\/milesopedia.us\/fr\/wp-json\/wp\/v2\/mc_loyalty_program?post=5374"}],"curies":[{"name":"wp","href":"https:\/\/api.w.org\/{rel}","templated":true}]}}