{"id":5379,"date":"2025-10-01T00:24:00","date_gmt":"2025-10-01T04:24:00","guid":{"rendered":"https:\/\/milesopedia.us\/meilleures-cartes-de-credit-aux-etats-unis\/meilleures-cartes-de-credit-a-recompenses-capital-one\/"},"modified":"2025-10-01T05:21:51","modified_gmt":"2025-10-01T09:21:51","slug":"capital-one-rewards","status":"publish","type":"page","link":"https:\/\/milesopedia.us\/fr\/meilleures-cartes-credit\/capital-one-rewards\/","title":{"rendered":"Meilleures cartes de cr\u00e9dit \u00e0 r\u00e9compenses Capital One"},"content":{"rendered":"\n<p>Voici les meilleures offres de cartes de cr\u00e9dit \u00e0 r\u00e9compenses Capital One&nbsp;:<\/p>\n<aside class=\"component component__deferred_contents wp-block-milesgutenberg-deferred-contents\">\n\t\t\t\t<div\n\t\t\t\tdata-template='compare'\n\t\t\t\tdata-post_type='card'\n\t\t\t\tdata-per_page='4'\n\t\t\t\tclass='deferred_container--preload container_card container_template--compare container_count--4'\n\n\t\t\t\t\t\t\t\t\tdata-tag=\"card_id\"\n\t\t\t\t\t\t\tdata-post_ids=\"9094,9174,9096,9098\"\n\t\t\t\t\t\t\tdata-utm=\"wpb\"\n\t\t\t\t\t\t\t>\n\t\t\n    <div class=\"card card-list card-list-header\">\n        <div class=\"shimmer shimmer-bar shimmer-dark shimmer-bar--short card-specs--title\"><\/div>\n        <div class=\"shimmer shimmer-bar shimmer-dark shimmer-bar--short card-specs--title\"><\/div>\n    <\/div>\n\n\n<div class=\"card card-list\">\n\n\t<div class=\"card-list--grid\">\n\n\t\t<div class=\"card-list--card\">\n\t\t\t<div class=\"card-graphic-cta shimmer shimmer-card\"><\/div>\n\t\t<\/div>\n\n\t\t<div class=\"card-list--title-offer\">\n\n\t\t\t<div class=\"card--title\">\n\t\t\t\t<div class=\"shimmer shimmer-bar\"><\/div>\n\t\t\t<\/div>\n\n\t\t\t<div class=\"card-list--offer\">\n\t\t\t\t<div class=\"shimmer shimmer-bar\"><\/div>\n\t\t\t<\/div>\n\n\t\t<\/div>\n\n\t\t<div>\n\t\t\t<div class=\"card--apply\">\n\t\t\t\t<div class=\"shimmer shimmer-btn\"><\/div>\n\t\t\t<\/div>\n\t\t<\/div>\n\n\t<\/div>\n\n<\/div>\n<div class=\"card card-list\">\n\n\t<div class=\"card-list--grid\">\n\n\t\t<div class=\"card-list--card\">\n\t\t\t<div class=\"card-graphic-cta shimmer shimmer-card\"><\/div>\n\t\t<\/div>\n\n\t\t<div class=\"card-list--title-offer\">\n\n\t\t\t<div class=\"card--title\">\n\t\t\t\t<div class=\"shimmer shimmer-bar\"><\/div>\n\t\t\t<\/div>\n\n\t\t\t<div class=\"card-list--offer\">\n\t\t\t\t<div class=\"shimmer shimmer-bar\"><\/div>\n\t\t\t<\/div>\n\n\t\t<\/div>\n\n\t\t<div>\n\t\t\t<div class=\"card--apply\">\n\t\t\t\t<div class=\"shimmer shimmer-btn\"><\/div>\n\t\t\t<\/div>\n\t\t<\/div>\n\n\t<\/div>\n\n<\/div>\n<div class=\"card card-list\">\n\n\t<div class=\"card-list--grid\">\n\n\t\t<div class=\"card-list--card\">\n\t\t\t<div class=\"card-graphic-cta shimmer shimmer-card\"><\/div>\n\t\t<\/div>\n\n\t\t<div class=\"card-list--title-offer\">\n\n\t\t\t<div class=\"card--title\">\n\t\t\t\t<div class=\"shimmer shimmer-bar\"><\/div>\n\t\t\t<\/div>\n\n\t\t\t<div class=\"card-list--offer\">\n\t\t\t\t<div class=\"shimmer shimmer-bar\"><\/div>\n\t\t\t<\/div>\n\n\t\t<\/div>\n\n\t\t<div>\n\t\t\t<div class=\"card--apply\">\n\t\t\t\t<div class=\"shimmer shimmer-btn\"><\/div>\n\t\t\t<\/div>\n\t\t<\/div>\n\n\t<\/div>\n\n<\/div>\n<div class=\"card card-list\">\n\n\t<div class=\"card-list--grid\">\n\n\t\t<div class=\"card-list--card\">\n\t\t\t<div class=\"card-graphic-cta shimmer shimmer-card\"><\/div>\n\t\t<\/div>\n\n\t\t<div class=\"card-list--title-offer\">\n\n\t\t\t<div class=\"card--title\">\n\t\t\t\t<div class=\"shimmer shimmer-bar\"><\/div>\n\t\t\t<\/div>\n\n\t\t\t<div class=\"card-list--offer\">\n\t\t\t\t<div class=\"shimmer shimmer-bar\"><\/div>\n\t\t\t<\/div>\n\n\t\t<\/div>\n\n\t\t<div>\n\t\t\t<div class=\"card--apply\">\n\t\t\t\t<div class=\"shimmer shimmer-btn\"><\/div>\n\t\t\t<\/div>\n\t\t<\/div>\n\n\t<\/div>\n\n<\/div>\t\t<\/div>\n\n\t\t<\/aside>\n<h2 class=\"wp-block-heading\" id=\"faq_sur_les_cartes_de_cr_dit_r_compenses_capital_one\">FAQ sur les cartes de cr&eacute;dit &agrave; r&eacute;compenses Capital One<\/h2>\n<aside class=\"component component__faq wp-block-milesgutenberg-faq\">\n\t\n<div class=\"component component__faq__item component__faq__item--opened wp-block-milesgutenberg-faq-item\">\n\t<div class=\"component__faq__item__title\">\n\t\t<h4 id=\"quels_types_de_r_compenses_puis-je_gagner_avec_les_cartes_capital_one_\" class=\"toc_exclude component__faq__item__title__heading\">\n\t\t\tQuels types de r\u00e9compenses puis-je gagner avec les cartes Capital One&nbsp;?\t\t<\/h4>\n\t\t<i class=\"fas fa-chevron-down\"><\/i>\n\t<\/div>\n\t<div class=\"component__faq__item__content\">\n\t\t<div class=\"component__faq__item__content__inner\">\n\t\t\t\n\n<p>Capital One propose des cartes offrant du cashback et des miles voyage. Vous pouvez choisir un taux fixe de cashback \u2014 comme 1,5&nbsp;% sur tous les achats \u2014 ou des miles \u00e9changeables contre des voyages ou transf\u00e9rables vers des compagnies a\u00e9riennes partenaires. <\/p>\n\n\t\t<\/div>\n\t<\/div>\n<\/div>\n\n\n<div class=\"component component__faq__item component__faq__item--opened wp-block-milesgutenberg-faq-item\">\n\t<div class=\"component__faq__item__title\">\n\t\t<h4 id=\"les_r_compenses_capital_one_expirent-elles_\" class=\"toc_exclude component__faq__item__title__heading\">\n\t\t\tLes r\u00e9compenses Capital One expirent-elles&nbsp;?\t\t<\/h4>\n\t\t<i class=\"fas fa-chevron-down\"><\/i>\n\t<\/div>\n\t<div class=\"component__faq__item__content\">\n\t\t<div class=\"component__faq__item__content__inner\">\n\t\t\t\n\n<p>Non. Tant que votre compte reste ouvert et en r\u00e8gle, vos r\u00e9compenses \u2014 cashback ou miles \u2014 n&rsquo;expireront jamais. <\/p>\n\n\t\t<\/div>\n\t<\/div>\n<\/div>\n\n\n<div class=\"component component__faq__item component__faq__item--opened wp-block-milesgutenberg-faq-item\">\n\t<div class=\"component__faq__item__title\">\n\t\t<h4 id=\"y_a-t-il_une_limite_ce_que_je_peux_gagner_\" class=\"toc_exclude component__faq__item__title__heading\">\n\t\t\tY a-t-il une limite \u00e0 ce que je peux gagner&nbsp;?\t\t<\/h4>\n\t\t<i class=\"fas fa-chevron-down\"><\/i>\n\t<\/div>\n\t<div class=\"component__faq__item__content\">\n\t\t<div class=\"component__faq__item__content__inner\">\n\t\t\t\n\n<p>Il n&rsquo;y a pas de limite de gains. Vous pouvez accumuler un nombre illimit\u00e9 de cashback ou de miles sur tous vos achats. <\/p>\n\n\t\t<\/div>\n\t<\/div>\n<\/div>\n\n\n<div class=\"component component__faq__item component__faq__item--opened wp-block-milesgutenberg-faq-item\">\n\t<div class=\"component__faq__item__title\">\n\t\t<h4 id=\"comment_puis-je_changer_mes_r_compenses_\" class=\"toc_exclude component__faq__item__title__heading\">\n\t\t\tComment puis-je \u00e9changer mes r\u00e9compenses&nbsp;?\t\t<\/h4>\n\t\t<i class=\"fas fa-chevron-down\"><\/i>\n\t<\/div>\n\t<div class=\"component__faq__item__content\">\n\t\t<div class=\"component__faq__item__content__inner\">\n\t\t\t\n\n<p>Vous pouvez \u00e9changer vos r\u00e9compenses contre un cr\u00e9dit sur relev\u00e9, des cartes-cadeaux, des achats sur Amazon ou PayPal, ou r\u00e9server des voyages via Capital One Travel. Les miles peuvent \u00e9galement \u00eatre transf\u00e9r\u00e9s vers des compagnies a\u00e9riennes partenaires pour plus de flexibilit\u00e9. <\/p>\n\n\t\t<\/div>\n\t<\/div>\n<\/div>\n\n\n<div class=\"component component__faq__item component__faq__item--opened wp-block-milesgutenberg-faq-item\">\n\t<div class=\"component__faq__item__title\">\n\t\t<h4 id=\"quelle_est_la_diff_rence_entre_les_cartes_de_remise_en_argent_et_les_cartes_de_miles_\" class=\"toc_exclude component__faq__item__title__heading\">\n\t\t\tQuelle est la diff\u00e9rence entre les cartes de remise en argent et les cartes de miles&nbsp;?\t\t<\/h4>\n\t\t<i class=\"fas fa-chevron-down\"><\/i>\n\t<\/div>\n\t<div class=\"component__faq__item__content\">\n\t\t<div class=\"component__faq__item__content__inner\">\n\t\t\t\n\n<p>Les cartes cashback vous reversent un pourcentage de vos d\u00e9penses en dollars \u2014 simple et direct. Les cartes \u00e0 miles permettent de gagner une monnaie voyage, qui peut \u00eatre plus avantageuse lorsqu&rsquo;elle est utilis\u00e9e strat\u00e9giquement, particuli\u00e8rement pour les vols et les h\u00f4tels. <\/p>\n\n\t\t<\/div>\n\t<\/div>\n<\/div>\n\n\n<div class=\"component component__faq__item component__faq__item--opened wp-block-milesgutenberg-faq-item\">\n\t<div class=\"component__faq__item__title\">\n\t\t<h4 id=\"ai-je_besoin_dun_excellent_cr_dit_pour_les_cartes_de_r_compenses_capital_one_\" class=\"toc_exclude component__faq__item__title__heading\">\n\t\t\tAi-je besoin d&rsquo;un excellent cr\u00e9dit pour les cartes de r\u00e9compenses Capital One&nbsp;?\t\t<\/h4>\n\t\t<i class=\"fas fa-chevron-down\"><\/i>\n\t<\/div>\n\t<div class=\"component__faq__item__content\">\n\t\t<div class=\"component__faq__item__content__inner\">\n\t\t\t\n\n<p>Oui, la plupart des cartes \u00e0 r\u00e9compenses Capital One n\u00e9cessitent un bon \u00e0 excellent cr\u00e9dit. Des cartes d&rsquo;entr\u00e9e de gamme sont disponibles pour ceux qui construisent leur cr\u00e9dit, mais les cartes voyage premium comme Venture X exigent g\u00e9n\u00e9ralement des profils de cr\u00e9dit solides. <\/p>\n\n\t\t<\/div>\n\t<\/div>\n<\/div>\n\n\n<div class=\"component component__faq__item component__faq__item--opened wp-block-milesgutenberg-faq-item\">\n\t<div class=\"component__faq__item__title\">\n\t\t<h4 id=\"quelle_carte_est_la_meilleure_pour_les_d_penses_quotidiennes_\" class=\"toc_exclude component__faq__item__title__heading\">\n\t\t\tQuelle carte est la meilleure pour les d\u00e9penses quotidiennes&nbsp;?\t\t<\/h4>\n\t\t<i class=\"fas fa-chevron-down\"><\/i>\n\t<\/div>\n\t<div class=\"component__faq__item__content\">\n\t\t<div class=\"component__faq__item__content__inner\">\n\t\t\t\n\n<p>Si vous recherchez la simplicit\u00e9, la Quicksilver<sup>&reg;<\/sup> offre 1,5&nbsp;% de retour sur tous les achats sans frais annuels. Pour la restauration, le streaming et les courses, la gamme Savor<sup>&reg;<\/sup> peut offrir des gains accrus dans ces cat\u00e9gories. <\/p>\n\n\t\t<\/div>\n\t<\/div>\n<\/div>\n\n\n<div class=\"component component__faq__item component__faq__item--opened wp-block-milesgutenberg-faq-item\">\n\t<div class=\"component__faq__item__title\">\n\t\t<h4 id=\"puis-je_transf_rer_mes_miles_dautres_personnes_\" class=\"toc_exclude component__faq__item__title__heading\">\n\t\t\tPuis-je transf\u00e9rer mes miles \u00e0 d&rsquo;autres personnes&nbsp;?\t\t<\/h4>\n\t\t<i class=\"fas fa-chevron-down\"><\/i>\n\t<\/div>\n\t<div class=\"component__faq__item__content\">\n\t\t<div class=\"component__faq__item__content__inner\">\n\t\t\t\n\n<p>Oui, les miles gagn\u00e9s avec des cartes comme Venture peuvent \u00eatre transf\u00e9r\u00e9s aux amis ou \u00e0 la famille qui d\u00e9tiennent des comptes miles Capital One, permettant de consolider les points pour des rachats voyage.<\/p>\n\n\t\t<\/div>\n\t<\/div>\n<\/div>\n\n<\/aside>","protected":false},"excerpt":{"rendered":"<p>Voici les meilleures offres de cartes de cr\u00e9dit \u00e0 r\u00e9compenses Capital One&nbsp;: FAQ sur les cartes de cr&eacute;dit &agrave; r&eacute;compenses Capital One<\/p>","protected":false},"author":2,"featured_media":5380,"parent":5313,"menu_order":0,"comment_status":"closed","ping_status":"closed","template":"page-toc.php","meta":{"_acf_changed":false,"_relevanssi_hide_post":"","_relevanssi_hide_content":"","_relevanssi_pin_for_all":"","_relevanssi_pin_keywords":"","_relevanssi_unpin_keywords":"","_relevanssi_related_keywords":"","_relevanssi_related_include_ids":"","_relevanssi_related_exclude_ids":"","_relevanssi_related_no_append":"","_relevanssi_related_not_related":"","_relevanssi_related_posts":"","_relevanssi_noindex_reason":"","footnotes":""},"tags":[],"mc_loyalty_program":[363],"class_list":["post-5379","page","type-page","status-publish","has-post-thumbnail","hentry","mc_issuer-capital-one-fr","mc_loyalty_program-capital-one-miles-fr"],"acf":[],"yoast_head":"<!-- This site is optimized with the Yoast SEO plugin v27.4 - https:\/\/yoast.com\/product\/yoast-seo-wordpress\/ -->\n<title>Meilleures cartes de cr\u00e9dit \u00e0 r\u00e9compenses Capital One | Milesopedia USA<\/title>\n<meta name=\"robots\" content=\"index, follow, max-snippet:-1, max-image-preview:large, max-video-preview:-1\" \/>\n<link rel=\"canonical\" href=\"https:\/\/milesopedia.us\/fr\/meilleures-cartes-credit\/capital-one-rewards\/\" \/>\n<meta property=\"og:locale\" content=\"fr_FR\" \/>\n<meta property=\"og:type\" content=\"article\" \/>\n<meta property=\"og:title\" content=\"Meilleures cartes de cr\u00e9dit \u00e0 r\u00e9compenses Capital One | Milesopedia USA\" \/>\n<meta property=\"og:description\" content=\"Voici les meilleures offres de cartes de cr\u00e9dit \u00e0 r\u00e9compenses Capital One&nbsp;: FAQ sur les cartes de cr&eacute;dit &agrave; r&eacute;compenses Capital One\" \/>\n<meta property=\"og:url\" content=\"https:\/\/milesopedia.us\/fr\/meilleures-cartes-credit\/capital-one-rewards\/\" \/>\n<meta property=\"og:site_name\" content=\"Milesopedia USA\" \/>\n<meta property=\"article:publisher\" content=\"https:\/\/www.facebook.com\/milesopedia.usa\" \/>\n<meta property=\"article:modified_time\" content=\"2025-10-01T09:21:51+00:00\" \/>\n<meta property=\"og:image\" content=\"https:\/\/milesopedia.us\/wp-content\/uploads\/2025\/06\/Best-Credit-Cards_Capital-One-Rewards_1024x538.jpg\" \/>\n\t<meta property=\"og:image:width\" content=\"1024\" \/>\n\t<meta property=\"og:image:height\" content=\"538\" \/>\n\t<meta property=\"og:image:type\" content=\"image\/jpeg\" \/>\n<meta name=\"twitter:card\" content=\"summary_large_image\" \/>\n<meta name=\"twitter:label1\" content=\"Dur\u00e9e de lecture estim\u00e9e\" \/>\n\t<meta name=\"twitter:data1\" content=\"2 minutes\" \/>\n<script type=\"application\/ld+json\" class=\"yoast-schema-graph\">{\"@context\":\"https:\\\/\\\/schema.org\",\"@graph\":[{\"@type\":\"WebPage\",\"@id\":\"https:\\\/\\\/milesopedia.us\\\/fr\\\/meilleures-cartes-credit\\\/capital-one-rewards\\\/\",\"url\":\"https:\\\/\\\/milesopedia.us\\\/fr\\\/meilleures-cartes-credit\\\/capital-one-rewards\\\/\",\"name\":\"Meilleures cartes de cr\u00e9dit \u00e0 r\u00e9compenses Capital One | Milesopedia USA\",\"isPartOf\":{\"@id\":\"https:\\\/\\\/milesopedia.us\\\/fr\\\/#website\"},\"primaryImageOfPage\":{\"@id\":\"https:\\\/\\\/milesopedia.us\\\/fr\\\/meilleures-cartes-credit\\\/capital-one-rewards\\\/#primaryimage\"},\"image\":{\"@id\":\"https:\\\/\\\/milesopedia.us\\\/fr\\\/meilleures-cartes-credit\\\/capital-one-rewards\\\/#primaryimage\"},\"thumbnailUrl\":\"https:\\\/\\\/milesopedia.us\\\/wp-content\\\/uploads\\\/2025\\\/06\\\/Best-Credit-Cards_Capital-One-Rewards_1024x538.jpg\",\"datePublished\":\"2025-10-01T04:24:00+00:00\",\"dateModified\":\"2025-10-01T09:21:51+00:00\",\"inLanguage\":\"fr-FR\",\"potentialAction\":[{\"@type\":\"ReadAction\",\"target\":[\"https:\\\/\\\/milesopedia.us\\\/fr\\\/meilleures-cartes-credit\\\/capital-one-rewards\\\/\"]}]},{\"@type\":\"ImageObject\",\"inLanguage\":\"fr-FR\",\"@id\":\"https:\\\/\\\/milesopedia.us\\\/fr\\\/meilleures-cartes-credit\\\/capital-one-rewards\\\/#primaryimage\",\"url\":\"https:\\\/\\\/milesopedia.us\\\/wp-content\\\/uploads\\\/2025\\\/06\\\/Best-Credit-Cards_Capital-One-Rewards_1024x538.jpg\",\"contentUrl\":\"https:\\\/\\\/milesopedia.us\\\/wp-content\\\/uploads\\\/2025\\\/06\\\/Best-Credit-Cards_Capital-One-Rewards_1024x538.jpg\",\"width\":1024,\"height\":538,\"caption\":\"R\u00e9compenses Capital One\"},{\"@type\":\"WebSite\",\"@id\":\"https:\\\/\\\/milesopedia.us\\\/fr\\\/#website\",\"url\":\"https:\\\/\\\/milesopedia.us\\\/fr\\\/\",\"name\":\"Milesopedia USA\",\"description\":\"Loyalty Programs &amp; Credit Cards\",\"publisher\":{\"@id\":\"https:\\\/\\\/milesopedia.us\\\/fr\\\/#organization\"},\"potentialAction\":[{\"@type\":\"SearchAction\",\"target\":{\"@type\":\"EntryPoint\",\"urlTemplate\":\"https:\\\/\\\/milesopedia.us\\\/fr\\\/?s={search_term_string}\"},\"query-input\":{\"@type\":\"PropertyValueSpecification\",\"valueRequired\":true,\"valueName\":\"search_term_string\"}}],\"inLanguage\":\"fr-FR\"},{\"@type\":\"Organization\",\"@id\":\"https:\\\/\\\/milesopedia.us\\\/fr\\\/#organization\",\"name\":\"Milesopedia \u00c9tats-Unis\",\"url\":\"https:\\\/\\\/milesopedia.us\\\/fr\\\/\",\"logo\":{\"@type\":\"ImageObject\",\"inLanguage\":\"fr-FR\",\"@id\":\"https:\\\/\\\/milesopedia.us\\\/fr\\\/#\\\/schema\\\/logo\\\/image\\\/\",\"url\":\"https:\\\/\\\/milesopedia.us\\\/wp-content\\\/uploads\\\/2025\\\/01\\\/Milesopedia-USA.png\",\"contentUrl\":\"https:\\\/\\\/milesopedia.us\\\/wp-content\\\/uploads\\\/2025\\\/01\\\/Milesopedia-USA.png\",\"width\":1024,\"height\":234,\"caption\":\"Milesopedia \u00c9tats-Unis\"},\"image\":{\"@id\":\"https:\\\/\\\/milesopedia.us\\\/fr\\\/#\\\/schema\\\/logo\\\/image\\\/\"},\"sameAs\":[\"https:\\\/\\\/www.facebook.com\\\/milesopedia.usa\",\"https:\\\/\\\/www.instagram.com\\\/milesopedia.usa\"]}]}<\/script>\n<!-- \/ Yoast SEO plugin. -->","yoast_head_json":{"title":"Meilleures cartes de cr\u00e9dit \u00e0 r\u00e9compenses Capital One | Milesopedia USA","robots":{"index":"index","follow":"follow","max-snippet":"max-snippet:-1","max-image-preview":"max-image-preview:large","max-video-preview":"max-video-preview:-1"},"canonical":"https:\/\/milesopedia.us\/fr\/meilleures-cartes-credit\/capital-one-rewards\/","og_locale":"fr_FR","og_type":"article","og_title":"Meilleures cartes de cr\u00e9dit \u00e0 r\u00e9compenses Capital One | Milesopedia USA","og_description":"Voici les meilleures offres de cartes de cr\u00e9dit \u00e0 r\u00e9compenses Capital One&nbsp;: FAQ sur les cartes de cr&eacute;dit &agrave; r&eacute;compenses Capital One","og_url":"https:\/\/milesopedia.us\/fr\/meilleures-cartes-credit\/capital-one-rewards\/","og_site_name":"Milesopedia USA","article_publisher":"https:\/\/www.facebook.com\/milesopedia.usa","article_modified_time":"2025-10-01T09:21:51+00:00","og_image":[{"width":1024,"height":538,"url":"https:\/\/milesopedia.us\/wp-content\/uploads\/2025\/06\/Best-Credit-Cards_Capital-One-Rewards_1024x538.jpg","type":"image\/jpeg"}],"twitter_card":"summary_large_image","twitter_misc":{"Dur\u00e9e de lecture estim\u00e9e":"2 minutes"},"schema":{"@context":"https:\/\/schema.org","@graph":[{"@type":"WebPage","@id":"https:\/\/milesopedia.us\/fr\/meilleures-cartes-credit\/capital-one-rewards\/","url":"https:\/\/milesopedia.us\/fr\/meilleures-cartes-credit\/capital-one-rewards\/","name":"Meilleures cartes de cr\u00e9dit \u00e0 r\u00e9compenses Capital One | Milesopedia USA","isPartOf":{"@id":"https:\/\/milesopedia.us\/fr\/#website"},"primaryImageOfPage":{"@id":"https:\/\/milesopedia.us\/fr\/meilleures-cartes-credit\/capital-one-rewards\/#primaryimage"},"image":{"@id":"https:\/\/milesopedia.us\/fr\/meilleures-cartes-credit\/capital-one-rewards\/#primaryimage"},"thumbnailUrl":"https:\/\/milesopedia.us\/wp-content\/uploads\/2025\/06\/Best-Credit-Cards_Capital-One-Rewards_1024x538.jpg","datePublished":"2025-10-01T04:24:00+00:00","dateModified":"2025-10-01T09:21:51+00:00","inLanguage":"fr-FR","potentialAction":[{"@type":"ReadAction","target":["https:\/\/milesopedia.us\/fr\/meilleures-cartes-credit\/capital-one-rewards\/"]}]},{"@type":"ImageObject","inLanguage":"fr-FR","@id":"https:\/\/milesopedia.us\/fr\/meilleures-cartes-credit\/capital-one-rewards\/#primaryimage","url":"https:\/\/milesopedia.us\/wp-content\/uploads\/2025\/06\/Best-Credit-Cards_Capital-One-Rewards_1024x538.jpg","contentUrl":"https:\/\/milesopedia.us\/wp-content\/uploads\/2025\/06\/Best-Credit-Cards_Capital-One-Rewards_1024x538.jpg","width":1024,"height":538,"caption":"R\u00e9compenses Capital One"},{"@type":"WebSite","@id":"https:\/\/milesopedia.us\/fr\/#website","url":"https:\/\/milesopedia.us\/fr\/","name":"Milesopedia USA","description":"Loyalty Programs &amp; Credit Cards","publisher":{"@id":"https:\/\/milesopedia.us\/fr\/#organization"},"potentialAction":[{"@type":"SearchAction","target":{"@type":"EntryPoint","urlTemplate":"https:\/\/milesopedia.us\/fr\/?s={search_term_string}"},"query-input":{"@type":"PropertyValueSpecification","valueRequired":true,"valueName":"search_term_string"}}],"inLanguage":"fr-FR"},{"@type":"Organization","@id":"https:\/\/milesopedia.us\/fr\/#organization","name":"Milesopedia \u00c9tats-Unis","url":"https:\/\/milesopedia.us\/fr\/","logo":{"@type":"ImageObject","inLanguage":"fr-FR","@id":"https:\/\/milesopedia.us\/fr\/#\/schema\/logo\/image\/","url":"https:\/\/milesopedia.us\/wp-content\/uploads\/2025\/01\/Milesopedia-USA.png","contentUrl":"https:\/\/milesopedia.us\/wp-content\/uploads\/2025\/01\/Milesopedia-USA.png","width":1024,"height":234,"caption":"Milesopedia \u00c9tats-Unis"},"image":{"@id":"https:\/\/milesopedia.us\/fr\/#\/schema\/logo\/image\/"},"sameAs":["https:\/\/www.facebook.com\/milesopedia.usa","https:\/\/www.instagram.com\/milesopedia.usa"]}]}},"_links":{"self":[{"href":"https:\/\/milesopedia.us\/fr\/wp-json\/wp\/v2\/pages\/5379","targetHints":{"allow":["GET"]}}],"collection":[{"href":"https:\/\/milesopedia.us\/fr\/wp-json\/wp\/v2\/pages"}],"about":[{"href":"https:\/\/milesopedia.us\/fr\/wp-json\/wp\/v2\/types\/page"}],"author":[{"embeddable":true,"href":"https:\/\/milesopedia.us\/fr\/wp-json\/wp\/v2\/users\/2"}],"replies":[{"embeddable":true,"href":"https:\/\/milesopedia.us\/fr\/wp-json\/wp\/v2\/comments?post=5379"}],"version-history":[{"count":2,"href":"https:\/\/milesopedia.us\/fr\/wp-json\/wp\/v2\/pages\/5379\/revisions"}],"predecessor-version":[{"id":7482,"href":"https:\/\/milesopedia.us\/fr\/wp-json\/wp\/v2\/pages\/5379\/revisions\/7482"}],"up":[{"embeddable":true,"href":"https:\/\/milesopedia.us\/fr\/wp-json\/wp\/v2\/pages\/5313"}],"wp:featuredmedia":[{"embeddable":true,"href":"https:\/\/milesopedia.us\/fr\/wp-json\/wp\/v2\/media\/5380"}],"wp:attachment":[{"href":"https:\/\/milesopedia.us\/fr\/wp-json\/wp\/v2\/media?parent=5379"}],"wp:term":[{"taxonomy":"post_tag","embeddable":true,"href":"https:\/\/milesopedia.us\/fr\/wp-json\/wp\/v2\/tags?post=5379"},{"taxonomy":"mc_loyalty_program","embeddable":true,"href":"https:\/\/milesopedia.us\/fr\/wp-json\/wp\/v2\/mc_loyalty_program?post=5379"}],"curies":[{"name":"wp","href":"https:\/\/api.w.org\/{rel}","templated":true}]}}