{"id":5398,"date":"2025-10-01T00:05:00","date_gmt":"2025-10-01T04:05:00","guid":{"rendered":"https:\/\/milesopedia.us\/meilleures-cartes-de-credit-aux-etats-unis\/meilleures-cartes-de-credit-u-s-bank\/"},"modified":"2025-10-01T05:22:19","modified_gmt":"2025-10-01T09:22:19","slug":"us-bank","status":"publish","type":"page","link":"https:\/\/milesopedia.us\/fr\/meilleures-cartes-credit\/us-bank\/","title":{"rendered":"Meilleures cartes de cr\u00e9dit U.S. Bank"},"content":{"rendered":"\n<p>Voici les meilleures offres de cartes de cr\u00e9dit U.S. Bank&nbsp;:<\/p>\n<aside class=\"component component__deferred_contents wp-block-milesgutenberg-deferred-contents\">\n\t\t\t\t<div\n\t\t\t\tdata-template='compare'\n\t\t\t\tdata-post_type='card'\n\t\t\t\tdata-per_page='15'\n\t\t\t\tclass='deferred_container--preload container_card container_template--compare container_count--12 container_count--lots'\n\n\t\t\t\t\t\t\t\t\tdata-tag=\"card_tax\"\n\t\t\t\t\t\t\tdata-mc_issuer=\"35\"\n\t\t\t\t\t\t\tdata-utm=\"wpb\"\n\t\t\t\t\t\t\t>\n\t\t\n    <div class=\"card card-list card-list-header\">\n        <div class=\"shimmer shimmer-bar shimmer-dark shimmer-bar--short card-specs--title\"><\/div>\n        <div class=\"shimmer shimmer-bar shimmer-dark shimmer-bar--short card-specs--title\"><\/div>\n    <\/div>\n\n\n<div class=\"card card-list\">\n\n\t<div class=\"card-list--grid\">\n\n\t\t<div class=\"card-list--card\">\n\t\t\t<div class=\"card-graphic-cta shimmer shimmer-card\"><\/div>\n\t\t<\/div>\n\n\t\t<div class=\"card-list--title-offer\">\n\n\t\t\t<div class=\"card--title\">\n\t\t\t\t<div class=\"shimmer shimmer-bar\"><\/div>\n\t\t\t<\/div>\n\n\t\t\t<div class=\"card-list--offer\">\n\t\t\t\t<div class=\"shimmer shimmer-bar\"><\/div>\n\t\t\t<\/div>\n\n\t\t<\/div>\n\n\t\t<div>\n\t\t\t<div class=\"card--apply\">\n\t\t\t\t<div class=\"shimmer shimmer-btn\"><\/div>\n\t\t\t<\/div>\n\t\t<\/div>\n\n\t<\/div>\n\n<\/div>\n<div class=\"card card-list\">\n\n\t<div class=\"card-list--grid\">\n\n\t\t<div class=\"card-list--card\">\n\t\t\t<div class=\"card-graphic-cta shimmer shimmer-card\"><\/div>\n\t\t<\/div>\n\n\t\t<div class=\"card-list--title-offer\">\n\n\t\t\t<div class=\"card--title\">\n\t\t\t\t<div class=\"shimmer shimmer-bar\"><\/div>\n\t\t\t<\/div>\n\n\t\t\t<div class=\"card-list--offer\">\n\t\t\t\t<div class=\"shimmer shimmer-bar\"><\/div>\n\t\t\t<\/div>\n\n\t\t<\/div>\n\n\t\t<div>\n\t\t\t<div class=\"card--apply\">\n\t\t\t\t<div class=\"shimmer shimmer-btn\"><\/div>\n\t\t\t<\/div>\n\t\t<\/div>\n\n\t<\/div>\n\n<\/div>\n<div class=\"card card-list\">\n\n\t<div class=\"card-list--grid\">\n\n\t\t<div class=\"card-list--card\">\n\t\t\t<div class=\"card-graphic-cta shimmer shimmer-card\"><\/div>\n\t\t<\/div>\n\n\t\t<div class=\"card-list--title-offer\">\n\n\t\t\t<div class=\"card--title\">\n\t\t\t\t<div class=\"shimmer shimmer-bar\"><\/div>\n\t\t\t<\/div>\n\n\t\t\t<div class=\"card-list--offer\">\n\t\t\t\t<div class=\"shimmer shimmer-bar\"><\/div>\n\t\t\t<\/div>\n\n\t\t<\/div>\n\n\t\t<div>\n\t\t\t<div class=\"card--apply\">\n\t\t\t\t<div class=\"shimmer shimmer-btn\"><\/div>\n\t\t\t<\/div>\n\t\t<\/div>\n\n\t<\/div>\n\n<\/div>\n<div class=\"card card-list\">\n\n\t<div class=\"card-list--grid\">\n\n\t\t<div class=\"card-list--card\">\n\t\t\t<div class=\"card-graphic-cta shimmer shimmer-card\"><\/div>\n\t\t<\/div>\n\n\t\t<div class=\"card-list--title-offer\">\n\n\t\t\t<div class=\"card--title\">\n\t\t\t\t<div class=\"shimmer shimmer-bar\"><\/div>\n\t\t\t<\/div>\n\n\t\t\t<div class=\"card-list--offer\">\n\t\t\t\t<div class=\"shimmer shimmer-bar\"><\/div>\n\t\t\t<\/div>\n\n\t\t<\/div>\n\n\t\t<div>\n\t\t\t<div class=\"card--apply\">\n\t\t\t\t<div class=\"shimmer shimmer-btn\"><\/div>\n\t\t\t<\/div>\n\t\t<\/div>\n\n\t<\/div>\n\n<\/div>\n<div class=\"card card-list\">\n\n\t<div class=\"card-list--grid\">\n\n\t\t<div class=\"card-list--card\">\n\t\t\t<div class=\"card-graphic-cta shimmer shimmer-card\"><\/div>\n\t\t<\/div>\n\n\t\t<div class=\"card-list--title-offer\">\n\n\t\t\t<div class=\"card--title\">\n\t\t\t\t<div class=\"shimmer shimmer-bar\"><\/div>\n\t\t\t<\/div>\n\n\t\t\t<div class=\"card-list--offer\">\n\t\t\t\t<div class=\"shimmer shimmer-bar\"><\/div>\n\t\t\t<\/div>\n\n\t\t<\/div>\n\n\t\t<div>\n\t\t\t<div class=\"card--apply\">\n\t\t\t\t<div class=\"shimmer shimmer-btn\"><\/div>\n\t\t\t<\/div>\n\t\t<\/div>\n\n\t<\/div>\n\n<\/div>\n<div class=\"card card-list\">\n\n\t<div class=\"card-list--grid\">\n\n\t\t<div class=\"card-list--card\">\n\t\t\t<div class=\"card-graphic-cta shimmer shimmer-card\"><\/div>\n\t\t<\/div>\n\n\t\t<div class=\"card-list--title-offer\">\n\n\t\t\t<div class=\"card--title\">\n\t\t\t\t<div class=\"shimmer shimmer-bar\"><\/div>\n\t\t\t<\/div>\n\n\t\t\t<div class=\"card-list--offer\">\n\t\t\t\t<div class=\"shimmer shimmer-bar\"><\/div>\n\t\t\t<\/div>\n\n\t\t<\/div>\n\n\t\t<div>\n\t\t\t<div class=\"card--apply\">\n\t\t\t\t<div class=\"shimmer shimmer-btn\"><\/div>\n\t\t\t<\/div>\n\t\t<\/div>\n\n\t<\/div>\n\n<\/div>\n<div class=\"card card-list\">\n\n\t<div class=\"card-list--grid\">\n\n\t\t<div class=\"card-list--card\">\n\t\t\t<div class=\"card-graphic-cta shimmer shimmer-card\"><\/div>\n\t\t<\/div>\n\n\t\t<div class=\"card-list--title-offer\">\n\n\t\t\t<div class=\"card--title\">\n\t\t\t\t<div class=\"shimmer shimmer-bar\"><\/div>\n\t\t\t<\/div>\n\n\t\t\t<div class=\"card-list--offer\">\n\t\t\t\t<div class=\"shimmer shimmer-bar\"><\/div>\n\t\t\t<\/div>\n\n\t\t<\/div>\n\n\t\t<div>\n\t\t\t<div class=\"card--apply\">\n\t\t\t\t<div class=\"shimmer shimmer-btn\"><\/div>\n\t\t\t<\/div>\n\t\t<\/div>\n\n\t<\/div>\n\n<\/div>\n<div class=\"card card-list\">\n\n\t<div class=\"card-list--grid\">\n\n\t\t<div class=\"card-list--card\">\n\t\t\t<div class=\"card-graphic-cta shimmer shimmer-card\"><\/div>\n\t\t<\/div>\n\n\t\t<div class=\"card-list--title-offer\">\n\n\t\t\t<div class=\"card--title\">\n\t\t\t\t<div class=\"shimmer shimmer-bar\"><\/div>\n\t\t\t<\/div>\n\n\t\t\t<div class=\"card-list--offer\">\n\t\t\t\t<div class=\"shimmer shimmer-bar\"><\/div>\n\t\t\t<\/div>\n\n\t\t<\/div>\n\n\t\t<div>\n\t\t\t<div class=\"card--apply\">\n\t\t\t\t<div class=\"shimmer shimmer-btn\"><\/div>\n\t\t\t<\/div>\n\t\t<\/div>\n\n\t<\/div>\n\n<\/div>\n<div class=\"card card-list\">\n\n\t<div class=\"card-list--grid\">\n\n\t\t<div class=\"card-list--card\">\n\t\t\t<div class=\"card-graphic-cta shimmer shimmer-card\"><\/div>\n\t\t<\/div>\n\n\t\t<div class=\"card-list--title-offer\">\n\n\t\t\t<div class=\"card--title\">\n\t\t\t\t<div class=\"shimmer shimmer-bar\"><\/div>\n\t\t\t<\/div>\n\n\t\t\t<div class=\"card-list--offer\">\n\t\t\t\t<div class=\"shimmer shimmer-bar\"><\/div>\n\t\t\t<\/div>\n\n\t\t<\/div>\n\n\t\t<div>\n\t\t\t<div class=\"card--apply\">\n\t\t\t\t<div class=\"shimmer shimmer-btn\"><\/div>\n\t\t\t<\/div>\n\t\t<\/div>\n\n\t<\/div>\n\n<\/div>\n<div class=\"card card-list\">\n\n\t<div class=\"card-list--grid\">\n\n\t\t<div class=\"card-list--card\">\n\t\t\t<div class=\"card-graphic-cta shimmer shimmer-card\"><\/div>\n\t\t<\/div>\n\n\t\t<div class=\"card-list--title-offer\">\n\n\t\t\t<div class=\"card--title\">\n\t\t\t\t<div class=\"shimmer shimmer-bar\"><\/div>\n\t\t\t<\/div>\n\n\t\t\t<div class=\"card-list--offer\">\n\t\t\t\t<div class=\"shimmer shimmer-bar\"><\/div>\n\t\t\t<\/div>\n\n\t\t<\/div>\n\n\t\t<div>\n\t\t\t<div class=\"card--apply\">\n\t\t\t\t<div class=\"shimmer shimmer-btn\"><\/div>\n\t\t\t<\/div>\n\t\t<\/div>\n\n\t<\/div>\n\n<\/div>\n<div class=\"card card-list\">\n\n\t<div class=\"card-list--grid\">\n\n\t\t<div class=\"card-list--card\">\n\t\t\t<div class=\"card-graphic-cta shimmer shimmer-card\"><\/div>\n\t\t<\/div>\n\n\t\t<div class=\"card-list--title-offer\">\n\n\t\t\t<div class=\"card--title\">\n\t\t\t\t<div class=\"shimmer shimmer-bar\"><\/div>\n\t\t\t<\/div>\n\n\t\t\t<div class=\"card-list--offer\">\n\t\t\t\t<div class=\"shimmer shimmer-bar\"><\/div>\n\t\t\t<\/div>\n\n\t\t<\/div>\n\n\t\t<div>\n\t\t\t<div class=\"card--apply\">\n\t\t\t\t<div class=\"shimmer shimmer-btn\"><\/div>\n\t\t\t<\/div>\n\t\t<\/div>\n\n\t<\/div>\n\n<\/div>\n<div class=\"card card-list\">\n\n\t<div class=\"card-list--grid\">\n\n\t\t<div class=\"card-list--card\">\n\t\t\t<div class=\"card-graphic-cta shimmer shimmer-card\"><\/div>\n\t\t<\/div>\n\n\t\t<div class=\"card-list--title-offer\">\n\n\t\t\t<div class=\"card--title\">\n\t\t\t\t<div class=\"shimmer shimmer-bar\"><\/div>\n\t\t\t<\/div>\n\n\t\t\t<div class=\"card-list--offer\">\n\t\t\t\t<div class=\"shimmer shimmer-bar\"><\/div>\n\t\t\t<\/div>\n\n\t\t<\/div>\n\n\t\t<div>\n\t\t\t<div class=\"card--apply\">\n\t\t\t\t<div class=\"shimmer shimmer-btn\"><\/div>\n\t\t\t<\/div>\n\t\t<\/div>\n\n\t<\/div>\n\n<\/div>\t\t<\/div>\n\n\t\t<\/aside>\n<h2 class=\"wp-block-heading\" id=\"faq_sur_les_cartes_de_cr_dit_u_s_bank\">FAQ sur les cartes de cr&eacute;dit U.S. Bank<\/h2>\n<aside class=\"component component__faq wp-block-milesgutenberg-faq\">\n\t\n<div class=\"component component__faq__item component__faq__item--opened wp-block-milesgutenberg-faq-item\">\n\t<div class=\"component__faq__item__title\">\n\t\t<h4 id=\"quels_types_de_cartes_de_cr_dit_la_carte_us_bank_propose-t-elle_\" class=\"toc_exclude component__faq__item__title__heading\">\n\t\t\tQuels types de cartes de cr\u00e9dit la Carte US Bank propose-t-elle&nbsp;?\t\t<\/h4>\n\t\t<i class=\"fas fa-chevron-down\"><\/i>\n\t<\/div>\n\t<div class=\"component__faq__item__content\">\n\t\t<div class=\"component__faq__item__content__inner\">\n\t\t\t\n\n<p>U.S. Bank propose une vari\u00e9t\u00e9 de cartes, notamment des cartes de remboursement en argent, de r\u00e9compenses voyages et des cartes \u00e9tudiantes. Elles r\u00e9pondent \u00e0 diff\u00e9rents besoins, des \u00e9conomies quotidiennes aux avantages voyages haut de gamme. <\/p>\n\n\t\t<\/div>\n\t<\/div>\n<\/div>\n\n\n<div class=\"component component__faq__item component__faq__item--opened wp-block-milesgutenberg-faq-item\">\n\t<div class=\"component__faq__item__title\">\n\t\t<h4 id=\"puis-je_gagner_des_r_compenses_bonus_avec_les_cartes_de_la_carte_us_bank_\" class=\"toc_exclude component__faq__item__title__heading\">\n\t\t\tPuis-je gagner des r\u00e9compenses bonus avec les cartes de la Carte US Bank&nbsp;?\t\t<\/h4>\n\t\t<i class=\"fas fa-chevron-down\"><\/i>\n\t<\/div>\n\t<div class=\"component__faq__item__content\">\n\t\t<div class=\"component__faq__item__content__inner\">\n\t\t\t\n\n<p>Oui. Selon la carte, vous pouvez obtenir des remboursements en argent bonus sur des cat\u00e9gories comme l&rsquo;\u00e9picerie, l&rsquo;essence, les restaurants ou les voyages. Certaines cartes offrent \u00e9galement des gains major\u00e9s lors de promotions saisonni\u00e8res ou de lancement.  <\/p>\n\n\t\t<\/div>\n\t<\/div>\n<\/div>\n\n\n<div class=\"component component__faq__item component__faq__item--opened wp-block-milesgutenberg-faq-item\">\n\t<div class=\"component__faq__item__title\">\n\t\t<h4 id=\"y_a-t-il_des_cartes_de_la_carte_us_bank_qui_suppriment_les_frais_de_transaction_l_tranger_\" class=\"toc_exclude component__faq__item__title__heading\">\n\t\t\tY a-t-il des cartes de la Carte US Bank qui suppriment les frais de transaction \u00e0 l&rsquo;\u00e9tranger&nbsp;?\t\t<\/h4>\n\t\t<i class=\"fas fa-chevron-down\"><\/i>\n\t<\/div>\n\t<div class=\"component__faq__item__content\">\n\t\t<div class=\"component__faq__item__content__inner\">\n\t\t\t\n\n<p>La plupart des cartes U.S. Bank facturent des frais de transaction \u00e0 l&rsquo;\u00e9tranger, elles sont donc principalement destin\u00e9es \u00e0 une utilisation nationale. Si vous voyagez \u00e0 l&rsquo;international, privil\u00e9giez les cartes haut de gamme ou \u00e9mises par des partenaires qui conviennent mieux aux d\u00e9penses \u00e0 l&rsquo;\u00e9tranger. <\/p>\n\n\t\t<\/div>\n\t<\/div>\n<\/div>\n\n\n<div class=\"component component__faq__item component__faq__item--opened wp-block-milesgutenberg-faq-item\">\n\t<div class=\"component__faq__item__title\">\n\t\t<h4 id=\"y_a-t-il_un_bonus_de_bienvenue_disponible_\" class=\"toc_exclude component__faq__item__title__heading\">\n\t\t\tY a-t-il un bonus de bienvenue disponible&nbsp;?\t\t<\/h4>\n\t\t<i class=\"fas fa-chevron-down\"><\/i>\n\t<\/div>\n\t<div class=\"component__faq__item__content\">\n\t\t<div class=\"component__faq__item__content__inner\">\n\t\t\t\n\n<p>Certaines cartes U.S. Bank offrent des primes de bienvenue \u2014 soit en points, soit en remboursement en argent \u2014 apr\u00e8s avoir atteint un montant minimum de d\u00e9penses dans les premiers mois. Ces offres varient, il est donc pr\u00e9f\u00e9rable de v\u00e9rifier les promotions en cours. <\/p>\n\n\t\t<\/div>\n\t<\/div>\n<\/div>\n\n\n<div class=\"component component__faq__item component__faq__item--opened wp-block-milesgutenberg-faq-item\">\n\t<div class=\"component__faq__item__title\">\n\t\t<h4 id=\"y_a-t-il_des_frais_annuels_\" class=\"toc_exclude component__faq__item__title__heading\">\n\t\t\tY a-t-il des frais annuels&nbsp;?\t\t<\/h4>\n\t\t<i class=\"fas fa-chevron-down\"><\/i>\n\t<\/div>\n\t<div class=\"component__faq__item__content\">\n\t\t<div class=\"component__faq__item__content__inner\">\n\t\t\t\n\n<p>U.S. Bank propose un m\u00e9lange de cartes sans frais annuels et d&rsquo;options haut de gamme qui peuvent comporter des frais. \u00c9valuez si les r\u00e9compenses et les avantages que vous utiliserez justifient les frais annuels. <\/p>\n\n\t\t<\/div>\n\t<\/div>\n<\/div>\n\n\n<div class=\"component component__faq__item component__faq__item--opened wp-block-milesgutenberg-faq-item\">\n\t<div class=\"component__faq__item__title\">\n\t\t<h4 id=\"puis-je_transf_rer_mes_points_de_la_carte_us_bank_vers_des_partenaires_de_voyage_\" class=\"toc_exclude component__faq__item__title__heading\">\n\t\t\tPuis-je transf\u00e9rer mes points de la Carte US Bank vers des partenaires de voyage&nbsp;?\t\t<\/h4>\n\t\t<i class=\"fas fa-chevron-down\"><\/i>\n\t<\/div>\n\t<div class=\"component__faq__item__content\">\n\t\t<div class=\"component__faq__item__content__inner\">\n\t\t\t\n\n<p>Non. Les points du programme de r\u00e9compenses U.S. Bank ne sont pas transf\u00e9rables vers des programmes de fid\u00e9lit\u00e9 a\u00e9riens ou h\u00f4teliers, mais peuvent \u00eatre \u00e9chang\u00e9s contre des voyages, des cartes-cadeaux, des cr\u00e9dits sur relev\u00e9 ou des marchandises. <\/p>\n\n\t\t<\/div>\n\t<\/div>\n<\/div>\n\n\n<div class=\"component component__faq__item component__faq__item--opened wp-block-milesgutenberg-faq-item\">\n\t<div class=\"component__faq__item__title\">\n\t\t<h4 id=\"comment_puis-je_maximiser_les_r_compenses_avec_les_cartes_de_la_carte_us_bank_\" class=\"toc_exclude component__faq__item__title__heading\">\n\t\t\tComment puis-je maximiser les r\u00e9compenses avec les cartes de la Carte US Bank&nbsp;?\t\t<\/h4>\n\t\t<i class=\"fas fa-chevron-down\"><\/i>\n\t<\/div>\n\t<div class=\"component__faq__item__content\">\n\t\t<div class=\"component__faq__item__content__inner\">\n\t\t\t\n\n<p>Utilisez les cartes offrant des bonus pour leurs cat\u00e9gories cibl\u00e9es \u2014 comme une carte voyage pour les vols ou une carte de remboursement en argent pour l&rsquo;\u00e9picerie. Combinez cela avec une carte \u00e0 usage g\u00e9n\u00e9ral pour couvrir les achats quotidiens. <\/p>\n\n\t\t<\/div>\n\t<\/div>\n<\/div>\n\n\n<div class=\"component component__faq__item component__faq__item--opened wp-block-milesgutenberg-faq-item\">\n\t<div class=\"component__faq__item__title\">\n\t\t<h4 id=\"comment_puis-je_demander_une_augmentation_de_ma_limite_de_cr_dit_\" class=\"toc_exclude component__faq__item__title__heading\">\n\t\t\tComment puis-je demander une augmentation de ma limite de cr\u00e9dit&nbsp;?\t\t<\/h4>\n\t\t<i class=\"fas fa-chevron-down\"><\/i>\n\t<\/div>\n\t<div class=\"component__faq__item__content\">\n\t\t<div class=\"component__faq__item__content__inner\">\n\t\t\t\n\n<p>Vous pouvez demander une augmentation de limite de cr\u00e9dit depuis votre compte en ligne ou en appelant le service client\u00e8le U.S. Bank. L&rsquo;approbation d\u00e9pend de votre historique de cr\u00e9dit, de vos revenus et de la performance de votre compte. <\/p>\n\n\t\t<\/div>\n\t<\/div>\n<\/div>\n\n\n<div class=\"component component__faq__item component__faq__item--opened wp-block-milesgutenberg-faq-item\">\n\t<div class=\"component__faq__item__title\">\n\t\t<h4 id=\"que_se_passe-t-il_si_je_perds_ma_carte_\" class=\"toc_exclude component__faq__item__title__heading\">\n\t\t\tQue se passe-t-il si je perds ma carte&nbsp;?\t\t<\/h4>\n\t\t<i class=\"fas fa-chevron-down\"><\/i>\n\t<\/div>\n\t<div class=\"component__faq__item__content\">\n\t\t<div class=\"component__faq__item__content__inner\">\n\t\t\t\n\n<p>Si votre carte de cr\u00e9dit U.S. Bank est perdue ou vol\u00e9e, signalez-le imm\u00e9diatement via l&rsquo;application mobile, le portail en ligne ou la ligne t\u00e9l\u00e9phonique. Une carte de remplacement sera \u00e9mise rapidement, et toute transaction frauduleuse fera l&rsquo;objet d&rsquo;une enqu\u00eate. <\/p>\n\n\t\t<\/div>\n\t<\/div>\n<\/div>\n\n<\/aside>","protected":false},"excerpt":{"rendered":"<p>Voici les meilleures offres de cartes de cr\u00e9dit U.S. Bank&nbsp;: FAQ sur les cartes de cr&eacute;dit U.S. Bank<\/p>","protected":false},"author":2,"featured_media":5399,"parent":5313,"menu_order":0,"comment_status":"closed","ping_status":"closed","template":"page-toc.php","meta":{"_acf_changed":false,"_relevanssi_hide_post":"","_relevanssi_hide_content":"","_relevanssi_pin_for_all":"","_relevanssi_pin_keywords":"","_relevanssi_unpin_keywords":"","_relevanssi_related_keywords":"","_relevanssi_related_include_ids":"","_relevanssi_related_exclude_ids":"","_relevanssi_related_no_append":"","_relevanssi_related_not_related":"","_relevanssi_related_posts":"","_relevanssi_noindex_reason":"","footnotes":""},"tags":[],"mc_loyalty_program":[],"class_list":["post-5398","page","type-page","status-publish","has-post-thumbnail","hentry","mc_issuer-carte-us-bank"],"acf":[],"yoast_head":"<!-- This site is optimized with the Yoast SEO plugin v27.4 - https:\/\/yoast.com\/product\/yoast-seo-wordpress\/ -->\n<title>Meilleures cartes de cr\u00e9dit U.S. Bank | Milesopedia USA<\/title>\n<meta name=\"robots\" content=\"index, follow, max-snippet:-1, max-image-preview:large, max-video-preview:-1\" \/>\n<link rel=\"canonical\" href=\"https:\/\/milesopedia.us\/fr\/meilleures-cartes-credit\/us-bank\/\" \/>\n<meta property=\"og:locale\" content=\"fr_FR\" \/>\n<meta property=\"og:type\" content=\"article\" \/>\n<meta property=\"og:title\" content=\"Meilleures cartes de cr\u00e9dit U.S. Bank | Milesopedia USA\" \/>\n<meta property=\"og:description\" content=\"Voici les meilleures offres de cartes de cr\u00e9dit U.S. Bank&nbsp;: FAQ sur les cartes de cr&eacute;dit U.S. Bank\" \/>\n<meta property=\"og:url\" content=\"https:\/\/milesopedia.us\/fr\/meilleures-cartes-credit\/us-bank\/\" \/>\n<meta property=\"og:site_name\" content=\"Milesopedia USA\" \/>\n<meta property=\"article:publisher\" content=\"https:\/\/www.facebook.com\/milesopedia.usa\" \/>\n<meta property=\"article:modified_time\" content=\"2025-10-01T09:22:19+00:00\" \/>\n<meta property=\"og:image\" content=\"https:\/\/milesopedia.us\/wp-content\/uploads\/2025\/06\/Best-Credit-Cards_US-Bank_1024x538.jpg\" \/>\n\t<meta property=\"og:image:width\" content=\"1024\" \/>\n\t<meta property=\"og:image:height\" content=\"538\" \/>\n\t<meta property=\"og:image:type\" content=\"image\/jpeg\" \/>\n<meta name=\"twitter:card\" content=\"summary_large_image\" \/>\n<meta name=\"twitter:label1\" content=\"Dur\u00e9e de lecture estim\u00e9e\" \/>\n\t<meta name=\"twitter:data1\" content=\"2 minutes\" \/>\n<script type=\"application\/ld+json\" class=\"yoast-schema-graph\">{\"@context\":\"https:\\\/\\\/schema.org\",\"@graph\":[{\"@type\":\"WebPage\",\"@id\":\"https:\\\/\\\/milesopedia.us\\\/fr\\\/meilleures-cartes-credit\\\/us-bank\\\/\",\"url\":\"https:\\\/\\\/milesopedia.us\\\/fr\\\/meilleures-cartes-credit\\\/us-bank\\\/\",\"name\":\"Meilleures cartes de cr\u00e9dit U.S. Bank | Milesopedia USA\",\"isPartOf\":{\"@id\":\"https:\\\/\\\/milesopedia.us\\\/fr\\\/#website\"},\"primaryImageOfPage\":{\"@id\":\"https:\\\/\\\/milesopedia.us\\\/fr\\\/meilleures-cartes-credit\\\/us-bank\\\/#primaryimage\"},\"image\":{\"@id\":\"https:\\\/\\\/milesopedia.us\\\/fr\\\/meilleures-cartes-credit\\\/us-bank\\\/#primaryimage\"},\"thumbnailUrl\":\"https:\\\/\\\/milesopedia.us\\\/wp-content\\\/uploads\\\/2025\\\/06\\\/Best-Credit-Cards_US-Bank_1024x538.jpg\",\"datePublished\":\"2025-10-01T04:05:00+00:00\",\"dateModified\":\"2025-10-01T09:22:19+00:00\",\"inLanguage\":\"fr-FR\",\"potentialAction\":[{\"@type\":\"ReadAction\",\"target\":[\"https:\\\/\\\/milesopedia.us\\\/fr\\\/meilleures-cartes-credit\\\/us-bank\\\/\"]}]},{\"@type\":\"ImageObject\",\"inLanguage\":\"fr-FR\",\"@id\":\"https:\\\/\\\/milesopedia.us\\\/fr\\\/meilleures-cartes-credit\\\/us-bank\\\/#primaryimage\",\"url\":\"https:\\\/\\\/milesopedia.us\\\/wp-content\\\/uploads\\\/2025\\\/06\\\/Best-Credit-Cards_US-Bank_1024x538.jpg\",\"contentUrl\":\"https:\\\/\\\/milesopedia.us\\\/wp-content\\\/uploads\\\/2025\\\/06\\\/Best-Credit-Cards_US-Bank_1024x538.jpg\",\"width\":1024,\"height\":538,\"caption\":\"U.S. Bank\"},{\"@type\":\"WebSite\",\"@id\":\"https:\\\/\\\/milesopedia.us\\\/fr\\\/#website\",\"url\":\"https:\\\/\\\/milesopedia.us\\\/fr\\\/\",\"name\":\"Milesopedia USA\",\"description\":\"Loyalty Programs &amp; Credit Cards\",\"publisher\":{\"@id\":\"https:\\\/\\\/milesopedia.us\\\/fr\\\/#organization\"},\"potentialAction\":[{\"@type\":\"SearchAction\",\"target\":{\"@type\":\"EntryPoint\",\"urlTemplate\":\"https:\\\/\\\/milesopedia.us\\\/fr\\\/?s={search_term_string}\"},\"query-input\":{\"@type\":\"PropertyValueSpecification\",\"valueRequired\":true,\"valueName\":\"search_term_string\"}}],\"inLanguage\":\"fr-FR\"},{\"@type\":\"Organization\",\"@id\":\"https:\\\/\\\/milesopedia.us\\\/fr\\\/#organization\",\"name\":\"Milesopedia \u00c9tats-Unis\",\"url\":\"https:\\\/\\\/milesopedia.us\\\/fr\\\/\",\"logo\":{\"@type\":\"ImageObject\",\"inLanguage\":\"fr-FR\",\"@id\":\"https:\\\/\\\/milesopedia.us\\\/fr\\\/#\\\/schema\\\/logo\\\/image\\\/\",\"url\":\"https:\\\/\\\/milesopedia.us\\\/wp-content\\\/uploads\\\/2025\\\/01\\\/Milesopedia-USA.png\",\"contentUrl\":\"https:\\\/\\\/milesopedia.us\\\/wp-content\\\/uploads\\\/2025\\\/01\\\/Milesopedia-USA.png\",\"width\":1024,\"height\":234,\"caption\":\"Milesopedia \u00c9tats-Unis\"},\"image\":{\"@id\":\"https:\\\/\\\/milesopedia.us\\\/fr\\\/#\\\/schema\\\/logo\\\/image\\\/\"},\"sameAs\":[\"https:\\\/\\\/www.facebook.com\\\/milesopedia.usa\",\"https:\\\/\\\/www.instagram.com\\\/milesopedia.usa\"]}]}<\/script>\n<!-- \/ Yoast SEO plugin. -->","yoast_head_json":{"title":"Meilleures cartes de cr\u00e9dit U.S. Bank | Milesopedia USA","robots":{"index":"index","follow":"follow","max-snippet":"max-snippet:-1","max-image-preview":"max-image-preview:large","max-video-preview":"max-video-preview:-1"},"canonical":"https:\/\/milesopedia.us\/fr\/meilleures-cartes-credit\/us-bank\/","og_locale":"fr_FR","og_type":"article","og_title":"Meilleures cartes de cr\u00e9dit U.S. Bank | Milesopedia USA","og_description":"Voici les meilleures offres de cartes de cr\u00e9dit U.S. Bank&nbsp;: FAQ sur les cartes de cr&eacute;dit U.S. Bank","og_url":"https:\/\/milesopedia.us\/fr\/meilleures-cartes-credit\/us-bank\/","og_site_name":"Milesopedia USA","article_publisher":"https:\/\/www.facebook.com\/milesopedia.usa","article_modified_time":"2025-10-01T09:22:19+00:00","og_image":[{"width":1024,"height":538,"url":"https:\/\/milesopedia.us\/wp-content\/uploads\/2025\/06\/Best-Credit-Cards_US-Bank_1024x538.jpg","type":"image\/jpeg"}],"twitter_card":"summary_large_image","twitter_misc":{"Dur\u00e9e de lecture estim\u00e9e":"2 minutes"},"schema":{"@context":"https:\/\/schema.org","@graph":[{"@type":"WebPage","@id":"https:\/\/milesopedia.us\/fr\/meilleures-cartes-credit\/us-bank\/","url":"https:\/\/milesopedia.us\/fr\/meilleures-cartes-credit\/us-bank\/","name":"Meilleures cartes de cr\u00e9dit U.S. Bank | Milesopedia USA","isPartOf":{"@id":"https:\/\/milesopedia.us\/fr\/#website"},"primaryImageOfPage":{"@id":"https:\/\/milesopedia.us\/fr\/meilleures-cartes-credit\/us-bank\/#primaryimage"},"image":{"@id":"https:\/\/milesopedia.us\/fr\/meilleures-cartes-credit\/us-bank\/#primaryimage"},"thumbnailUrl":"https:\/\/milesopedia.us\/wp-content\/uploads\/2025\/06\/Best-Credit-Cards_US-Bank_1024x538.jpg","datePublished":"2025-10-01T04:05:00+00:00","dateModified":"2025-10-01T09:22:19+00:00","inLanguage":"fr-FR","potentialAction":[{"@type":"ReadAction","target":["https:\/\/milesopedia.us\/fr\/meilleures-cartes-credit\/us-bank\/"]}]},{"@type":"ImageObject","inLanguage":"fr-FR","@id":"https:\/\/milesopedia.us\/fr\/meilleures-cartes-credit\/us-bank\/#primaryimage","url":"https:\/\/milesopedia.us\/wp-content\/uploads\/2025\/06\/Best-Credit-Cards_US-Bank_1024x538.jpg","contentUrl":"https:\/\/milesopedia.us\/wp-content\/uploads\/2025\/06\/Best-Credit-Cards_US-Bank_1024x538.jpg","width":1024,"height":538,"caption":"U.S. Bank"},{"@type":"WebSite","@id":"https:\/\/milesopedia.us\/fr\/#website","url":"https:\/\/milesopedia.us\/fr\/","name":"Milesopedia USA","description":"Loyalty Programs &amp; Credit Cards","publisher":{"@id":"https:\/\/milesopedia.us\/fr\/#organization"},"potentialAction":[{"@type":"SearchAction","target":{"@type":"EntryPoint","urlTemplate":"https:\/\/milesopedia.us\/fr\/?s={search_term_string}"},"query-input":{"@type":"PropertyValueSpecification","valueRequired":true,"valueName":"search_term_string"}}],"inLanguage":"fr-FR"},{"@type":"Organization","@id":"https:\/\/milesopedia.us\/fr\/#organization","name":"Milesopedia \u00c9tats-Unis","url":"https:\/\/milesopedia.us\/fr\/","logo":{"@type":"ImageObject","inLanguage":"fr-FR","@id":"https:\/\/milesopedia.us\/fr\/#\/schema\/logo\/image\/","url":"https:\/\/milesopedia.us\/wp-content\/uploads\/2025\/01\/Milesopedia-USA.png","contentUrl":"https:\/\/milesopedia.us\/wp-content\/uploads\/2025\/01\/Milesopedia-USA.png","width":1024,"height":234,"caption":"Milesopedia \u00c9tats-Unis"},"image":{"@id":"https:\/\/milesopedia.us\/fr\/#\/schema\/logo\/image\/"},"sameAs":["https:\/\/www.facebook.com\/milesopedia.usa","https:\/\/www.instagram.com\/milesopedia.usa"]}]}},"_links":{"self":[{"href":"https:\/\/milesopedia.us\/fr\/wp-json\/wp\/v2\/pages\/5398","targetHints":{"allow":["GET"]}}],"collection":[{"href":"https:\/\/milesopedia.us\/fr\/wp-json\/wp\/v2\/pages"}],"about":[{"href":"https:\/\/milesopedia.us\/fr\/wp-json\/wp\/v2\/types\/page"}],"author":[{"embeddable":true,"href":"https:\/\/milesopedia.us\/fr\/wp-json\/wp\/v2\/users\/2"}],"replies":[{"embeddable":true,"href":"https:\/\/milesopedia.us\/fr\/wp-json\/wp\/v2\/comments?post=5398"}],"version-history":[{"count":2,"href":"https:\/\/milesopedia.us\/fr\/wp-json\/wp\/v2\/pages\/5398\/revisions"}],"predecessor-version":[{"id":7504,"href":"https:\/\/milesopedia.us\/fr\/wp-json\/wp\/v2\/pages\/5398\/revisions\/7504"}],"up":[{"embeddable":true,"href":"https:\/\/milesopedia.us\/fr\/wp-json\/wp\/v2\/pages\/5313"}],"wp:featuredmedia":[{"embeddable":true,"href":"https:\/\/milesopedia.us\/fr\/wp-json\/wp\/v2\/media\/5399"}],"wp:attachment":[{"href":"https:\/\/milesopedia.us\/fr\/wp-json\/wp\/v2\/media?parent=5398"}],"wp:term":[{"taxonomy":"post_tag","embeddable":true,"href":"https:\/\/milesopedia.us\/fr\/wp-json\/wp\/v2\/tags?post=5398"},{"taxonomy":"mc_loyalty_program","embeddable":true,"href":"https:\/\/milesopedia.us\/fr\/wp-json\/wp\/v2\/mc_loyalty_program?post=5398"}],"curies":[{"name":"wp","href":"https:\/\/api.w.org\/{rel}","templated":true}]}}