{"id":5413,"date":"2025-07-24T04:57:19","date_gmt":"2025-07-24T08:57:19","guid":{"rendered":"https:\/\/milesopedia.us\/politique-publicitaire\/"},"modified":"2025-09-01T09:23:22","modified_gmt":"2025-09-01T13:23:22","slug":"politique-publicitaire","status":"publish","type":"page","link":"https:\/\/milesopedia.us\/fr\/politique-publicitaire\/","title":{"rendered":"Politique publicitaire"},"content":{"rendered":"\n<p>Milesopedia USA maintient des partenariats d&rsquo;affiliation avec des \u00e9metteurs de cartes de cr\u00e9dit, des entreprises de voyage et divers fournisseurs de services pr\u00e9sent\u00e9s sur notre site web et nos canaux de distribution (y compris les m\u00e9dias sociaux, les infolettres et le contenu vid\u00e9o). Cela signifie que nous pouvons recevoir une compensation lorsque vous cliquez sur des liens d&rsquo;affiliation et faites une demande pour un produit ou un service. Cette compensation peut influencer le placement ou la fr\u00e9quence de couverture de certains produits, mais n&rsquo;influence pas notre int\u00e9grit\u00e9 \u00e9ditoriale.  <\/p>\n\n<p>Notre \u00e9quipe \u00e9ditoriale fonctionne de mani\u00e8re ind\u00e9pendante et conserve le contr\u00f4le total sur tout le contenu, y compris les \u00e9valuations de cartes de cr\u00e9dit, les guides d&rsquo;avantages, les classements et les articles originaux bas\u00e9s sur des exp\u00e9riences personnelles. Le contenu sponsoris\u00e9 est clairement identifi\u00e9 comme tel. <\/p>\n\n<p>Ces partenariats nous permettent de fournir du contenu gratuit de haute qualit\u00e9, et nous nous engageons \u00e0 maintenir la transparence et l&rsquo;exactitude.<\/p>\n\n<p><strong>Les partenaires d&rsquo;affiliation peuvent inclure&nbsp;:<\/strong><\/p>\n\n<div class=\"component component__list\"><ul class=\"wp-block-list\">\n<li>American Express USA<\/li>\n\n\n\n<li>Bank of America<\/li>\n\n\n\n<li>Barclays<\/li>\n\n\n\n<li>Chase<\/li>\n\n\n\n<li>Capital One<\/li>\n\n\n\n<li>Citi<\/li>\n\n\n\n<li>Discover<\/li>\n\n\n\n<li>U.S. Bank<\/li>\n\n\n\n<li>Wells Fargo<\/li>\n\n\n\n<li>TD Bank<\/li>\n\n\n\n<li>American Express Canada<\/li>\n\n\n\n<li>Banque de Montr\u00e9al<\/li>\n\n\n\n<li>CIBC<\/li>\n\n\n\n<li>Banque Nationale<\/li>\n\n\n\n<li>Banque Scotia<\/li>\n\n\n\n<li>TD Canada Trust<\/li>\n\n\n\n<li>D&rsquo;autres partenaires de vente au d\u00e9tail et de voyage tels que Marriott, Hilton, Expedia et Amazon<\/li>\n<\/ul><\/div>\n\n<p>Nous nous engageons \u00e9galement dans des partenariats sponsoris\u00e9s directs qui peuvent impliquer des banni\u00e8res publicitaires, des placements privil\u00e9gi\u00e9s ou des articles sponsoris\u00e9s \u2014 tous clairement identifi\u00e9s comme tels.<\/p>","protected":false},"excerpt":{"rendered":"<p>Milesopedia USA maintient des partenariats d&rsquo;affiliation avec des \u00e9metteurs de cartes de cr\u00e9dit, des entreprises de voyage et divers fournisseurs de services pr\u00e9sent\u00e9s sur notre site web et nos canaux de distribution (y compris les m\u00e9dias sociaux, les infolettres et le contenu vid\u00e9o). Cela signifie que nous pouvons recevoir une compensation lorsque vous cliquez sur [&hellip;]<\/p>","protected":false},"author":2,"featured_media":0,"parent":0,"menu_order":0,"comment_status":"closed","ping_status":"closed","template":"","meta":{"_acf_changed":false,"_relevanssi_hide_post":"","_relevanssi_hide_content":"","_relevanssi_pin_for_all":"","_relevanssi_pin_keywords":"","_relevanssi_unpin_keywords":"","_relevanssi_related_keywords":"","_relevanssi_related_include_ids":"","_relevanssi_related_exclude_ids":"","_relevanssi_related_no_append":"","_relevanssi_related_not_related":"","_relevanssi_related_posts":"","_relevanssi_noindex_reason":"","footnotes":""},"tags":[],"mc_loyalty_program":[],"class_list":["post-5413","page","type-page","status-publish","hentry"],"acf":[],"yoast_head":"<!-- This site is optimized with the Yoast SEO plugin v27.5 - https:\/\/yoast.com\/product\/yoast-seo-wordpress\/ -->\n<title>Politique publicitaire | Milesopedia USA<\/title>\n<meta name=\"robots\" content=\"index, follow, max-snippet:-1, max-image-preview:large, max-video-preview:-1\" \/>\n<link rel=\"canonical\" href=\"https:\/\/milesopedia.us\/fr\/politique-publicitaire\/\" \/>\n<meta property=\"og:locale\" content=\"fr_FR\" \/>\n<meta property=\"og:type\" content=\"article\" \/>\n<meta property=\"og:title\" content=\"Politique publicitaire | Milesopedia USA\" \/>\n<meta property=\"og:description\" content=\"Milesopedia USA maintient des partenariats d&rsquo;affiliation avec des \u00e9metteurs de cartes de cr\u00e9dit, des entreprises de voyage et divers fournisseurs de services pr\u00e9sent\u00e9s sur notre site web et nos canaux de distribution (y compris les m\u00e9dias sociaux, les infolettres et le contenu vid\u00e9o). Cela signifie que nous pouvons recevoir une compensation lorsque vous cliquez sur [&hellip;]\" \/>\n<meta property=\"og:url\" content=\"https:\/\/milesopedia.us\/fr\/politique-publicitaire\/\" \/>\n<meta property=\"og:site_name\" content=\"Milesopedia USA\" \/>\n<meta property=\"article:publisher\" content=\"https:\/\/www.facebook.com\/milesopedia.usa\" \/>\n<meta property=\"article:modified_time\" content=\"2025-09-01T13:23:22+00:00\" \/>\n<meta property=\"og:image\" content=\"https:\/\/milesopedia.us\/wp-content\/uploads\/2025\/07\/Meilleures-offres-cartes_1024x538.jpg\" \/>\n\t<meta property=\"og:image:width\" content=\"1024\" \/>\n\t<meta property=\"og:image:height\" content=\"538\" \/>\n\t<meta property=\"og:image:type\" content=\"image\/jpeg\" \/>\n<meta name=\"twitter:card\" content=\"summary_large_image\" \/>\n<meta name=\"twitter:label1\" content=\"Dur\u00e9e de lecture estim\u00e9e\" \/>\n\t<meta name=\"twitter:data1\" content=\"1 minute\" \/>\n<script type=\"application\/ld+json\" class=\"yoast-schema-graph\">{\"@context\":\"https:\\\/\\\/schema.org\",\"@graph\":[{\"@type\":\"WebPage\",\"@id\":\"https:\\\/\\\/milesopedia.us\\\/fr\\\/politique-publicitaire\\\/\",\"url\":\"https:\\\/\\\/milesopedia.us\\\/fr\\\/politique-publicitaire\\\/\",\"name\":\"Politique publicitaire | Milesopedia USA\",\"isPartOf\":{\"@id\":\"https:\\\/\\\/milesopedia.us\\\/fr\\\/#website\"},\"datePublished\":\"2025-07-24T08:57:19+00:00\",\"dateModified\":\"2025-09-01T13:23:22+00:00\",\"inLanguage\":\"fr-FR\",\"potentialAction\":[{\"@type\":\"ReadAction\",\"target\":[\"https:\\\/\\\/milesopedia.us\\\/fr\\\/politique-publicitaire\\\/\"]}]},{\"@type\":\"WebSite\",\"@id\":\"https:\\\/\\\/milesopedia.us\\\/fr\\\/#website\",\"url\":\"https:\\\/\\\/milesopedia.us\\\/fr\\\/\",\"name\":\"Milesopedia USA\",\"description\":\"Loyalty Programs &amp; Credit Cards\",\"publisher\":{\"@id\":\"https:\\\/\\\/milesopedia.us\\\/fr\\\/#organization\"},\"potentialAction\":[{\"@type\":\"SearchAction\",\"target\":{\"@type\":\"EntryPoint\",\"urlTemplate\":\"https:\\\/\\\/milesopedia.us\\\/fr\\\/?s={search_term_string}\"},\"query-input\":{\"@type\":\"PropertyValueSpecification\",\"valueRequired\":true,\"valueName\":\"search_term_string\"}}],\"inLanguage\":\"fr-FR\"},{\"@type\":\"Organization\",\"@id\":\"https:\\\/\\\/milesopedia.us\\\/fr\\\/#organization\",\"name\":\"Milesopedia \u00c9tats-Unis\",\"url\":\"https:\\\/\\\/milesopedia.us\\\/fr\\\/\",\"logo\":{\"@type\":\"ImageObject\",\"inLanguage\":\"fr-FR\",\"@id\":\"https:\\\/\\\/milesopedia.us\\\/fr\\\/#\\\/schema\\\/logo\\\/image\\\/\",\"url\":\"https:\\\/\\\/milesopedia.us\\\/wp-content\\\/uploads\\\/2025\\\/01\\\/Milesopedia-USA.png\",\"contentUrl\":\"https:\\\/\\\/milesopedia.us\\\/wp-content\\\/uploads\\\/2025\\\/01\\\/Milesopedia-USA.png\",\"width\":1024,\"height\":234,\"caption\":\"Milesopedia \u00c9tats-Unis\"},\"image\":{\"@id\":\"https:\\\/\\\/milesopedia.us\\\/fr\\\/#\\\/schema\\\/logo\\\/image\\\/\"},\"sameAs\":[\"https:\\\/\\\/www.facebook.com\\\/milesopedia.usa\",\"https:\\\/\\\/www.instagram.com\\\/milesopedia.usa\"]}]}<\/script>\n<!-- \/ Yoast SEO plugin. -->","yoast_head_json":{"title":"Politique publicitaire | Milesopedia USA","robots":{"index":"index","follow":"follow","max-snippet":"max-snippet:-1","max-image-preview":"max-image-preview:large","max-video-preview":"max-video-preview:-1"},"canonical":"https:\/\/milesopedia.us\/fr\/politique-publicitaire\/","og_locale":"fr_FR","og_type":"article","og_title":"Politique publicitaire | Milesopedia USA","og_description":"Milesopedia USA maintient des partenariats d&rsquo;affiliation avec des \u00e9metteurs de cartes de cr\u00e9dit, des entreprises de voyage et divers fournisseurs de services pr\u00e9sent\u00e9s sur notre site web et nos canaux de distribution (y compris les m\u00e9dias sociaux, les infolettres et le contenu vid\u00e9o). Cela signifie que nous pouvons recevoir une compensation lorsque vous cliquez sur [&hellip;]","og_url":"https:\/\/milesopedia.us\/fr\/politique-publicitaire\/","og_site_name":"Milesopedia USA","article_publisher":"https:\/\/www.facebook.com\/milesopedia.usa","article_modified_time":"2025-09-01T13:23:22+00:00","og_image":[{"width":1024,"height":538,"url":"https:\/\/milesopedia.us\/wp-content\/uploads\/2025\/07\/Meilleures-offres-cartes_1024x538.jpg","type":"image\/jpeg"}],"twitter_card":"summary_large_image","twitter_misc":{"Dur\u00e9e de lecture estim\u00e9e":"1 minute"},"schema":{"@context":"https:\/\/schema.org","@graph":[{"@type":"WebPage","@id":"https:\/\/milesopedia.us\/fr\/politique-publicitaire\/","url":"https:\/\/milesopedia.us\/fr\/politique-publicitaire\/","name":"Politique publicitaire | Milesopedia USA","isPartOf":{"@id":"https:\/\/milesopedia.us\/fr\/#website"},"datePublished":"2025-07-24T08:57:19+00:00","dateModified":"2025-09-01T13:23:22+00:00","inLanguage":"fr-FR","potentialAction":[{"@type":"ReadAction","target":["https:\/\/milesopedia.us\/fr\/politique-publicitaire\/"]}]},{"@type":"WebSite","@id":"https:\/\/milesopedia.us\/fr\/#website","url":"https:\/\/milesopedia.us\/fr\/","name":"Milesopedia USA","description":"Loyalty Programs &amp; Credit Cards","publisher":{"@id":"https:\/\/milesopedia.us\/fr\/#organization"},"potentialAction":[{"@type":"SearchAction","target":{"@type":"EntryPoint","urlTemplate":"https:\/\/milesopedia.us\/fr\/?s={search_term_string}"},"query-input":{"@type":"PropertyValueSpecification","valueRequired":true,"valueName":"search_term_string"}}],"inLanguage":"fr-FR"},{"@type":"Organization","@id":"https:\/\/milesopedia.us\/fr\/#organization","name":"Milesopedia \u00c9tats-Unis","url":"https:\/\/milesopedia.us\/fr\/","logo":{"@type":"ImageObject","inLanguage":"fr-FR","@id":"https:\/\/milesopedia.us\/fr\/#\/schema\/logo\/image\/","url":"https:\/\/milesopedia.us\/wp-content\/uploads\/2025\/01\/Milesopedia-USA.png","contentUrl":"https:\/\/milesopedia.us\/wp-content\/uploads\/2025\/01\/Milesopedia-USA.png","width":1024,"height":234,"caption":"Milesopedia \u00c9tats-Unis"},"image":{"@id":"https:\/\/milesopedia.us\/fr\/#\/schema\/logo\/image\/"},"sameAs":["https:\/\/www.facebook.com\/milesopedia.usa","https:\/\/www.instagram.com\/milesopedia.usa"]}]}},"_links":{"self":[{"href":"https:\/\/milesopedia.us\/fr\/wp-json\/wp\/v2\/pages\/5413","targetHints":{"allow":["GET"]}}],"collection":[{"href":"https:\/\/milesopedia.us\/fr\/wp-json\/wp\/v2\/pages"}],"about":[{"href":"https:\/\/milesopedia.us\/fr\/wp-json\/wp\/v2\/types\/page"}],"author":[{"embeddable":true,"href":"https:\/\/milesopedia.us\/fr\/wp-json\/wp\/v2\/users\/2"}],"replies":[{"embeddable":true,"href":"https:\/\/milesopedia.us\/fr\/wp-json\/wp\/v2\/comments?post=5413"}],"version-history":[{"count":1,"href":"https:\/\/milesopedia.us\/fr\/wp-json\/wp\/v2\/pages\/5413\/revisions"}],"predecessor-version":[{"id":5414,"href":"https:\/\/milesopedia.us\/fr\/wp-json\/wp\/v2\/pages\/5413\/revisions\/5414"}],"wp:attachment":[{"href":"https:\/\/milesopedia.us\/fr\/wp-json\/wp\/v2\/media?parent=5413"}],"wp:term":[{"taxonomy":"post_tag","embeddable":true,"href":"https:\/\/milesopedia.us\/fr\/wp-json\/wp\/v2\/tags?post=5413"},{"taxonomy":"mc_loyalty_program","embeddable":true,"href":"https:\/\/milesopedia.us\/fr\/wp-json\/wp\/v2\/mc_loyalty_program?post=5413"}],"curies":[{"name":"wp","href":"https:\/\/api.w.org\/{rel}","templated":true}]}}