{"id":5415,"date":"2025-10-01T00:01:00","date_gmt":"2025-10-01T04:01:00","guid":{"rendered":"https:\/\/milesopedia.us\/meilleures-cartes-de-credit-aux-etats-unis\/meilleures-cartes-de-credit-sans-interet\/"},"modified":"2025-10-01T05:22:19","modified_gmt":"2025-10-01T09:22:19","slug":"zero-interest","status":"publish","type":"page","link":"https:\/\/milesopedia.us\/fr\/meilleures-cartes-credit\/zero-interest\/","title":{"rendered":"Meilleures cartes de cr\u00e9dit sans int\u00e9r\u00eat"},"content":{"rendered":"<h2 class=\"wp-block-heading\" id=\"faq_sur_les_cartes_de_cr_dit_sans_int_r_t\">FAQ sur les cartes de cr&eacute;dit sans int&eacute;r&ecirc;t<\/h2>\n<aside class=\"component component__faq wp-block-milesgutenberg-faq\">\n\t\n<div class=\"component component__faq__item component__faq__item--opened wp-block-milesgutenberg-faq-item\">\n\t<div class=\"component__faq__item__title\">\n\t\t<h4 id=\"quest-ce_quune_carte_de_cr_dit_taux_z_ro_\" class=\"toc_exclude component__faq__item__title__heading\">\n\t\t\tQu&rsquo;est-ce qu&rsquo;une carte de cr\u00e9dit \u00e0 taux z\u00e9ro&nbsp;?\t\t<\/h4>\n\t\t<i class=\"fas fa-chevron-down\"><\/i>\n\t<\/div>\n\t<div class=\"component__faq__item__content\">\n\t\t<div class=\"component__faq__item__content__inner\">\n\t\t\t\n\n<p>Une carte sans int\u00e9r\u00eat offre un taux annuel en pourcentage (TAP) de 0&nbsp;% sur les achats, les transferts de solde, ou les deux pendant une p\u00e9riode promotionnelle d\u00e9finie \u2014 g\u00e9n\u00e9ralement de 12 \u00e0 21 mois. Durant cette p\u00e9riode, vous pouvez conserver un solde sans payer d&rsquo;int\u00e9r\u00eats. <\/p>\n\n\t\t<\/div>\n\t<\/div>\n<\/div>\n\n\n<div class=\"component component__faq__item component__faq__item--opened wp-block-milesgutenberg-faq-item\">\n\t<div class=\"component__faq__item__title\">\n\t\t<h4 id=\"qui_devrait_envisager_une_carte_taux_z_ro_\" class=\"toc_exclude component__faq__item__title__heading\">\n\t\t\tQui devrait envisager une carte \u00e0 taux z\u00e9ro&nbsp;?\t\t<\/h4>\n\t\t<i class=\"fas fa-chevron-down\"><\/i>\n\t<\/div>\n\t<div class=\"component__faq__item__content\">\n\t\t<div class=\"component__faq__item__content__inner\">\n\t\t\t\n\n<p>Ces cartes sont id\u00e9ales pour les personnes qui pr\u00e9voient des achats importants, qui souhaitent consolider une dette \u00e0 taux \u00e9lev\u00e9, ou qui ont besoin de temps pour rembourser leurs soldes. Elles peuvent vous aider \u00e0 \u00e9conomiser sur les int\u00e9r\u00eats si vous vous engagez \u00e0 rembourser le solde avant la fin de la p\u00e9riode promotionnelle. <\/p>\n\n\t\t<\/div>\n\t<\/div>\n<\/div>\n\n\n<div class=\"component component__faq__item component__faq__item--opened wp-block-milesgutenberg-faq-item\">\n\t<div class=\"component__faq__item__title\">\n\t\t<h4 id=\"y_a-t-il_des_frais_avec_les_cartes_taux_z_ro_\" class=\"toc_exclude component__faq__item__title__heading\">\n\t\t\tY a-t-il des frais avec les cartes \u00e0 taux z\u00e9ro&nbsp;?\t\t<\/h4>\n\t\t<i class=\"fas fa-chevron-down\"><\/i>\n\t<\/div>\n\t<div class=\"component__faq__item__content\">\n\t\t<div class=\"component__faq__item__content__inner\">\n\t\t\t\n\n<p>Oui, certaines comportent des frais de transfert de solde (g\u00e9n\u00e9ralement 3&nbsp;% \u00e0 5&nbsp;% du montant transf\u00e9r\u00e9). D&rsquo;autres peuvent avoir des frais annuels, bien que la plupart des offres promotionnelles les annulent en \u00e9change de la pause des int\u00e9r\u00eats. <\/p>\n\n\t\t<\/div>\n\t<\/div>\n<\/div>\n\n\n<div class=\"component component__faq__item component__faq__item--opened wp-block-milesgutenberg-faq-item\">\n\t<div class=\"component__faq__item__title\">\n\t\t<h4 id=\"que_se_passe-t-il_lorsque_la_p_riode_promotionnelle_se_termine_\" class=\"toc_exclude component__faq__item__title__heading\">\n\t\t\tQue se passe-t-il lorsque la p\u00e9riode promotionnelle se termine&nbsp;?\t\t<\/h4>\n\t\t<i class=\"fas fa-chevron-down\"><\/i>\n\t<\/div>\n\t<div class=\"component__faq__item__content\">\n\t\t<div class=\"component__faq__item__content__inner\">\n\t\t\t\n\n<p>Une fois la p\u00e9riode de TAP \u00e0 0&nbsp;% termin\u00e9e, le taux d&rsquo;int\u00e9r\u00eat variable r\u00e9gulier de la carte s&rsquo;applique aux soldes restants et aux nouveaux achats. Ce taux peut \u00eatre significativement plus \u00e9lev\u00e9, il est donc important de rembourser ou de transf\u00e9rer le solde avant la fin. <\/p>\n\n\t\t<\/div>\n\t<\/div>\n<\/div>\n\n\n<div class=\"component component__faq__item component__faq__item--opened wp-block-milesgutenberg-faq-item\">\n\t<div class=\"component__faq__item__title\">\n\t\t<h4 id=\"puis-je_obtenir_une_carte_taux_z_ro_avec_un_mauvais_cr_dit_\" class=\"toc_exclude component__faq__item__title__heading\">\n\t\t\tPuis-je obtenir une carte \u00e0 taux z\u00e9ro avec un mauvais cr\u00e9dit&nbsp;?\t\t<\/h4>\n\t\t<i class=\"fas fa-chevron-down\"><\/i>\n\t<\/div>\n\t<div class=\"component__faq__item__content\">\n\t\t<div class=\"component__faq__item__content__inner\">\n\t\t\t\n\n<p>C&rsquo;est possible, mais g\u00e9n\u00e9ralement limit\u00e9. Les offres promotionnelles \u00e0 0&nbsp;% sont plus courantes sur les cartes destin\u00e9es aux personnes ayant un bon \u00e0 excellent cr\u00e9dit. Cependant, les cartes de cr\u00e9dit garanties ou celles pour reconstruire le cr\u00e9dit peuvent offrir des taux promotionnels bas pour vous aider \u00e0 \u00e9tablir un historique.  <\/p>\n\n\t\t<\/div>\n\t<\/div>\n<\/div>\n\n\n<div class=\"component component__faq__item component__faq__item--opened wp-block-milesgutenberg-faq-item\">\n\t<div class=\"component__faq__item__title\">\n\t\t<h4 id=\"puis-je_transf_rer_un_solde_vers_plusieurs_cartes_taux_z_ro_\" class=\"toc_exclude component__faq__item__title__heading\">\n\t\t\tPuis-je transf\u00e9rer un solde vers plusieurs cartes \u00e0 taux z\u00e9ro&nbsp;?\t\t<\/h4>\n\t\t<i class=\"fas fa-chevron-down\"><\/i>\n\t<\/div>\n\t<div class=\"component__faq__item__content\">\n\t\t<div class=\"component__faq__item__content__inner\">\n\t\t\t\n\n<p>Souvent oui \u2014 transf\u00e9rer sur plusieurs cartes peut prolonger votre p\u00e9riode sans int\u00e9r\u00eat mais peut entra\u00eener plusieurs frais de transfert. Assurez-vous de comparer les dates de fin et les frais pour maximiser les \u00e9conomies. <\/p>\n\n\t\t<\/div>\n\t<\/div>\n<\/div>\n\n\n<div class=\"component component__faq__item component__faq__item--opened wp-block-milesgutenberg-faq-item\">\n\t<div class=\"component__faq__item__title\">\n\t\t<h4 id=\"comment_puis-je_utiliser_au_mieux_une_carte_taux_z_ro_\" class=\"toc_exclude component__faq__item__title__heading\">\n\t\t\tComment puis-je utiliser au mieux une carte \u00e0 taux z\u00e9ro&nbsp;?\t\t<\/h4>\n\t\t<i class=\"fas fa-chevron-down\"><\/i>\n\t<\/div>\n\t<div class=\"component__faq__item__content\">\n\t\t<div class=\"component__faq__item__content__inner\">\n\t\t\t\n\n<p>Pr\u00e9voyez de rembourser le solde avant l&rsquo;expiration du taux promotionnel. \u00c9vitez d&rsquo;ajouter de nouveaux achats sauf s&rsquo;ils sont \u00e9galement admissibles au TAP \u00e0 0&nbsp;%, et lisez les conditions g\u00e9n\u00e9rales pour vous assurer que certaines transactions ne g\u00e9n\u00e8rent pas d&rsquo;int\u00e9r\u00eats. <\/p>\n\n\t\t<\/div>\n\t<\/div>\n<\/div>\n\n\n<div class=\"component component__faq__item component__faq__item--opened wp-block-milesgutenberg-faq-item\">\n\t<div class=\"component__faq__item__title\">\n\t\t<h4 id=\"les_cartes_taux_z_ro_affectent-elles_ma_cote_de_cr_dit_\" class=\"toc_exclude component__faq__item__title__heading\">\n\t\t\tLes cartes \u00e0 taux z\u00e9ro affectent-elles ma cote de cr\u00e9dit&nbsp;?\t\t<\/h4>\n\t\t<i class=\"fas fa-chevron-down\"><\/i>\n\t<\/div>\n\t<div class=\"component__faq__item__content\">\n\t\t<div class=\"component__faq__item__content__inner\">\n\t\t\t\n\n<p>L&rsquo;ouverture d&rsquo;une carte sans int\u00e9r\u00eat peut am\u00e9liorer votre diversit\u00e9 de cr\u00e9dit, mais la demande peut d\u00e9clencher une v\u00e9rification approfondie. G\u00e9rer les soldes de mani\u00e8re responsable et payer \u00e0 temps peut am\u00e9liorer votre pointage de cr\u00e9dit au fil du temps. <\/p>\n\n\t\t<\/div>\n\t<\/div>\n<\/div>\n\n<\/aside>","protected":false},"excerpt":{"rendered":"<p>FAQ sur les cartes de cr&eacute;dit sans int&eacute;r&ecirc;t<\/p>","protected":false},"author":2,"featured_media":5416,"parent":5313,"menu_order":0,"comment_status":"closed","ping_status":"closed","template":"page-toc.php","meta":{"_acf_changed":false,"_relevanssi_hide_post":"","_relevanssi_hide_content":"","_relevanssi_pin_for_all":"","_relevanssi_pin_keywords":"","_relevanssi_unpin_keywords":"","_relevanssi_related_keywords":"","_relevanssi_related_include_ids":"","_relevanssi_related_exclude_ids":"","_relevanssi_related_no_append":"","_relevanssi_related_not_related":"","_relevanssi_related_posts":"","_relevanssi_noindex_reason":"","footnotes":""},"tags":[],"mc_loyalty_program":[],"class_list":["post-5415","page","type-page","status-publish","has-post-thumbnail","hentry"],"acf":[],"yoast_head":"<!-- This site is optimized with the Yoast SEO plugin v27.4 - https:\/\/yoast.com\/product\/yoast-seo-wordpress\/ -->\n<title>Meilleures cartes de cr\u00e9dit sans int\u00e9r\u00eat | Milesopedia USA<\/title>\n<meta name=\"robots\" content=\"index, follow, max-snippet:-1, max-image-preview:large, max-video-preview:-1\" \/>\n<link rel=\"canonical\" href=\"https:\/\/milesopedia.us\/fr\/meilleures-cartes-credit\/zero-interest\/\" \/>\n<meta property=\"og:locale\" content=\"fr_FR\" \/>\n<meta property=\"og:type\" content=\"article\" \/>\n<meta property=\"og:title\" content=\"Meilleures cartes de cr\u00e9dit sans int\u00e9r\u00eat | Milesopedia USA\" \/>\n<meta property=\"og:description\" content=\"FAQ sur les cartes de cr&eacute;dit sans int&eacute;r&ecirc;t\" \/>\n<meta property=\"og:url\" content=\"https:\/\/milesopedia.us\/fr\/meilleures-cartes-credit\/zero-interest\/\" \/>\n<meta property=\"og:site_name\" content=\"Milesopedia USA\" \/>\n<meta property=\"article:publisher\" content=\"https:\/\/www.facebook.com\/milesopedia.usa\" \/>\n<meta property=\"article:modified_time\" content=\"2025-10-01T09:22:19+00:00\" \/>\n<meta property=\"og:image\" content=\"https:\/\/milesopedia.us\/wp-content\/uploads\/2025\/06\/Best-Credit-Cards_Zero-Interest_1024x538.jpg\" \/>\n\t<meta property=\"og:image:width\" content=\"1024\" \/>\n\t<meta property=\"og:image:height\" content=\"538\" \/>\n\t<meta property=\"og:image:type\" content=\"image\/jpeg\" \/>\n<meta name=\"twitter:card\" content=\"summary_large_image\" \/>\n<meta name=\"twitter:label1\" content=\"Dur\u00e9e de lecture estim\u00e9e\" \/>\n\t<meta name=\"twitter:data1\" content=\"2 minutes\" \/>\n<script type=\"application\/ld+json\" class=\"yoast-schema-graph\">{\"@context\":\"https:\\\/\\\/schema.org\",\"@graph\":[{\"@type\":\"WebPage\",\"@id\":\"https:\\\/\\\/milesopedia.us\\\/fr\\\/meilleures-cartes-credit\\\/zero-interest\\\/\",\"url\":\"https:\\\/\\\/milesopedia.us\\\/fr\\\/meilleures-cartes-credit\\\/zero-interest\\\/\",\"name\":\"Meilleures cartes de cr\u00e9dit sans int\u00e9r\u00eat | Milesopedia USA\",\"isPartOf\":{\"@id\":\"https:\\\/\\\/milesopedia.us\\\/fr\\\/#website\"},\"primaryImageOfPage\":{\"@id\":\"https:\\\/\\\/milesopedia.us\\\/fr\\\/meilleures-cartes-credit\\\/zero-interest\\\/#primaryimage\"},\"image\":{\"@id\":\"https:\\\/\\\/milesopedia.us\\\/fr\\\/meilleures-cartes-credit\\\/zero-interest\\\/#primaryimage\"},\"thumbnailUrl\":\"https:\\\/\\\/milesopedia.us\\\/wp-content\\\/uploads\\\/2025\\\/06\\\/Best-Credit-Cards_Zero-Interest_1024x538.jpg\",\"datePublished\":\"2025-10-01T04:01:00+00:00\",\"dateModified\":\"2025-10-01T09:22:19+00:00\",\"inLanguage\":\"fr-FR\",\"potentialAction\":[{\"@type\":\"ReadAction\",\"target\":[\"https:\\\/\\\/milesopedia.us\\\/fr\\\/meilleures-cartes-credit\\\/zero-interest\\\/\"]}]},{\"@type\":\"ImageObject\",\"inLanguage\":\"fr-FR\",\"@id\":\"https:\\\/\\\/milesopedia.us\\\/fr\\\/meilleures-cartes-credit\\\/zero-interest\\\/#primaryimage\",\"url\":\"https:\\\/\\\/milesopedia.us\\\/wp-content\\\/uploads\\\/2025\\\/06\\\/Best-Credit-Cards_Zero-Interest_1024x538.jpg\",\"contentUrl\":\"https:\\\/\\\/milesopedia.us\\\/wp-content\\\/uploads\\\/2025\\\/06\\\/Best-Credit-Cards_Zero-Interest_1024x538.jpg\",\"width\":1024,\"height\":538,\"caption\":\"Taux z\u00e9ro\"},{\"@type\":\"WebSite\",\"@id\":\"https:\\\/\\\/milesopedia.us\\\/fr\\\/#website\",\"url\":\"https:\\\/\\\/milesopedia.us\\\/fr\\\/\",\"name\":\"Milesopedia USA\",\"description\":\"Loyalty Programs &amp; Credit Cards\",\"publisher\":{\"@id\":\"https:\\\/\\\/milesopedia.us\\\/fr\\\/#organization\"},\"potentialAction\":[{\"@type\":\"SearchAction\",\"target\":{\"@type\":\"EntryPoint\",\"urlTemplate\":\"https:\\\/\\\/milesopedia.us\\\/fr\\\/?s={search_term_string}\"},\"query-input\":{\"@type\":\"PropertyValueSpecification\",\"valueRequired\":true,\"valueName\":\"search_term_string\"}}],\"inLanguage\":\"fr-FR\"},{\"@type\":\"Organization\",\"@id\":\"https:\\\/\\\/milesopedia.us\\\/fr\\\/#organization\",\"name\":\"Milesopedia \u00c9tats-Unis\",\"url\":\"https:\\\/\\\/milesopedia.us\\\/fr\\\/\",\"logo\":{\"@type\":\"ImageObject\",\"inLanguage\":\"fr-FR\",\"@id\":\"https:\\\/\\\/milesopedia.us\\\/fr\\\/#\\\/schema\\\/logo\\\/image\\\/\",\"url\":\"https:\\\/\\\/milesopedia.us\\\/wp-content\\\/uploads\\\/2025\\\/01\\\/Milesopedia-USA.png\",\"contentUrl\":\"https:\\\/\\\/milesopedia.us\\\/wp-content\\\/uploads\\\/2025\\\/01\\\/Milesopedia-USA.png\",\"width\":1024,\"height\":234,\"caption\":\"Milesopedia \u00c9tats-Unis\"},\"image\":{\"@id\":\"https:\\\/\\\/milesopedia.us\\\/fr\\\/#\\\/schema\\\/logo\\\/image\\\/\"},\"sameAs\":[\"https:\\\/\\\/www.facebook.com\\\/milesopedia.usa\",\"https:\\\/\\\/www.instagram.com\\\/milesopedia.usa\"]}]}<\/script>\n<!-- \/ Yoast SEO plugin. -->","yoast_head_json":{"title":"Meilleures cartes de cr\u00e9dit sans int\u00e9r\u00eat | Milesopedia USA","robots":{"index":"index","follow":"follow","max-snippet":"max-snippet:-1","max-image-preview":"max-image-preview:large","max-video-preview":"max-video-preview:-1"},"canonical":"https:\/\/milesopedia.us\/fr\/meilleures-cartes-credit\/zero-interest\/","og_locale":"fr_FR","og_type":"article","og_title":"Meilleures cartes de cr\u00e9dit sans int\u00e9r\u00eat | Milesopedia USA","og_description":"FAQ sur les cartes de cr&eacute;dit sans int&eacute;r&ecirc;t","og_url":"https:\/\/milesopedia.us\/fr\/meilleures-cartes-credit\/zero-interest\/","og_site_name":"Milesopedia USA","article_publisher":"https:\/\/www.facebook.com\/milesopedia.usa","article_modified_time":"2025-10-01T09:22:19+00:00","og_image":[{"width":1024,"height":538,"url":"https:\/\/milesopedia.us\/wp-content\/uploads\/2025\/06\/Best-Credit-Cards_Zero-Interest_1024x538.jpg","type":"image\/jpeg"}],"twitter_card":"summary_large_image","twitter_misc":{"Dur\u00e9e de lecture estim\u00e9e":"2 minutes"},"schema":{"@context":"https:\/\/schema.org","@graph":[{"@type":"WebPage","@id":"https:\/\/milesopedia.us\/fr\/meilleures-cartes-credit\/zero-interest\/","url":"https:\/\/milesopedia.us\/fr\/meilleures-cartes-credit\/zero-interest\/","name":"Meilleures cartes de cr\u00e9dit sans int\u00e9r\u00eat | Milesopedia USA","isPartOf":{"@id":"https:\/\/milesopedia.us\/fr\/#website"},"primaryImageOfPage":{"@id":"https:\/\/milesopedia.us\/fr\/meilleures-cartes-credit\/zero-interest\/#primaryimage"},"image":{"@id":"https:\/\/milesopedia.us\/fr\/meilleures-cartes-credit\/zero-interest\/#primaryimage"},"thumbnailUrl":"https:\/\/milesopedia.us\/wp-content\/uploads\/2025\/06\/Best-Credit-Cards_Zero-Interest_1024x538.jpg","datePublished":"2025-10-01T04:01:00+00:00","dateModified":"2025-10-01T09:22:19+00:00","inLanguage":"fr-FR","potentialAction":[{"@type":"ReadAction","target":["https:\/\/milesopedia.us\/fr\/meilleures-cartes-credit\/zero-interest\/"]}]},{"@type":"ImageObject","inLanguage":"fr-FR","@id":"https:\/\/milesopedia.us\/fr\/meilleures-cartes-credit\/zero-interest\/#primaryimage","url":"https:\/\/milesopedia.us\/wp-content\/uploads\/2025\/06\/Best-Credit-Cards_Zero-Interest_1024x538.jpg","contentUrl":"https:\/\/milesopedia.us\/wp-content\/uploads\/2025\/06\/Best-Credit-Cards_Zero-Interest_1024x538.jpg","width":1024,"height":538,"caption":"Taux z\u00e9ro"},{"@type":"WebSite","@id":"https:\/\/milesopedia.us\/fr\/#website","url":"https:\/\/milesopedia.us\/fr\/","name":"Milesopedia USA","description":"Loyalty Programs &amp; Credit Cards","publisher":{"@id":"https:\/\/milesopedia.us\/fr\/#organization"},"potentialAction":[{"@type":"SearchAction","target":{"@type":"EntryPoint","urlTemplate":"https:\/\/milesopedia.us\/fr\/?s={search_term_string}"},"query-input":{"@type":"PropertyValueSpecification","valueRequired":true,"valueName":"search_term_string"}}],"inLanguage":"fr-FR"},{"@type":"Organization","@id":"https:\/\/milesopedia.us\/fr\/#organization","name":"Milesopedia \u00c9tats-Unis","url":"https:\/\/milesopedia.us\/fr\/","logo":{"@type":"ImageObject","inLanguage":"fr-FR","@id":"https:\/\/milesopedia.us\/fr\/#\/schema\/logo\/image\/","url":"https:\/\/milesopedia.us\/wp-content\/uploads\/2025\/01\/Milesopedia-USA.png","contentUrl":"https:\/\/milesopedia.us\/wp-content\/uploads\/2025\/01\/Milesopedia-USA.png","width":1024,"height":234,"caption":"Milesopedia \u00c9tats-Unis"},"image":{"@id":"https:\/\/milesopedia.us\/fr\/#\/schema\/logo\/image\/"},"sameAs":["https:\/\/www.facebook.com\/milesopedia.usa","https:\/\/www.instagram.com\/milesopedia.usa"]}]}},"_links":{"self":[{"href":"https:\/\/milesopedia.us\/fr\/wp-json\/wp\/v2\/pages\/5415","targetHints":{"allow":["GET"]}}],"collection":[{"href":"https:\/\/milesopedia.us\/fr\/wp-json\/wp\/v2\/pages"}],"about":[{"href":"https:\/\/milesopedia.us\/fr\/wp-json\/wp\/v2\/types\/page"}],"author":[{"embeddable":true,"href":"https:\/\/milesopedia.us\/fr\/wp-json\/wp\/v2\/users\/2"}],"replies":[{"embeddable":true,"href":"https:\/\/milesopedia.us\/fr\/wp-json\/wp\/v2\/comments?post=5415"}],"version-history":[{"count":2,"href":"https:\/\/milesopedia.us\/fr\/wp-json\/wp\/v2\/pages\/5415\/revisions"}],"predecessor-version":[{"id":7496,"href":"https:\/\/milesopedia.us\/fr\/wp-json\/wp\/v2\/pages\/5415\/revisions\/7496"}],"up":[{"embeddable":true,"href":"https:\/\/milesopedia.us\/fr\/wp-json\/wp\/v2\/pages\/5313"}],"wp:featuredmedia":[{"embeddable":true,"href":"https:\/\/milesopedia.us\/fr\/wp-json\/wp\/v2\/media\/5416"}],"wp:attachment":[{"href":"https:\/\/milesopedia.us\/fr\/wp-json\/wp\/v2\/media?parent=5415"}],"wp:term":[{"taxonomy":"post_tag","embeddable":true,"href":"https:\/\/milesopedia.us\/fr\/wp-json\/wp\/v2\/tags?post=5415"},{"taxonomy":"mc_loyalty_program","embeddable":true,"href":"https:\/\/milesopedia.us\/fr\/wp-json\/wp\/v2\/mc_loyalty_program?post=5415"}],"curies":[{"name":"wp","href":"https:\/\/api.w.org\/{rel}","templated":true}]}}