{"id":5820,"date":"2025-09-06T04:24:26","date_gmt":"2025-09-06T08:24:26","guid":{"rendered":"https:\/\/milesopedia.us\/meilleures-cartes-de-credit\/ihg-one-rewards-2\/"},"modified":"2025-10-01T05:19:37","modified_gmt":"2025-10-01T09:19:37","slug":"ihg-one-rewards-2","status":"publish","type":"page","link":"https:\/\/milesopedia.us\/fr\/meilleures-cartes-credit\/ihg-one-rewards-2\/","title":{"rendered":"Meilleures cartes IHG One Rewards"},"content":{"rendered":"\n<p>Voici les meilleures offres de cartes de cr\u00e9dit IHG One Rewards&nbsp;:<\/p>\n<aside class=\"component component__deferred_contents wp-block-milesgutenberg-deferred-contents\">\n\t\t\t\t<div\n\t\t\t\tdata-template='compare'\n\t\t\t\tdata-post_type='card'\n\t\t\t\tdata-per_page='4'\n\t\t\t\tclass='deferred_container--preload container_card container_template--compare container_count--3'\n\n\t\t\t\t\t\t\t\t\tdata-tag=\"card_id\"\n\t\t\t\t\t\t\tdata-post_ids=\"8370,8374,8366\"\n\t\t\t\t\t\t\tdata-utm=\"wpb\"\n\t\t\t\t\t\t\t>\n\t\t\n    <div class=\"card card-list card-list-header\">\n        <div class=\"shimmer shimmer-bar shimmer-dark shimmer-bar--short card-specs--title\"><\/div>\n        <div class=\"shimmer shimmer-bar shimmer-dark shimmer-bar--short card-specs--title\"><\/div>\n    <\/div>\n\n\n<div class=\"card card-list\">\n\n\t<div class=\"card-list--grid\">\n\n\t\t<div class=\"card-list--card\">\n\t\t\t<div class=\"card-graphic-cta shimmer shimmer-card\"><\/div>\n\t\t<\/div>\n\n\t\t<div class=\"card-list--title-offer\">\n\n\t\t\t<div class=\"card--title\">\n\t\t\t\t<div class=\"shimmer shimmer-bar\"><\/div>\n\t\t\t<\/div>\n\n\t\t\t<div class=\"card-list--offer\">\n\t\t\t\t<div class=\"shimmer shimmer-bar\"><\/div>\n\t\t\t<\/div>\n\n\t\t<\/div>\n\n\t\t<div>\n\t\t\t<div class=\"card--apply\">\n\t\t\t\t<div class=\"shimmer shimmer-btn\"><\/div>\n\t\t\t<\/div>\n\t\t<\/div>\n\n\t<\/div>\n\n<\/div>\n<div class=\"card card-list\">\n\n\t<div class=\"card-list--grid\">\n\n\t\t<div class=\"card-list--card\">\n\t\t\t<div class=\"card-graphic-cta shimmer shimmer-card\"><\/div>\n\t\t<\/div>\n\n\t\t<div class=\"card-list--title-offer\">\n\n\t\t\t<div class=\"card--title\">\n\t\t\t\t<div class=\"shimmer shimmer-bar\"><\/div>\n\t\t\t<\/div>\n\n\t\t\t<div class=\"card-list--offer\">\n\t\t\t\t<div class=\"shimmer shimmer-bar\"><\/div>\n\t\t\t<\/div>\n\n\t\t<\/div>\n\n\t\t<div>\n\t\t\t<div class=\"card--apply\">\n\t\t\t\t<div class=\"shimmer shimmer-btn\"><\/div>\n\t\t\t<\/div>\n\t\t<\/div>\n\n\t<\/div>\n\n<\/div>\n<div class=\"card card-list\">\n\n\t<div class=\"card-list--grid\">\n\n\t\t<div class=\"card-list--card\">\n\t\t\t<div class=\"card-graphic-cta shimmer shimmer-card\"><\/div>\n\t\t<\/div>\n\n\t\t<div class=\"card-list--title-offer\">\n\n\t\t\t<div class=\"card--title\">\n\t\t\t\t<div class=\"shimmer shimmer-bar\"><\/div>\n\t\t\t<\/div>\n\n\t\t\t<div class=\"card-list--offer\">\n\t\t\t\t<div class=\"shimmer shimmer-bar\"><\/div>\n\t\t\t<\/div>\n\n\t\t<\/div>\n\n\t\t<div>\n\t\t\t<div class=\"card--apply\">\n\t\t\t\t<div class=\"shimmer shimmer-btn\"><\/div>\n\t\t\t<\/div>\n\t\t<\/div>\n\n\t<\/div>\n\n<\/div>\t\t<\/div>\n\n\t\t<\/aside>\n<aside class=\"component component__deferred_contents wp-block-milesgutenberg-deferred-contents\">\n\t\t\t\t\t\t\t<h2 id=\"ihg_one_rewards_premier_credit_card\">IHG&reg; One Rewards Premier Credit Card<\/h2>\n\t\t\t\t<p><strong>D\u00e9bloquez des avantages voyage premium avec la carte de cr\u00e9dit IHG One Rewards Premier<\/strong><\/p>\n<p>Offre d\u2019une dur\u00e9e limit\u00e9e\u00a0: Obtenez <strong>140\u2009000\u00a0points bonis<\/strong> avec la carte de cr\u00e9dit IHG One Rewards Premier apr\u00e8s avoir d\u00e9pens\u00e9 3\u00a0000\u00a0$ en achats au cours des 3\u00a0premiers mois suivant l\u2019ouverture du compte\u00a0!<\/p>\n<p>La carte de cr\u00e9dit IHG One Rewards Premier offre une valeur exceptionnelle qui va bien au-del\u00e0 de ses frais annuels. Cette carte vaut la peine d&rsquo;\u00eatre obtenue principalement pour son <strong>certificat de nuit gratuite anniversaire<\/strong>, qui peut facilement surpasser la valeur des frais annuels. De plus, avec la carte IHG One Rewards Premier, vous b\u00e9n\u00e9ficierez de&nbsp;:  <\/p>\n<ul>\n<li><strong>Statut IHG Platinum Elite automatique<\/strong><\/li>\n<li><strong>Quatri\u00e8me nuit gratuite<\/strong> sur les r\u00e9servations en points<\/li>\n<li><strong>Cr\u00e9dit Global Entry\/TSA PreCheck<sup>&reg;<\/sup>\/NEXUS<\/strong> jusqu&rsquo;\u00e0 120&nbsp;$ tous les 4 ans<\/li>\n<\/ul>\n<p>Les titulaires de la carte IHG One Rewards Premier gagnent <strong>jusqu&rsquo;\u00e0 26 points au total par dollar<\/strong> dans les \u00e9tablissements IHG, <strong>5 points par dollar<\/strong> sur les voyages, les stations-service et les restaurants, et <strong>3 points par dollar<\/strong> sur tous les autres achats. Vos points peuvent \u00eatre \u00e9chang\u00e9s dans les h\u00f4tels InterContinental<sup>&reg;<\/sup>, Crowne Plaza<sup>&reg;<\/sup>, Kimpton<sup>&reg;<\/sup>, EVEN<sup>&reg;<\/sup>, Indigo<sup>&reg;<\/sup> et Holiday Inn<sup>&reg;<\/sup>. <\/p>\n<p>Avec le <strong>bonus de bienvenue \u00e9lev\u00e9<\/strong> actuel et les avantages permanents exceptionnels, la carte de cr\u00e9dit IHG One Rewards Premier est un choix \u00e9vident, m\u00eame si vous n&rsquo;y effectuez pas de d\u00e9penses importantes \u00e0 long terme.<\/p>\n<p><strong>Faites votre demande maintenant<\/strong> pour profiter de cette offre \u00e0 dur\u00e9e limit\u00e9e&nbsp;!<\/p>\n\t\t\t\t<div\n\t\t\t\tdata-template='m-h'\n\t\t\t\tdata-post_type='card'\n\t\t\t\tdata-per_page='4'\n\t\t\t\tclass='deferred_container--preload container_card container_template--m-h container_count--1'\n\n\t\t\t\t\t\t\t\t\tdata-tag=\"card_id\"\n\t\t\t\t\t\t\tdata-post_ids=\"8374\"\n\t\t\t\t\t\t\tdata-utm=\"wpb\"\n\t\t\t\t\t\t\t>\n\t\t<div class=\"card\">\n\t<div class=\"card--grid\">\n\n\t\t<div class=\"card--img-outer\">\n\t\t\t<div class=\"card--img\">\n\t\t\t\t<div class=\"shimmer shimmer-card\"><\/div>\n\t\t\t<\/div>\n\t\t<\/div>\n\n\t\t<div class=\"card--title-offer-selling\">\n\t\t\t<div class=\"card--title-offer\">\n\t\t\t\t<div class=\"shimmer shimmer-bar\"><\/div>\n\t\t\t\t<div class=\"shimmer shimmer-bar\"><\/div>\n\t\t\t<\/div>\n\t\t\t<div class=\"card--selling-points\">\n\t\t\t\t<div class=\"shimmer shimmer-bar shimmer-bar--short\"><\/div>\n\t\t\t\t<div class=\"shimmer shimmer-bar shimmer-bar--short\"><\/div>\n\t\t\t\t<div class=\"shimmer shimmer-bar shimmer-bar--short\"><\/div>\n\t\t\t<\/div>\n\t\t<\/div>\n\n\t\t<div class=\"card--apply\">\n\t\t\t<div class=\"apply-btn\">\n\t\t\t\t<div class=\"shimmer shimmer-btn\"><\/div>\n\t\t\t<\/div>\n\t\t<\/div>\n\n\t<\/div>\n<\/div>\t\t<\/div>\n\n\t\t<\/aside>\n<aside class=\"component component__deferred_contents wp-block-milesgutenberg-deferred-contents\">\n\t\t\t\t\t\t\t<h2 id=\"ihg_one_rewards_traveler_credit_card\">IHG&reg; One Rewards Traveler Credit Card<\/h2>\n\t\t\t\t<p><strong>Maximisez vos s\u00e9jours avec la carte de cr\u00e9dit IHG One Rewards Traveler<\/strong><\/p>\n<ul>\n<li><strong>120&nbsp;000 points bonus<\/strong> apr\u00e8s avoir d\u00e9pens\u00e9 2&nbsp;000&nbsp;$ dans les 3 premiers mois<\/li>\n<li><strong>Jusqu&rsquo;\u00e0 17x points<\/strong> par dollar sur les s\u00e9jours dans les h\u00f4tels IHG<\/li>\n<li><strong>3x points<\/strong> sur les factures mensuelles, l&rsquo;essence et les restaurants<\/li>\n<li><strong>2x points<\/strong> sur tous les autres achats<\/li>\n<li><strong>Pas de frais annuels<\/strong> et <strong>pas de frais de transaction \u00e0 l&rsquo;\u00e9tranger<\/strong><\/li>\n<li><strong>4e nuit gratuite<\/strong> sur les s\u00e9jours en points de 4 nuits cons\u00e9cutives ou plus<\/li>\n<\/ul>\n<p>Que vous planifiez une escapade de week-end ou un voyage \u00e0 travers le pays, cette carte vous offre de nombreux points sur chaque s\u00e9jour et vos d\u00e9penses quotidiennes. Utilisez vos points bonus pour des s\u00e9jours de plusieurs nuits dans les meilleures enseignes IHG \u2014 InterContinental, Crowne Plaza, Kimpton, Holiday Inn et plus encore \u2014 tout en profitant de l&rsquo;absence de frais. G\u00e9rez vos r\u00e9compenses facilement dans l&rsquo;application Chase, et b\u00e9n\u00e9ficiez de l&rsquo;inscription automatique \u00e0 IHG One Rewards, d&rsquo;outils num\u00e9riques intuitifs et d&rsquo;un service client\u00e8le disponible 24h\/24 et 7j\/7.  <\/p>\n<p><em>Conditions applicables. Le bonus de bienvenue n\u00e9cessite une d\u00e9pense minimale. Les valeurs des points et les taux de gain varient selon la marque d&rsquo;h\u00f4tel. Voir les conditions compl\u00e8tes pour plus de d\u00e9tails.   <\/em><\/p>\n\t\t\t\t<div\n\t\t\t\tdata-template='m-h'\n\t\t\t\tdata-post_type='card'\n\t\t\t\tdata-per_page='4'\n\t\t\t\tclass='deferred_container--preload container_card container_template--m-h container_count--1'\n\n\t\t\t\t\t\t\t\t\tdata-tag=\"card_id\"\n\t\t\t\t\t\t\tdata-post_ids=\"8366\"\n\t\t\t\t\t\t\tdata-utm=\"wpb\"\n\t\t\t\t\t\t\t>\n\t\t<div class=\"card\">\n\t<div class=\"card--grid\">\n\n\t\t<div class=\"card--img-outer\">\n\t\t\t<div class=\"card--img\">\n\t\t\t\t<div class=\"shimmer shimmer-card\"><\/div>\n\t\t\t<\/div>\n\t\t<\/div>\n\n\t\t<div class=\"card--title-offer-selling\">\n\t\t\t<div class=\"card--title-offer\">\n\t\t\t\t<div class=\"shimmer shimmer-bar\"><\/div>\n\t\t\t\t<div class=\"shimmer shimmer-bar\"><\/div>\n\t\t\t<\/div>\n\t\t\t<div class=\"card--selling-points\">\n\t\t\t\t<div class=\"shimmer shimmer-bar shimmer-bar--short\"><\/div>\n\t\t\t\t<div class=\"shimmer shimmer-bar shimmer-bar--short\"><\/div>\n\t\t\t\t<div class=\"shimmer shimmer-bar shimmer-bar--short\"><\/div>\n\t\t\t<\/div>\n\t\t<\/div>\n\n\t\t<div class=\"card--apply\">\n\t\t\t<div class=\"apply-btn\">\n\t\t\t\t<div class=\"shimmer shimmer-btn\"><\/div>\n\t\t\t<\/div>\n\t\t<\/div>\n\n\t<\/div>\n<\/div>\t\t<\/div>\n\n\t\t<\/aside>\n<aside class=\"component component__deferred_contents wp-block-milesgutenberg-deferred-contents\">\n\t\t\t\t\t\t\t<h2 id=\"ihg_one_rewards_premier_business_credit_card\">IHG&reg; One Rewards Premier Business Credit Card<\/h2>\n\t\t\t\t<p><strong>D\u00e9bloquez des avantages de voyage premium avec la carte de cr\u00e9dit IHG One Rewards Premier Business<\/strong><\/p>\n<p>Offre de bienvenue&nbsp;: Gagnez <strong>jusqu&rsquo;\u00e0 200&nbsp;000 points bonus<\/strong> avec la Carte de cr\u00e9dit IHG<sup>&reg;<\/sup> One Rewards Premier Business apr\u00e8s avoir satisfait aux exigences de d\u00e9penses.<\/p>\n<p>La carte de cr\u00e9dit IHG One Rewards Premier Business offre une valeur exceptionnelle pour les propri\u00e9taires d&rsquo;entreprise. Cette carte vaut la peine d&rsquo;\u00eatre obtenue principalement pour son <strong>certificat de nuit gratuite anniversaire<\/strong>, qui peut facilement d\u00e9passer la valeur des frais annuels. De plus, avec la carte IHG One Rewards Premier Business, vous b\u00e9n\u00e9ficierez de&nbsp;:  <\/p>\n<ul>\n<li><strong>Statut IHG Platinum Elite automatique<\/strong><\/li>\n<li><strong>Quatri\u00e8me nuit gratuite<\/strong> sur les r\u00e9servations en points<\/li>\n<li><strong>Cr\u00e9dit Global Entry\/TSA PreCheck<sup>&reg;<\/sup>\/NEXUS<\/strong> jusqu&rsquo;\u00e0 120&nbsp;$ tous les 4 ans<\/li>\n<\/ul>\n<p>Les titulaires de la carte IHG One Rewards Premier Business gagnent <strong>jusqu&rsquo;\u00e0 26 points au total par dollar<\/strong> dans les \u00e9tablissements IHG, <strong>5 points par dollar<\/strong> sur les voyages, les stations-service, certaines publicit\u00e9s et les restaurants, et <strong>3 points par dollar<\/strong> sur tous les autres achats. Vos points peuvent \u00eatre \u00e9chang\u00e9s dans les h\u00f4tels InterContinental<sup>&reg;<\/sup>, Crowne Plaza<sup>&reg;<\/sup>, Kimpton<sup>&reg;<\/sup>, EVEN<sup>&reg;<\/sup> Hotels, Indigo<sup>&reg;<\/sup> Hotels et Holiday Inn<sup>&reg;<\/sup>. <\/p>\n<p>Avec le <strong>bonus de bienvenue \u00e9lev\u00e9<\/strong> actuel et les avantages permanents exceptionnels, la carte de cr\u00e9dit IHG One Rewards Premier Business est un excellent ajout \u00e0 votre strat\u00e9gie de d\u00e9penses d&rsquo;entreprise.<\/p>\n<p><strong>Faites votre demande maintenant<\/strong> pour profiter de cette offre \u00e0 dur\u00e9e limit\u00e9e&nbsp;!<\/p>\n\t\t\t\t<div\n\t\t\t\tdata-template='m-h'\n\t\t\t\tdata-post_type='card'\n\t\t\t\tdata-per_page='4'\n\t\t\t\tclass='deferred_container--preload container_card container_template--m-h container_count--1'\n\n\t\t\t\t\t\t\t\t\tdata-tag=\"card_id\"\n\t\t\t\t\t\t\tdata-post_ids=\"8370\"\n\t\t\t\t\t\t\tdata-utm=\"wpb\"\n\t\t\t\t\t\t\t>\n\t\t<div class=\"card\">\n\t<div class=\"card--grid\">\n\n\t\t<div class=\"card--img-outer\">\n\t\t\t<div class=\"card--img\">\n\t\t\t\t<div class=\"shimmer shimmer-card\"><\/div>\n\t\t\t<\/div>\n\t\t<\/div>\n\n\t\t<div class=\"card--title-offer-selling\">\n\t\t\t<div class=\"card--title-offer\">\n\t\t\t\t<div class=\"shimmer shimmer-bar\"><\/div>\n\t\t\t\t<div class=\"shimmer shimmer-bar\"><\/div>\n\t\t\t<\/div>\n\t\t\t<div class=\"card--selling-points\">\n\t\t\t\t<div class=\"shimmer shimmer-bar shimmer-bar--short\"><\/div>\n\t\t\t\t<div class=\"shimmer shimmer-bar shimmer-bar--short\"><\/div>\n\t\t\t\t<div class=\"shimmer shimmer-bar shimmer-bar--short\"><\/div>\n\t\t\t<\/div>\n\t\t<\/div>\n\n\t\t<div class=\"card--apply\">\n\t\t\t<div class=\"apply-btn\">\n\t\t\t\t<div class=\"shimmer shimmer-btn\"><\/div>\n\t\t\t<\/div>\n\t\t<\/div>\n\n\t<\/div>\n<\/div>\t\t<\/div>\n\n\t\t<\/aside>","protected":false},"excerpt":{"rendered":"<p>Voici les meilleures offres de cartes de cr\u00e9dit IHG One Rewards&nbsp;:<\/p>","protected":false},"author":2,"featured_media":0,"parent":5313,"menu_order":0,"comment_status":"closed","ping_status":"closed","template":"","meta":{"_acf_changed":false,"_relevanssi_hide_post":"","_relevanssi_hide_content":"","_relevanssi_pin_for_all":"","_relevanssi_pin_keywords":"","_relevanssi_unpin_keywords":"","_relevanssi_related_keywords":"","_relevanssi_related_include_ids":"","_relevanssi_related_exclude_ids":"","_relevanssi_related_no_append":"","_relevanssi_related_not_related":"","_relevanssi_related_posts":"","_relevanssi_noindex_reason":"","footnotes":""},"tags":[],"mc_loyalty_program":[381],"class_list":["post-5820","page","type-page","status-publish","hentry","mc_loyalty_program-ihg-rewards-fr"],"acf":[],"yoast_head":"<!-- This site is optimized with the Yoast SEO plugin v27.4 - https:\/\/yoast.com\/product\/yoast-seo-wordpress\/ -->\n<title>Meilleures cartes IHG One Rewards | Milesopedia USA<\/title>\n<meta name=\"description\" content=\"D\u00e9couvrez les meilleures cartes de cr\u00e9dit IHG One Rewards offrant des points pr\u00e9cieux, des avantages de statut \u00e9lite et des certificats de nuit gratuite pour les h\u00f4tels IHG dans le monde entier.\" \/>\n<meta name=\"robots\" content=\"index, follow, max-snippet:-1, max-image-preview:large, max-video-preview:-1\" \/>\n<link rel=\"canonical\" href=\"https:\/\/milesopedia.us\/fr\/meilleures-cartes-credit\/ihg-one-rewards-2\/\" \/>\n<meta property=\"og:locale\" content=\"fr_FR\" \/>\n<meta property=\"og:type\" content=\"article\" \/>\n<meta property=\"og:title\" content=\"Meilleures cartes IHG One Rewards | Milesopedia USA\" \/>\n<meta property=\"og:description\" content=\"D\u00e9couvrez les meilleures cartes de cr\u00e9dit IHG One Rewards offrant des points pr\u00e9cieux, des avantages de statut \u00e9lite et des certificats de nuit gratuite pour les h\u00f4tels IHG dans le monde entier.\" \/>\n<meta property=\"og:url\" content=\"https:\/\/milesopedia.us\/fr\/meilleures-cartes-credit\/ihg-one-rewards-2\/\" \/>\n<meta property=\"og:site_name\" content=\"Milesopedia USA\" \/>\n<meta property=\"article:publisher\" content=\"https:\/\/www.facebook.com\/milesopedia.usa\" \/>\n<meta property=\"article:modified_time\" content=\"2025-10-01T09:19:37+00:00\" \/>\n<meta property=\"og:image\" content=\"https:\/\/milesopedia.us\/wp-content\/uploads\/2025\/07\/Meilleures-offres-cartes_1024x538.jpg\" \/>\n\t<meta property=\"og:image:width\" content=\"1024\" \/>\n\t<meta property=\"og:image:height\" content=\"538\" \/>\n\t<meta property=\"og:image:type\" content=\"image\/jpeg\" \/>\n<meta name=\"twitter:card\" content=\"summary_large_image\" \/>\n<script type=\"application\/ld+json\" class=\"yoast-schema-graph\">{\"@context\":\"https:\\\/\\\/schema.org\",\"@graph\":[{\"@type\":\"WebPage\",\"@id\":\"https:\\\/\\\/milesopedia.us\\\/fr\\\/meilleures-cartes-credit\\\/ihg-one-rewards-2\\\/\",\"url\":\"https:\\\/\\\/milesopedia.us\\\/fr\\\/meilleures-cartes-credit\\\/ihg-one-rewards-2\\\/\",\"name\":\"Meilleures cartes IHG One Rewards | Milesopedia USA\",\"isPartOf\":{\"@id\":\"https:\\\/\\\/milesopedia.us\\\/fr\\\/#website\"},\"datePublished\":\"2025-09-06T08:24:26+00:00\",\"dateModified\":\"2025-10-01T09:19:37+00:00\",\"description\":\"D\u00e9couvrez les meilleures cartes de cr\u00e9dit IHG One Rewards offrant des points pr\u00e9cieux, des avantages de statut \u00e9lite et des certificats de nuit gratuite pour les h\u00f4tels IHG dans le monde entier.\",\"inLanguage\":\"fr-FR\",\"potentialAction\":[{\"@type\":\"ReadAction\",\"target\":[\"https:\\\/\\\/milesopedia.us\\\/fr\\\/meilleures-cartes-credit\\\/ihg-one-rewards-2\\\/\"]}]},{\"@type\":\"WebSite\",\"@id\":\"https:\\\/\\\/milesopedia.us\\\/fr\\\/#website\",\"url\":\"https:\\\/\\\/milesopedia.us\\\/fr\\\/\",\"name\":\"Milesopedia USA\",\"description\":\"Loyalty Programs &amp; Credit Cards\",\"publisher\":{\"@id\":\"https:\\\/\\\/milesopedia.us\\\/fr\\\/#organization\"},\"potentialAction\":[{\"@type\":\"SearchAction\",\"target\":{\"@type\":\"EntryPoint\",\"urlTemplate\":\"https:\\\/\\\/milesopedia.us\\\/fr\\\/?s={search_term_string}\"},\"query-input\":{\"@type\":\"PropertyValueSpecification\",\"valueRequired\":true,\"valueName\":\"search_term_string\"}}],\"inLanguage\":\"fr-FR\"},{\"@type\":\"Organization\",\"@id\":\"https:\\\/\\\/milesopedia.us\\\/fr\\\/#organization\",\"name\":\"Milesopedia \u00c9tats-Unis\",\"url\":\"https:\\\/\\\/milesopedia.us\\\/fr\\\/\",\"logo\":{\"@type\":\"ImageObject\",\"inLanguage\":\"fr-FR\",\"@id\":\"https:\\\/\\\/milesopedia.us\\\/fr\\\/#\\\/schema\\\/logo\\\/image\\\/\",\"url\":\"https:\\\/\\\/milesopedia.us\\\/wp-content\\\/uploads\\\/2025\\\/01\\\/Milesopedia-USA.png\",\"contentUrl\":\"https:\\\/\\\/milesopedia.us\\\/wp-content\\\/uploads\\\/2025\\\/01\\\/Milesopedia-USA.png\",\"width\":1024,\"height\":234,\"caption\":\"Milesopedia \u00c9tats-Unis\"},\"image\":{\"@id\":\"https:\\\/\\\/milesopedia.us\\\/fr\\\/#\\\/schema\\\/logo\\\/image\\\/\"},\"sameAs\":[\"https:\\\/\\\/www.facebook.com\\\/milesopedia.usa\",\"https:\\\/\\\/www.instagram.com\\\/milesopedia.usa\"]}]}<\/script>\n<!-- \/ Yoast SEO plugin. -->","yoast_head_json":{"title":"Meilleures cartes IHG One Rewards | Milesopedia USA","description":"D\u00e9couvrez les meilleures cartes de cr\u00e9dit IHG One Rewards offrant des points pr\u00e9cieux, des avantages de statut \u00e9lite et des certificats de nuit gratuite pour les h\u00f4tels IHG dans le monde entier.","robots":{"index":"index","follow":"follow","max-snippet":"max-snippet:-1","max-image-preview":"max-image-preview:large","max-video-preview":"max-video-preview:-1"},"canonical":"https:\/\/milesopedia.us\/fr\/meilleures-cartes-credit\/ihg-one-rewards-2\/","og_locale":"fr_FR","og_type":"article","og_title":"Meilleures cartes IHG One Rewards | Milesopedia USA","og_description":"D\u00e9couvrez les meilleures cartes de cr\u00e9dit IHG One Rewards offrant des points pr\u00e9cieux, des avantages de statut \u00e9lite et des certificats de nuit gratuite pour les h\u00f4tels IHG dans le monde entier.","og_url":"https:\/\/milesopedia.us\/fr\/meilleures-cartes-credit\/ihg-one-rewards-2\/","og_site_name":"Milesopedia USA","article_publisher":"https:\/\/www.facebook.com\/milesopedia.usa","article_modified_time":"2025-10-01T09:19:37+00:00","og_image":[{"width":1024,"height":538,"url":"https:\/\/milesopedia.us\/wp-content\/uploads\/2025\/07\/Meilleures-offres-cartes_1024x538.jpg","type":"image\/jpeg"}],"twitter_card":"summary_large_image","schema":{"@context":"https:\/\/schema.org","@graph":[{"@type":"WebPage","@id":"https:\/\/milesopedia.us\/fr\/meilleures-cartes-credit\/ihg-one-rewards-2\/","url":"https:\/\/milesopedia.us\/fr\/meilleures-cartes-credit\/ihg-one-rewards-2\/","name":"Meilleures cartes IHG One Rewards | Milesopedia USA","isPartOf":{"@id":"https:\/\/milesopedia.us\/fr\/#website"},"datePublished":"2025-09-06T08:24:26+00:00","dateModified":"2025-10-01T09:19:37+00:00","description":"D\u00e9couvrez les meilleures cartes de cr\u00e9dit IHG One Rewards offrant des points pr\u00e9cieux, des avantages de statut \u00e9lite et des certificats de nuit gratuite pour les h\u00f4tels IHG dans le monde entier.","inLanguage":"fr-FR","potentialAction":[{"@type":"ReadAction","target":["https:\/\/milesopedia.us\/fr\/meilleures-cartes-credit\/ihg-one-rewards-2\/"]}]},{"@type":"WebSite","@id":"https:\/\/milesopedia.us\/fr\/#website","url":"https:\/\/milesopedia.us\/fr\/","name":"Milesopedia USA","description":"Loyalty Programs &amp; Credit Cards","publisher":{"@id":"https:\/\/milesopedia.us\/fr\/#organization"},"potentialAction":[{"@type":"SearchAction","target":{"@type":"EntryPoint","urlTemplate":"https:\/\/milesopedia.us\/fr\/?s={search_term_string}"},"query-input":{"@type":"PropertyValueSpecification","valueRequired":true,"valueName":"search_term_string"}}],"inLanguage":"fr-FR"},{"@type":"Organization","@id":"https:\/\/milesopedia.us\/fr\/#organization","name":"Milesopedia \u00c9tats-Unis","url":"https:\/\/milesopedia.us\/fr\/","logo":{"@type":"ImageObject","inLanguage":"fr-FR","@id":"https:\/\/milesopedia.us\/fr\/#\/schema\/logo\/image\/","url":"https:\/\/milesopedia.us\/wp-content\/uploads\/2025\/01\/Milesopedia-USA.png","contentUrl":"https:\/\/milesopedia.us\/wp-content\/uploads\/2025\/01\/Milesopedia-USA.png","width":1024,"height":234,"caption":"Milesopedia \u00c9tats-Unis"},"image":{"@id":"https:\/\/milesopedia.us\/fr\/#\/schema\/logo\/image\/"},"sameAs":["https:\/\/www.facebook.com\/milesopedia.usa","https:\/\/www.instagram.com\/milesopedia.usa"]}]}},"_links":{"self":[{"href":"https:\/\/milesopedia.us\/fr\/wp-json\/wp\/v2\/pages\/5820","targetHints":{"allow":["GET"]}}],"collection":[{"href":"https:\/\/milesopedia.us\/fr\/wp-json\/wp\/v2\/pages"}],"about":[{"href":"https:\/\/milesopedia.us\/fr\/wp-json\/wp\/v2\/types\/page"}],"author":[{"embeddable":true,"href":"https:\/\/milesopedia.us\/fr\/wp-json\/wp\/v2\/users\/2"}],"replies":[{"embeddable":true,"href":"https:\/\/milesopedia.us\/fr\/wp-json\/wp\/v2\/comments?post=5820"}],"version-history":[{"count":4,"href":"https:\/\/milesopedia.us\/fr\/wp-json\/wp\/v2\/pages\/5820\/revisions"}],"predecessor-version":[{"id":7466,"href":"https:\/\/milesopedia.us\/fr\/wp-json\/wp\/v2\/pages\/5820\/revisions\/7466"}],"up":[{"embeddable":true,"href":"https:\/\/milesopedia.us\/fr\/wp-json\/wp\/v2\/pages\/5313"}],"wp:attachment":[{"href":"https:\/\/milesopedia.us\/fr\/wp-json\/wp\/v2\/media?parent=5820"}],"wp:term":[{"taxonomy":"post_tag","embeddable":true,"href":"https:\/\/milesopedia.us\/fr\/wp-json\/wp\/v2\/tags?post=5820"},{"taxonomy":"mc_loyalty_program","embeddable":true,"href":"https:\/\/milesopedia.us\/fr\/wp-json\/wp\/v2\/mc_loyalty_program?post=5820"}],"curies":[{"name":"wp","href":"https:\/\/api.w.org\/{rel}","templated":true}]}}